{"id":79327,"date":"2023-05-24T17:56:15","date_gmt":"2023-05-24T17:56:15","guid":{"rendered":"https:\/\/skinstudio.ee\/?post_type=product&#038;p=79327"},"modified":"2026-02-13T15:27:56","modified_gmt":"2026-02-13T15:27:56","slug":"hydrating-toner","status":"publish","type":"product","link":"https:\/\/skinstudio.ee\/lv\/catalog\/pca-skin-lv\/hydrating-toner\/","title":{"rendered":"Hydrating Toner"},"content":{"rendered":"<p data-start=\"3500\" data-end=\"3775\"><strong data-start=\"3500\" data-end=\"3531\">Hydrating Toner no PCA SKIN<\/strong> ir mitrino\u0161s toniks, kas pies\u0101tina \u0101du ar mitrumu, mazina sausumu un lob\u012b\u0161anos un pal\u012bdz atjaunot \u0101das komfortu p\u0113c att\u012br\u012b\u0161anas. Formula pal\u012bdz uztur\u0113t optim\u0101lu mitruma l\u012bmeni un uzlabo kop\u0113jo \u0101das st\u0101vokli, padarot to svaig\u0101ku un starojo\u0161\u0101ku.<\/p>\n<p data-start=\"3777\" data-end=\"4067\">Produkts pal\u012bdz samazin\u0101t niezi un aps\u0101rtumu, veicina \u0101das atjauno\u0161anos un uztur l\u012bdzsvaru. Regul\u0101ri lietojot, \u0101da k\u013c\u016bst glud\u0101ka, samazin\u0101s dehidrat\u0101cijas paz\u012bmes, ret\u0101k par\u0101d\u0101s izsitumi un grumbas. Augu ekstraktu komplekss nodro\u0161ina antioksidantu aizsardz\u012bbu un uzlabo mitruma saglab\u0101\u0161anu.<\/p>\n<p data-start=\"4069\" data-end=\"4123\">Formula piem\u0113rota norm\u0101lai, sausai un kombin\u0113tai \u0101dai.<\/p>\n<p data-start=\"4125\" data-end=\"4157\"><strong data-start=\"4125\" data-end=\"4157\">Akt\u012bvo sast\u0101vda\u013cu iedarb\u012bba:<\/strong><\/p>\n<ul data-start=\"4159\" data-end=\"4452\">\n<li data-start=\"4159\" data-end=\"4275\">\n<p data-start=\"4161\" data-end=\"4275\"><strong data-start=\"4161\" data-end=\"4208\">Watermelon, Apple &amp; Lentil Extract Complex:<\/strong> aizsarg\u0101 pret br\u012bvajiem radik\u0101\u013ciem un uzlabo mitruma saglab\u0101\u0161anu<\/p>\n<\/li>\n<li data-start=\"4276\" data-end=\"4361\">\n<p data-start=\"4278\" data-end=\"4361\"><strong data-start=\"4278\" data-end=\"4303\">Evening Primrose Oil:<\/strong> mitrina un nomierina kairin\u0101jumu, neaizsprostojot poras<\/p>\n<\/li>\n<li data-start=\"4362\" data-end=\"4452\">\n<p data-start=\"4364\" data-end=\"4452\"><strong data-start=\"4364\" data-end=\"4389\">Jania Rubens Extract:<\/strong> nodro\u0161ina intens\u012bvu mitrin\u0101\u0161anu un antioksidantu aizsardz\u012bbu<\/p>\n<\/li>\n<\/ul>\n<p data-start=\"4454\" data-end=\"4572\">Kam piem\u0113rots Hydrating Toner: norm\u0101lai, sausai un kombin\u0113tai \u0101dai ar sausumu, lob\u012b\u0161anos, dehidrat\u0101ciju un bl\u0101vu toni.<\/p>\n<p data-start=\"4574\" data-end=\"4603\"><strong data-start=\"4574\" data-end=\"4586\">Tilpums:<\/strong> 29,6 ml \/ 206 ml<\/p>\n","protected":false},"excerpt":{"rendered":"<p data-start=\"4836\" data-end=\"4852\">Mitrino\u0161s toniks<\/p>\n<h2 data-start=\"4854\" data-end=\"4893\"><strong data-start=\"4854\" data-end=\"4893\">\u012apa\u0161\u012bbas PCA SKIN &#8211; Hydrating Toner<\/strong><\/h2>\n<p data-start=\"4895\" data-end=\"5074\">\u2714\ufe0f Intens\u012bvi mitrina \u0101du<br data-start=\"4919\" data-end=\"4922\" \/>\u2714\ufe0f Mazina aps\u0101rtumu, sausumu un lob\u012b\u0161anos<br data-start=\"4963\" data-end=\"4966\" \/>\u2714\ufe0f Samazina niezi un diskomfortu<br data-start=\"4998\" data-end=\"5001\" \/>\u2714\ufe0f Pie\u0161\u0137ir svaigumu un mirdzumu<br data-start=\"5032\" data-end=\"5035\" \/>\u2714\ufe0f Uztur gludu un vesel\u012bgu \u0101das izskatu<\/p>\n","protected":false},"featured_media":64283,"template":"","meta":[],"pwb-brand":[1249],"product_brand":[],"product_cat":[745,737,739,721,753],"product_tag":[],"giftcard-category":[],"class_list":{"0":"post-79327","1":"product","2":"type-product","3":"status-publish","4":"has-post-thumbnail","6":"pwb-brand-pca-skin-lv","7":"product_cat-jutigai-adai","8":"product_cat-mitrinasana","9":"product_cat-sausai-adai","10":"product_cat-toniki-lv","11":"product_cat-travel-size-lv","12":"pa_suurus-206ml-lv","13":"pa_suurus-29-6ml-lv","15":"first","16":"instock","17":"taxable","18":"shipping-taxable","19":"purchasable","20":"product-type-variable"},"acf":[],"brands":[{"id":1249,"name":"PCA Skin","slug":"pca-skin-lv"}],"_links":{"self":[{"href":"https:\/\/skinstudio.ee\/lv\/wp-json\/wp\/v2\/product\/79327","targetHints":{"allow":["GET"]}}],"collection":[{"href":"https:\/\/skinstudio.ee\/lv\/wp-json\/wp\/v2\/product"}],"about":[{"href":"https:\/\/skinstudio.ee\/lv\/wp-json\/wp\/v2\/types\/product"}],"version-history":[{"count":1,"href":"https:\/\/skinstudio.ee\/lv\/wp-json\/wp\/v2\/product\/79327\/revisions"}],"predecessor-version":[{"id":79328,"href":"https:\/\/skinstudio.ee\/lv\/wp-json\/wp\/v2\/product\/79327\/revisions\/79328"}],"wp:featuredmedia":[{"embeddable":true,"href":"https:\/\/skinstudio.ee\/lv\/wp-json\/wp\/v2\/media\/64283"}],"wp:attachment":[{"href":"https:\/\/skinstudio.ee\/lv\/wp-json\/wp\/v2\/media?parent=79327"}],"wp:term":[{"taxonomy":"pwb-brand","embeddable":true,"href":"https:\/\/skinstudio.ee\/lv\/wp-json\/wp\/v2\/pwb-brand?post=79327"},{"taxonomy":"product_brand","embeddable":true,"href":"https:\/\/skinstudio.ee\/lv\/wp-json\/wp\/v2\/product_brand?post=79327"},{"taxonomy":"product_cat","embeddable":true,"href":"https:\/\/skinstudio.ee\/lv\/wp-json\/wp\/v2\/product_cat?post=79327"},{"taxonomy":"product_tag","embeddable":true,"href":"https:\/\/skinstudio.ee\/lv\/wp-json\/wp\/v2\/product_tag?post=79327"},{"taxonomy":"giftcard-category","embeddable":true,"href":"https:\/\/skinstudio.ee\/lv\/wp-json\/wp\/v2\/giftcard-category?post=79327"}],"curies":[{"name":"wp","href":"https:\/\/api.w.org\/{rel}","templated":true}]}}