{"id":79334,"date":"2023-05-24T17:56:15","date_gmt":"2023-05-24T17:56:15","guid":{"rendered":"https:\/\/skinstudio.ee\/?post_type=product&#038;p=79334"},"modified":"2026-03-16T14:37:57","modified_gmt":"2026-03-16T14:37:57","slug":"total-strength-serum","status":"publish","type":"product","link":"https:\/\/skinstudio.ee\/lv\/catalog\/pca-skin-lv\/total-strength-serum\/","title":{"rendered":"Total Strength Serum"},"content":{"rendered":"<p data-start=\"3169\" data-end=\"3451\"><strong data-start=\"3169\" data-end=\"3205\">Total Strength Serum no PCA SKIN<\/strong> &#8211; pretnoveco\u0161an\u0101s serums, kura darb\u012bba ir v\u0113rsta uz eso\u0161o noveco\u0161an\u0101s paz\u012bmju samazin\u0101\u0161anu un jaunu veido\u0161an\u0101s nov\u0113r\u0161anu. Formula izgaismo pigment\u0101ciju, uzlabo sejas kont\u016bras un samazina grumbu intensit\u0101ti, nodro\u0161inot kompleksu \u0101das atjauno\u0161anu.<\/p>\n<p data-start=\"3453\" data-end=\"3710\">Serums balst\u012bts uz atjaunin\u0101tu formulu ar jaun\u0101s paaudzes pept\u012bdu un epiderm\u0101l\u0101 aug\u0161anas faktora kombin\u0101ciju, kas stiprina \u0101das strukt\u016bru un palielina t\u0101s bl\u012bvumu. Produkts uzlabo \u0101das kvalit\u0101ti, atbalsta tvirtumu un padara tekst\u016bru glud\u0101ku un vienm\u0113r\u012bg\u0101ku.<\/p>\n<p data-start=\"3712\" data-end=\"3750\"><strong data-start=\"3712\" data-end=\"3750\">Galveno akt\u012bvo komponentu darb\u012bba:<\/strong><\/p>\n<ul data-start=\"3752\" data-end=\"4029\">\n<li data-start=\"3752\" data-end=\"3881\">\n<p data-start=\"3754\" data-end=\"3881\"><strong data-start=\"3754\" data-end=\"3782\">Palmitoyl Tripeptide-38:<\/strong> stimul\u0113 galveno \u0101das matriksa komponentu sint\u0113zi, palielina bl\u012bvumu un samazina grumbu redzam\u012bbu<\/p>\n<\/li>\n<li data-start=\"3882\" data-end=\"3965\">\n<p data-start=\"3884\" data-end=\"3965\"><strong data-start=\"3884\" data-end=\"3912\">Epidermal Growth Factor:<\/strong> veicina \u0101das atjauno\u0161an\u0101s procesus un re\u0123ener\u0101ciju<\/p>\n<\/li>\n<li data-start=\"3966\" data-end=\"4029\">\n<p data-start=\"3968\" data-end=\"4029\"><strong data-start=\"3968\" data-end=\"3986\">Hialuronsk\u0101be:<\/strong> intens\u012bvi mitrina un uztur \u0101das elast\u012bbu<\/p>\n<\/li>\n<\/ul>\n<p data-start=\"4031\" data-end=\"4189\">Kam piem\u0113rots Total Strength Serum: sieviet\u0113m un v\u012brie\u0161iem ar jebkuru \u0101das tipu pie noveco\u0161an\u0101s paz\u012bm\u0113m, elast\u012bbas zuduma, nevienm\u0113r\u012bgas tekst\u016bras un grumb\u0101m.<\/p>\n<p data-start=\"4191\" data-end=\"4209\"><strong data-start=\"4191\" data-end=\"4203\">Tilpums:<\/strong> 5 ml \/ 30 ml<\/p>\n","protected":false},"excerpt":{"rendered":"<p data-start=\"4400\" data-end=\"4459\">Grumbu samazino\u0161s serums ar pept\u012bdiem un aug\u0161anas faktoriem<\/p>\n<h2 data-start=\"4461\" data-end=\"4505\"><strong data-start=\"4461\" data-end=\"4505\">\u012apa\u0161\u012bbas PCA SKIN &#8211; Total Strength Serum<\/strong><\/h2>\n<p data-start=\"4507\" data-end=\"4694\">\u2714\ufe0f Izgaismo pigment\u0101ciju un izl\u012bdzina \u0101das toni<br data-start=\"4554\" data-end=\"4557\" \/>\u2714\ufe0f Palielina \u0101das bl\u012bvumu un tvirtumu<br data-start=\"4594\" data-end=\"4597\" \/>\u2714\ufe0f Izl\u012bdzina izteiktas grumbas<br data-start=\"4627\" data-end=\"4630\" \/>\u2714\ufe0f Uzlabo sejas kont\u016bras<br data-start=\"4654\" data-end=\"4657\" \/>\u2714\ufe0f Atjauno un stiprina \u0101das strukt\u016bru<\/p>\n","protected":false},"featured_media":79335,"template":"","meta":[],"pwb-brand":[1249],"product_brand":[],"product_cat":[741,737,749,743,751,739,723,747,753],"product_tag":[],"giftcard-category":[],"class_list":{"0":"post-79334","1":"product","2":"type-product","3":"status-publish","4":"has-post-thumbnail","6":"pwb-brand-pca-skin-lv","7":"product_cat-izsitumi","8":"product_cat-mitrinasana","9":"product_cat-novecojosa-ada","10":"product_cat-paplasinatas-poras","11":"product_cat-pigmentacija-lv","12":"product_cat-sausai-adai","13":"product_cat-serumi","14":"product_cat-taukainai-adai","15":"product_cat-travel-size-lv","16":"pa_suurus-30ml-lv","17":"pa_suurus-5ml-lv","19":"first","20":"instock","21":"taxable","22":"shipping-taxable","23":"purchasable","24":"product-type-variable"},"acf":[],"brands":[{"id":1249,"name":"PCA Skin","slug":"pca-skin-lv"}],"_links":{"self":[{"href":"https:\/\/skinstudio.ee\/lv\/wp-json\/wp\/v2\/product\/79334","targetHints":{"allow":["GET"]}}],"collection":[{"href":"https:\/\/skinstudio.ee\/lv\/wp-json\/wp\/v2\/product"}],"about":[{"href":"https:\/\/skinstudio.ee\/lv\/wp-json\/wp\/v2\/types\/product"}],"version-history":[{"count":3,"href":"https:\/\/skinstudio.ee\/lv\/wp-json\/wp\/v2\/product\/79334\/revisions"}],"predecessor-version":[{"id":86281,"href":"https:\/\/skinstudio.ee\/lv\/wp-json\/wp\/v2\/product\/79334\/revisions\/86281"}],"wp:featuredmedia":[{"embeddable":true,"href":"https:\/\/skinstudio.ee\/lv\/wp-json\/wp\/v2\/media\/79335"}],"wp:attachment":[{"href":"https:\/\/skinstudio.ee\/lv\/wp-json\/wp\/v2\/media?parent=79334"}],"wp:term":[{"taxonomy":"pwb-brand","embeddable":true,"href":"https:\/\/skinstudio.ee\/lv\/wp-json\/wp\/v2\/pwb-brand?post=79334"},{"taxonomy":"product_brand","embeddable":true,"href":"https:\/\/skinstudio.ee\/lv\/wp-json\/wp\/v2\/product_brand?post=79334"},{"taxonomy":"product_cat","embeddable":true,"href":"https:\/\/skinstudio.ee\/lv\/wp-json\/wp\/v2\/product_cat?post=79334"},{"taxonomy":"product_tag","embeddable":true,"href":"https:\/\/skinstudio.ee\/lv\/wp-json\/wp\/v2\/product_tag?post=79334"},{"taxonomy":"giftcard-category","embeddable":true,"href":"https:\/\/skinstudio.ee\/lv\/wp-json\/wp\/v2\/giftcard-category?post=79334"}],"curies":[{"name":"wp","href":"https:\/\/api.w.org\/{rel}","templated":true}]}}