{"id":79346,"date":"2023-05-24T17:56:15","date_gmt":"2023-05-24T17:56:15","guid":{"rendered":"https:\/\/skinstudio.ee\/?post_type=product&#038;p=79346"},"modified":"2026-02-13T15:28:01","modified_gmt":"2026-02-13T15:28:01","slug":"retinol-treatment-for-sensitive-skin","status":"publish","type":"product","link":"https:\/\/skinstudio.ee\/lv\/catalog\/pca-skin-lv\/retinol-treatment-for-sensitive-skin\/","title":{"rendered":"Retinol Treatment for Sensitive Skin"},"content":{"rendered":"<p data-start=\"3959\" data-end=\"4278\"><strong data-start=\"3959\" data-end=\"4011\">Retinol Treatment for Sensitive Skin no PCA SKIN<\/strong> &#8211; nakts retinola serums jut\u012bgai \u0101dai, kas stimul\u0113 dabisko \u0101das atjauno\u0161an\u0101s procesu, palielina kolag\u0113na sint\u0113zi un izl\u012bdzina \u0101das toni. Formula paredz\u0113ta noveco\u0161an\u0101s paz\u012bmju samazin\u0101\u0161anai, \u0101das tekst\u016bras uzlabo\u0161anai un iekaisuma reakciju mazin\u0101\u0161anai bez kairin\u0101juma.<\/p>\n<p data-start=\"4280\" data-end=\"4544\">Serums apvieno retinola akt\u012bvo iedarb\u012bbu ar nomierino\u0161iem komponentiem, nodro\u0161inot pretnoveco\u0161an\u0101s efektu bez izteikta diskomforta. Produkts veicina \u0101das atjauno\u0161anos, palielina \u0101das bl\u012bvumu un samazina to\u0146a nevienm\u0113r\u012bbu, saglab\u0101jot glud\u0101ku un vesel\u012bg\u0101ku tekst\u016bru.<\/p>\n<p data-start=\"4546\" data-end=\"4584\"><strong data-start=\"4546\" data-end=\"4584\">Galveno akt\u012bvo komponentu darb\u012bba:<\/strong><\/p>\n<ul data-start=\"4586\" data-end=\"4871\">\n<li data-start=\"4586\" data-end=\"4695\">\n<p data-start=\"4588\" data-end=\"4695\"><strong data-start=\"4588\" data-end=\"4613\">Retinol (A vitam\u012bns):<\/strong> stimul\u0113 \u0161\u016bnu atjauno\u0161anos, palielina kolag\u0113na sint\u0113zi un mazina \u0101das nepiln\u012bbas<\/p>\n<\/li>\n<li data-start=\"4696\" data-end=\"4771\">\n<p data-start=\"4698\" data-end=\"4771\"><strong data-start=\"4698\" data-end=\"4718\">Hexylresorcinol:<\/strong> izl\u012bdzina \u0101das toni un samazina iekaisuma procesus<\/p>\n<\/li>\n<li data-start=\"4772\" data-end=\"4871\">\n<p data-start=\"4774\" data-end=\"4871\"><strong data-start=\"4774\" data-end=\"4790\">Niacinamide:<\/strong> stiprina \u0101das barjeru, mazina aps\u0101rtumu un nodro\u0161ina antioksidantu aizsardz\u012bbu<\/p>\n<\/li>\n<\/ul>\n<p data-start=\"4873\" data-end=\"5058\">Kam piem\u0113rots Retinol Treatment for Sensitive Skin: sieviet\u0113m un v\u012brie\u0161iem ar jebkuru \u0101das tipu pie noveco\u0161an\u0101s paz\u012bm\u0113m, nevienm\u0113r\u012bga to\u0146a, iekaisuma tendences un paaugstin\u0101tas jut\u012bbas.<\/p>\n<p data-start=\"5060\" data-end=\"5077\"><strong data-start=\"5060\" data-end=\"5072\">Tilpums:<\/strong> 30 g<\/p>\n","protected":false},"excerpt":{"rendered":"<p data-start=\"5482\" data-end=\"5524\">Atjaunojo\u0161s A vitam\u012bna serums jut\u012bgai \u0101dai<\/p>\n<h2 data-start=\"5526\" data-end=\"5586\"><strong data-start=\"5526\" data-end=\"5586\">\u012apa\u0161\u012bbas PCA SKIN &#8211; Retinol Treatment for Sensitive Skin<\/strong><\/h2>\n<p data-start=\"5588\" data-end=\"5823\">\u2714\ufe0f Stimul\u0113 \u0101das atjauno\u0161anos un pa\u0101trina \u0161\u016bnu atjauno\u0161anos<br data-start=\"5642\" data-end=\"5645\" \/>\u2714\ufe0f Palielina kolag\u0113na sint\u0113zi un \u0101das bl\u012bvumu<br data-start=\"5690\" data-end=\"5693\" \/>\u2714\ufe0f Izl\u012bdzina \u0101das toni un uzlabo tekst\u016bru<br data-start=\"5734\" data-end=\"5737\" \/>\u2714\ufe0f Mazina iekaisumu un aps\u0101rtumu<br data-start=\"5769\" data-end=\"5772\" \/>\u2714\ufe0f Nodro\u0161ina pretnoveco\u0161an\u0101s efektu bez kairin\u0101juma<\/p>\n","protected":false},"featured_media":64288,"template":"","meta":[],"pwb-brand":[1249],"product_brand":[],"product_cat":[727,741,745,751,723],"product_tag":[],"giftcard-category":[],"class_list":{"0":"post-79346","1":"product","2":"type-product","3":"status-publish","4":"has-post-thumbnail","6":"pwb-brand-pca-skin-lv","7":"product_cat-a-vitamins-retinols","8":"product_cat-izsitumi","9":"product_cat-jutigai-adai","10":"product_cat-pigmentacija-lv","11":"product_cat-serumi","13":"first","14":"instock","15":"taxable","16":"shipping-taxable","17":"purchasable","18":"product-type-simple"},"acf":[],"brands":[{"id":1249,"name":"PCA Skin","slug":"pca-skin-lv"}],"_links":{"self":[{"href":"https:\/\/skinstudio.ee\/lv\/wp-json\/wp\/v2\/product\/79346","targetHints":{"allow":["GET"]}}],"collection":[{"href":"https:\/\/skinstudio.ee\/lv\/wp-json\/wp\/v2\/product"}],"about":[{"href":"https:\/\/skinstudio.ee\/lv\/wp-json\/wp\/v2\/types\/product"}],"version-history":[{"count":1,"href":"https:\/\/skinstudio.ee\/lv\/wp-json\/wp\/v2\/product\/79346\/revisions"}],"predecessor-version":[{"id":79347,"href":"https:\/\/skinstudio.ee\/lv\/wp-json\/wp\/v2\/product\/79346\/revisions\/79347"}],"wp:featuredmedia":[{"embeddable":true,"href":"https:\/\/skinstudio.ee\/lv\/wp-json\/wp\/v2\/media\/64288"}],"wp:attachment":[{"href":"https:\/\/skinstudio.ee\/lv\/wp-json\/wp\/v2\/media?parent=79346"}],"wp:term":[{"taxonomy":"pwb-brand","embeddable":true,"href":"https:\/\/skinstudio.ee\/lv\/wp-json\/wp\/v2\/pwb-brand?post=79346"},{"taxonomy":"product_brand","embeddable":true,"href":"https:\/\/skinstudio.ee\/lv\/wp-json\/wp\/v2\/product_brand?post=79346"},{"taxonomy":"product_cat","embeddable":true,"href":"https:\/\/skinstudio.ee\/lv\/wp-json\/wp\/v2\/product_cat?post=79346"},{"taxonomy":"product_tag","embeddable":true,"href":"https:\/\/skinstudio.ee\/lv\/wp-json\/wp\/v2\/product_tag?post=79346"},{"taxonomy":"giftcard-category","embeddable":true,"href":"https:\/\/skinstudio.ee\/lv\/wp-json\/wp\/v2\/giftcard-category?post=79346"}],"curies":[{"name":"wp","href":"https:\/\/api.w.org\/{rel}","templated":true}]}}