{"id":79375,"date":"2023-05-24T17:56:15","date_gmt":"2023-05-24T17:56:15","guid":{"rendered":"https:\/\/skinstudio.ee\/?post_type=product&#038;p=79375"},"modified":"2026-02-13T15:28:00","modified_gmt":"2026-02-13T15:28:00","slug":"rejuvenating-serum","status":"publish","type":"product","link":"https:\/\/skinstudio.ee\/lv\/catalog\/pca-skin-lv\/rejuvenating-serum\/","title":{"rendered":"Rejuvenating Serum"},"content":{"rendered":"<p data-start=\"3905\" data-end=\"4245\"><strong data-start=\"3905\" data-end=\"3939\">Rejuvenating Serum no PCA SKIN<\/strong> &#8211; atjaunojo\u0161s serums, kura darb\u012bba ir v\u0113rsta uz oksidat\u012bv\u0101 stresa ietekmes mazin\u0101\u0161anu, kolag\u0113na un elast\u012bna \u0161\u0137iedru no\u0101rd\u012b\u0161an\u0101s nov\u0113r\u0161anu un jaunekl\u012bga, vesel\u012bga \u0101das st\u0101vok\u013ca uztur\u0113\u0161anu. Formula stiprina \u0101das aizsargfunkcijas, pal\u012bdz palielin\u0101t \u0101das bl\u012bvumu un nodro\u0161ina vienm\u0113r\u012bg\u0101ku un glud\u0101ku tekst\u016bru.<\/p>\n<p data-start=\"4247\" data-end=\"4489\">Serums apvieno antioksidantu aizsardz\u012bbu ar akt\u012bvu \u0101das atjauno\u0161anu, pal\u012bdzot samazin\u0101t m\u012bmikas l\u012bnijas un uzlabot \u0101das notur\u012bbu pret \u0101r\u0113jiem stresa faktoriem. Akt\u012bvo komponentu komplekss stiprina \u0101das strukt\u016bru un uzlabo t\u0101s kop\u0113jo st\u0101vokli.<\/p>\n<p data-start=\"4491\" data-end=\"4529\"><strong data-start=\"4491\" data-end=\"4529\">Galveno akt\u012bvo komponentu darb\u012bba:<\/strong><\/p>\n<ul data-start=\"4531\" data-end=\"4828\">\n<li data-start=\"4531\" data-end=\"4613\">\n<p data-start=\"4533\" data-end=\"4613\"><strong data-start=\"4533\" data-end=\"4567\">Epidermal Growth Factor (EGF):<\/strong> samazina m\u012bmikas l\u012bniju un grumbu redzam\u012bbu<\/p>\n<\/li>\n<li data-start=\"4614\" data-end=\"4765\">\n<p data-start=\"4616\" data-end=\"4765\"><strong data-start=\"4616\" data-end=\"4682\">Grapefruit Stem Cell Extract + Lilac Stem Cell Extract + EGCG:<\/strong> nodro\u0161ina sp\u0113c\u012bgu antioksidantu aizsardz\u012bbu un aizsarg\u0101 \u0101das \u0161\u016bnas no boj\u0101jumiem<\/p>\n<\/li>\n<li data-start=\"4766\" data-end=\"4828\">\n<p data-start=\"4768\" data-end=\"4828\"><strong data-start=\"4768\" data-end=\"4782\">Bisabolol:<\/strong> nomierina \u0101du un mazina iekaisuma reakcijas<\/p>\n<\/li>\n<\/ul>\n<p data-start=\"4830\" data-end=\"5050\">Kam piem\u0113rots Rejuvenating Serum: sieviet\u0113m un v\u012brie\u0161iem ar jebkuru \u0101das tipu un jebkur\u0101 vecum\u0101 profilaktiskai pretnoveco\u0161an\u0101s kop\u0161anai oksidat\u012bv\u0101 stresa, \u0101das bl\u012bvuma samazin\u0101\u0161an\u0101s un pirmo noveco\u0161an\u0101s paz\u012bmju gad\u012bjum\u0101.<\/p>\n<p data-start=\"5052\" data-end=\"5070\"><strong data-start=\"5052\" data-end=\"5064\">Tilpums:<\/strong> 30 ml<\/p>\n","protected":false},"excerpt":{"rendered":"<p data-start=\"5308\" data-end=\"5326\">Atjaunojo\u0161s serums<\/p>\n<h2 data-start=\"5328\" data-end=\"5370\"><strong data-start=\"5328\" data-end=\"5370\">\u012apa\u0161\u012bbas PCA SKIN &#8211; Rejuvenating Serum<\/strong><\/h2>\n<p data-start=\"5372\" data-end=\"5569\">\u2714\ufe0f Samazina oksidat\u012bv\u0101 stresa ietekmi<br data-start=\"5409\" data-end=\"5412\" \/>\u2714\ufe0f Aizsarg\u0101 kolag\u0113na un elast\u012bna \u0161\u0137iedras<br data-start=\"5453\" data-end=\"5456\" \/>\u2714\ufe0f Palielina \u0101das elast\u012bbu un bl\u012bvumu<br data-start=\"5493\" data-end=\"5496\" \/>\u2714\ufe0f Izl\u012bdzina m\u012bmikas l\u012bnijas<br data-start=\"5524\" data-end=\"5527\" \/>\u2714\ufe0f Stiprina \u0101das antioksidantu aizsardz\u012bbu<\/p>\n","protected":false},"featured_media":64293,"template":"","meta":[],"pwb-brand":[1249],"product_brand":[],"product_cat":[745,737,749,739,723,747],"product_tag":[],"giftcard-category":[],"class_list":{"0":"post-79375","1":"product","2":"type-product","3":"status-publish","4":"has-post-thumbnail","6":"pwb-brand-pca-skin-lv","7":"product_cat-jutigai-adai","8":"product_cat-mitrinasana","9":"product_cat-novecojosa-ada","10":"product_cat-sausai-adai","11":"product_cat-serumi","12":"product_cat-taukainai-adai","14":"first","15":"instock","16":"taxable","17":"shipping-taxable","18":"purchasable","19":"product-type-simple"},"acf":[],"brands":[{"id":1249,"name":"PCA Skin","slug":"pca-skin-lv"}],"_links":{"self":[{"href":"https:\/\/skinstudio.ee\/lv\/wp-json\/wp\/v2\/product\/79375","targetHints":{"allow":["GET"]}}],"collection":[{"href":"https:\/\/skinstudio.ee\/lv\/wp-json\/wp\/v2\/product"}],"about":[{"href":"https:\/\/skinstudio.ee\/lv\/wp-json\/wp\/v2\/types\/product"}],"version-history":[{"count":1,"href":"https:\/\/skinstudio.ee\/lv\/wp-json\/wp\/v2\/product\/79375\/revisions"}],"predecessor-version":[{"id":79376,"href":"https:\/\/skinstudio.ee\/lv\/wp-json\/wp\/v2\/product\/79375\/revisions\/79376"}],"wp:featuredmedia":[{"embeddable":true,"href":"https:\/\/skinstudio.ee\/lv\/wp-json\/wp\/v2\/media\/64293"}],"wp:attachment":[{"href":"https:\/\/skinstudio.ee\/lv\/wp-json\/wp\/v2\/media?parent=79375"}],"wp:term":[{"taxonomy":"pwb-brand","embeddable":true,"href":"https:\/\/skinstudio.ee\/lv\/wp-json\/wp\/v2\/pwb-brand?post=79375"},{"taxonomy":"product_brand","embeddable":true,"href":"https:\/\/skinstudio.ee\/lv\/wp-json\/wp\/v2\/product_brand?post=79375"},{"taxonomy":"product_cat","embeddable":true,"href":"https:\/\/skinstudio.ee\/lv\/wp-json\/wp\/v2\/product_cat?post=79375"},{"taxonomy":"product_tag","embeddable":true,"href":"https:\/\/skinstudio.ee\/lv\/wp-json\/wp\/v2\/product_tag?post=79375"},{"taxonomy":"giftcard-category","embeddable":true,"href":"https:\/\/skinstudio.ee\/lv\/wp-json\/wp\/v2\/giftcard-category?post=79375"}],"curies":[{"name":"wp","href":"https:\/\/api.w.org\/{rel}","templated":true}]}}