{"id":79384,"date":"2023-05-24T17:56:15","date_gmt":"2023-05-24T17:56:15","guid":{"rendered":"https:\/\/skinstudio.ee\/?post_type=product&#038;p=79384"},"modified":"2026-02-13T15:27:46","modified_gmt":"2026-02-13T15:27:46","slug":"acne-gel","status":"publish","type":"product","link":"https:\/\/skinstudio.ee\/lv\/catalog\/pca-skin-lv\/acne-gel\/","title":{"rendered":"Acne Gel"},"content":{"rendered":"<p data-start=\"1817\" data-end=\"2154\"><strong data-start=\"1817\" data-end=\"1841\">Acne Gel no PCA SKIN<\/strong> &#8211; gels problem\u0101tiskai \u0101dai, kas paredz\u0113ts izsitumu saus\u0113\u0161anai, pa\u0101trin\u0101tai dz\u012b\u0161anai, iekaisuma procesu mazin\u0101\u0161anai un \u0101das l\u012bdzsvara normaliz\u0113\u0161anai aknes gad\u012bjum\u0101. Formula apvieno keratol\u012btisku un pretiekaisuma darb\u012bbu, pal\u012bdz att\u012br\u012bt poras, samazin\u0101t iekaisuma intensit\u0101ti un nov\u0113rst jaunu nepiln\u012bbu veido\u0161anos.<\/p>\n<p data-start=\"2156\" data-end=\"2396\">Gels veicina maigu atmiru\u0161o \u0161\u016bnu nolob\u012b\u0161anu, uzlabo \u0101das tekst\u016bru un pal\u012bdz samazin\u0101t postaknes p\u0113du redzam\u012bbu. Regul\u0101ra lieto\u0161ana pa\u0101trina \u0101das atjauno\u0161anos, samazina lieko sebuma izdal\u012b\u0161anos un pal\u012bdz atg\u016bt kopt\u0101ku un t\u012br\u0101ku \u0101das izskatu.<\/p>\n<p data-start=\"2398\" data-end=\"2436\"><strong data-start=\"2398\" data-end=\"2436\">Galveno akt\u012bvo komponentu darb\u012bba:<\/strong><\/p>\n<ul data-start=\"2438\" data-end=\"2706\">\n<li data-start=\"2438\" data-end=\"2523\">\n<p data-start=\"2440\" data-end=\"2523\"><strong data-start=\"2440\" data-end=\"2464\">Salicylic Acid (2%):<\/strong> att\u012bra poras, noloba atmiru\u0161\u0101s \u0161\u016bnas un mazina iekaisumu<\/p>\n<\/li>\n<li data-start=\"2524\" data-end=\"2597\">\n<p data-start=\"2526\" data-end=\"2597\"><strong data-start=\"2526\" data-end=\"2543\">Azelaic Acid:<\/strong> izl\u012bdzina \u0101das toni un samazina postaknes redzam\u012bbu<\/p>\n<\/li>\n<li data-start=\"2598\" data-end=\"2706\">\n<p data-start=\"2600\" data-end=\"2706\"><strong data-start=\"2600\" data-end=\"2639\">Augu sebuma regul\u0113jo\u0161ais komplekss:<\/strong> samazina p\u0101rm\u0113r\u012bgu sebuma izdal\u012b\u0161anos un atbalsta \u0101das l\u012bdzsvaru<\/p>\n<\/li>\n<\/ul>\n<p data-start=\"2708\" data-end=\"2874\">Kam piem\u0113rots Acne Gel: taukainai un problem\u0101tiskai \u0101dai aknes, iekaisuma elementu, papla\u0161in\u0101tu poru un izsitumu tendences gad\u012bjum\u0101; piem\u0113rots sieviet\u0113m un v\u012brie\u0161iem.<\/p>\n<p data-start=\"2876\" data-end=\"2894\"><strong data-start=\"2876\" data-end=\"2888\">Tilpums:<\/strong> 30 ml<\/p>\n","protected":false},"excerpt":{"rendered":"<p data-start=\"3241\" data-end=\"3265\">Gels problem\u0101tiskai \u0101dai<\/p>\n<h2 data-start=\"3267\" data-end=\"3299\"><strong data-start=\"3267\" data-end=\"3299\">\u012apa\u0161\u012bbas PCA SKIN &#8211; Acne Gel<\/strong><\/h2>\n<p data-start=\"3301\" data-end=\"3501\">\u2714\ufe0f Intens\u012bvi att\u012bra poras un mazina iekaisumu<br data-start=\"3346\" data-end=\"3349\" \/>\u2714\ufe0f Noloba atmiru\u0161\u0101s \u0101das \u0161\u016bnas<br data-start=\"3379\" data-end=\"3382\" \/>\u2714\ufe0f Pa\u0101trina izsitumu dz\u012b\u0161anu<br data-start=\"3410\" data-end=\"3413\" \/>\u2714\ufe0f Samazina taukainu sp\u012bdumu un sebuma izdal\u012b\u0161anos<br data-start=\"3463\" data-end=\"3466\" \/>\u2714\ufe0f Pal\u012bdz samazin\u0101t postaknes p\u0113das<\/p>\n","protected":false},"featured_media":64298,"template":"","meta":[],"pwb-brand":[1249],"product_brand":[],"product_cat":[741,743,723,747],"product_tag":[],"giftcard-category":[],"class_list":{"0":"post-79384","1":"product","2":"type-product","3":"status-publish","4":"has-post-thumbnail","6":"pwb-brand-pca-skin-lv","7":"product_cat-izsitumi","8":"product_cat-paplasinatas-poras","9":"product_cat-serumi","10":"product_cat-taukainai-adai","12":"first","13":"instock","14":"taxable","15":"shipping-taxable","16":"purchasable","17":"product-type-simple"},"acf":[],"brands":[{"id":1249,"name":"PCA Skin","slug":"pca-skin-lv"}],"_links":{"self":[{"href":"https:\/\/skinstudio.ee\/lv\/wp-json\/wp\/v2\/product\/79384","targetHints":{"allow":["GET"]}}],"collection":[{"href":"https:\/\/skinstudio.ee\/lv\/wp-json\/wp\/v2\/product"}],"about":[{"href":"https:\/\/skinstudio.ee\/lv\/wp-json\/wp\/v2\/types\/product"}],"version-history":[{"count":1,"href":"https:\/\/skinstudio.ee\/lv\/wp-json\/wp\/v2\/product\/79384\/revisions"}],"predecessor-version":[{"id":79387,"href":"https:\/\/skinstudio.ee\/lv\/wp-json\/wp\/v2\/product\/79384\/revisions\/79387"}],"wp:featuredmedia":[{"embeddable":true,"href":"https:\/\/skinstudio.ee\/lv\/wp-json\/wp\/v2\/media\/64298"}],"wp:attachment":[{"href":"https:\/\/skinstudio.ee\/lv\/wp-json\/wp\/v2\/media?parent=79384"}],"wp:term":[{"taxonomy":"pwb-brand","embeddable":true,"href":"https:\/\/skinstudio.ee\/lv\/wp-json\/wp\/v2\/pwb-brand?post=79384"},{"taxonomy":"product_brand","embeddable":true,"href":"https:\/\/skinstudio.ee\/lv\/wp-json\/wp\/v2\/product_brand?post=79384"},{"taxonomy":"product_cat","embeddable":true,"href":"https:\/\/skinstudio.ee\/lv\/wp-json\/wp\/v2\/product_cat?post=79384"},{"taxonomy":"product_tag","embeddable":true,"href":"https:\/\/skinstudio.ee\/lv\/wp-json\/wp\/v2\/product_tag?post=79384"},{"taxonomy":"giftcard-category","embeddable":true,"href":"https:\/\/skinstudio.ee\/lv\/wp-json\/wp\/v2\/giftcard-category?post=79384"}],"curies":[{"name":"wp","href":"https:\/\/api.w.org\/{rel}","templated":true}]}}