{"id":79404,"date":"2023-05-24T17:56:12","date_gmt":"2023-05-24T17:56:12","guid":{"rendered":"https:\/\/skinstudio.ee\/?post_type=product&#038;p=79404"},"modified":"2026-02-13T15:27:50","modified_gmt":"2026-02-13T15:27:50","slug":"daily-exfoliant","status":"publish","type":"product","link":"https:\/\/skinstudio.ee\/lv\/catalog\/pca-skin-lv\/daily-exfoliant\/","title":{"rendered":"Daily Exfoliant"},"content":{"rendered":"<p data-start=\"3250\" data-end=\"3485\"><strong data-start=\"3250\" data-end=\"3281\">Daily Exfoliant no PCA SKIN<\/strong> &#8211; p\u012blinga att\u012bro\u0161s gels, kas no\u0146em atmiru\u0161\u0101s \u0161\u016bnas un stimul\u0113 dabisko \u0101das atjauno\u0161anos. Formula maigi att\u012bra net\u012brumus un lieko sebumu, uzlabo \u0101das tekst\u016bru un sagatavo \u0101du turpm\u0101kajiem kop\u0161anas so\u013ciem.<\/p>\n<p data-start=\"3487\" data-end=\"3774\">Produkts apvieno att\u012bro\u0161u, mitrino\u0161u un nomierino\u0161u iedarb\u012bbu, pal\u012bdzot mazin\u0101t kairin\u0101jumu, niezi un aps\u0101rtumu. Gels veicina vienm\u0113r\u012bg\u0101ku \u0101das toni, padarot \u0101du glud\u0101ku un svaig\u0101ku, vienlaikus saglab\u0101jot komfortu ar\u012b ikdienas lieto\u0161an\u0101. Piem\u0113rots jebkuram vecumam un visiem \u0101das tipiem.<\/p>\n<p data-start=\"3776\" data-end=\"3814\"><strong data-start=\"3776\" data-end=\"3814\">Galveno akt\u012bvo komponentu darb\u012bba:<\/strong><\/p>\n<ul data-start=\"3816\" data-end=\"4022\">\n<li data-start=\"3816\" data-end=\"3906\">\n<p data-start=\"3818\" data-end=\"3906\"><strong data-start=\"3818\" data-end=\"3840\">Cellulose Acetate:<\/strong> nodro\u0161ina maigu meh\u0101nisku p\u012blingu un no\u0146em atmiru\u0161\u0101s \u0101das \u0161\u016bnas<\/p>\n<\/li>\n<li data-start=\"3907\" data-end=\"3967\">\n<p data-start=\"3909\" data-end=\"3967\"><strong data-start=\"3909\" data-end=\"3931\">Aloe Vera Extract:<\/strong> mitrina \u0101du un mazina kairin\u0101jumu<\/p>\n<\/li>\n<li data-start=\"3968\" data-end=\"4022\">\n<p data-start=\"3970\" data-end=\"4022\"><strong data-start=\"3970\" data-end=\"3984\">Bisabolol:<\/strong> nomierina \u0101du un samazina aps\u0101rtumu<\/p>\n<\/li>\n<\/ul>\n<p data-start=\"4024\" data-end=\"4195\">Kam piem\u0113rots Daily Exfoliant: visiem \u0101das tipiem un jebkur\u0101 vecum\u0101 pie bl\u0101va to\u0146a, nevienm\u0113r\u012bgas tekst\u016bras, jut\u012bguma vai nepiecie\u0161am\u012bbas p\u0113c maigas ikdienas atjauno\u0161anas.<\/p>\n<p data-start=\"4197\" data-end=\"4224\"><strong data-start=\"4197\" data-end=\"4209\">Tilpums:<\/strong> 30 ml \/ 206 ml<\/p>\n","protected":false},"excerpt":{"rendered":"<p data-start=\"4520\" data-end=\"4566\">Ikdienas att\u012bro\u0161s p\u012blings ar granulu strukt\u016bru<\/p>\n<h2 data-start=\"4568\" data-end=\"4607\"><strong data-start=\"4568\" data-end=\"4607\">\u012apa\u0161\u012bbas PCA SKIN &#8211; Daily Exfoliant<\/strong><\/h2>\n<p data-start=\"4609\" data-end=\"4791\">\u2714\ufe0f Maigi no\u0146em atmiru\u0161\u0101s \u0161\u016bnas<br data-start=\"4639\" data-end=\"4642\" \/>\u2714\ufe0f Att\u012bra poras un uzlabo tekst\u016bru<br data-start=\"4676\" data-end=\"4679\" \/>\u2714\ufe0f Nomierina \u0101du un mazina aps\u0101rtumu<br data-start=\"4715\" data-end=\"4718\" \/>\u2714\ufe0f Saglab\u0101 mitrumu un komfortu<br data-start=\"4748\" data-end=\"4751\" \/>\u2714\ufe0f Pie\u0161\u0137ir svaig\u0101ku un vienm\u0113r\u012bg\u0101ku toni<\/p>\n","protected":false},"featured_media":64313,"template":"","meta":[],"pwb-brand":[1249],"product_brand":[],"product_cat":[715,741,743,739,747,753],"product_tag":[],"giftcard-category":[],"class_list":{"0":"post-79404","1":"product","2":"type-product","3":"status-publish","4":"has-post-thumbnail","6":"pwb-brand-pca-skin-lv","7":"product_cat-attirisana","8":"product_cat-izsitumi","9":"product_cat-paplasinatas-poras","10":"product_cat-sausai-adai","11":"product_cat-taukainai-adai","12":"product_cat-travel-size-lv","13":"pa_suurus-206ml-lv","14":"pa_suurus-30ml-lv","16":"first","17":"instock","18":"taxable","19":"shipping-taxable","20":"purchasable","21":"product-type-variable"},"acf":[],"brands":[{"id":1249,"name":"PCA Skin","slug":"pca-skin-lv"}],"_links":{"self":[{"href":"https:\/\/skinstudio.ee\/lv\/wp-json\/wp\/v2\/product\/79404","targetHints":{"allow":["GET"]}}],"collection":[{"href":"https:\/\/skinstudio.ee\/lv\/wp-json\/wp\/v2\/product"}],"about":[{"href":"https:\/\/skinstudio.ee\/lv\/wp-json\/wp\/v2\/types\/product"}],"version-history":[{"count":1,"href":"https:\/\/skinstudio.ee\/lv\/wp-json\/wp\/v2\/product\/79404\/revisions"}],"predecessor-version":[{"id":79407,"href":"https:\/\/skinstudio.ee\/lv\/wp-json\/wp\/v2\/product\/79404\/revisions\/79407"}],"wp:featuredmedia":[{"embeddable":true,"href":"https:\/\/skinstudio.ee\/lv\/wp-json\/wp\/v2\/media\/64313"}],"wp:attachment":[{"href":"https:\/\/skinstudio.ee\/lv\/wp-json\/wp\/v2\/media?parent=79404"}],"wp:term":[{"taxonomy":"pwb-brand","embeddable":true,"href":"https:\/\/skinstudio.ee\/lv\/wp-json\/wp\/v2\/pwb-brand?post=79404"},{"taxonomy":"product_brand","embeddable":true,"href":"https:\/\/skinstudio.ee\/lv\/wp-json\/wp\/v2\/product_brand?post=79404"},{"taxonomy":"product_cat","embeddable":true,"href":"https:\/\/skinstudio.ee\/lv\/wp-json\/wp\/v2\/product_cat?post=79404"},{"taxonomy":"product_tag","embeddable":true,"href":"https:\/\/skinstudio.ee\/lv\/wp-json\/wp\/v2\/product_tag?post=79404"},{"taxonomy":"giftcard-category","embeddable":true,"href":"https:\/\/skinstudio.ee\/lv\/wp-json\/wp\/v2\/giftcard-category?post=79404"}],"curies":[{"name":"wp","href":"https:\/\/api.w.org\/{rel}","templated":true}]}}