{"id":79436,"date":"2023-05-24T17:56:12","date_gmt":"2023-05-24T17:56:12","guid":{"rendered":"https:\/\/skinstudio.ee\/?post_type=product&#038;p=79436"},"modified":"2026-02-13T15:27:49","modified_gmt":"2026-02-13T15:27:49","slug":"daily-cleansing-oil","status":"publish","type":"product","link":"https:\/\/skinstudio.ee\/lv\/catalog\/pca-skin-lv\/daily-cleansing-oil\/","title":{"rendered":"Daily Cleansing Oil"},"content":{"rendered":"<p data-start=\"3742\" data-end=\"4013\"><strong data-start=\"3742\" data-end=\"3777\">Daily Cleansing Oil no PCA SKIN<\/strong> &#8211; att\u012bro\u0161\u0101 e\u013c\u013ca, kas maigi iz\u0161\u0137\u012bdina dekorat\u012bvo kosm\u0113tiku, SPF l\u012bdzek\u013cus un ikdienas net\u012brumus, netrauc\u0113jot \u0101das dabisko l\u012bdzsvaru. Formula maigi att\u012bra \u0101das virsmu, pal\u012bdzot saglab\u0101t komfortu un nov\u0113rst sausuma saj\u016btu p\u0113c att\u012br\u012b\u0161anas.<\/p>\n<p data-start=\"4015\" data-end=\"4341\">E\u013c\u013ca viegli kl\u0101jas un nodro\u0161ina vienm\u0113r\u012bgu sl\u012bd\u0113\u0161anu att\u012br\u012b\u0161anas laik\u0101, pal\u012bdzot efekt\u012bvi no\u0146emt uzkr\u0101tos net\u012brumus un lieko sebumu. Saskar\u0113 ar \u016bdeni tekst\u016bra p\u0101rv\u0113r\u0161as viegl\u0101 emulsij\u0101, kas \u0101tri noskalojas, atst\u0101jot \u0101du svaigu, gludu un mitrin\u0101tu. Regul\u0101ra lieto\u0161ana pal\u012bdz uztur\u0113t \u0101du t\u012bru un komfortablu bez smaguma saj\u016btas.<\/p>\n<p data-start=\"4343\" data-end=\"4374\"><strong data-start=\"4343\" data-end=\"4374\">Galveno sast\u0101vda\u013cu darb\u012bba:<\/strong><\/p>\n<p data-start=\"4376\" data-end=\"4478\">\u2022 <strong data-start=\"4378\" data-end=\"4411\">Caprylic\/Capric Triglyceride:<\/strong> maigi iz\u0161\u0137\u012bdina kosm\u0113tiku un net\u012brumus, saglab\u0101jot \u0101das komfortu<\/p>\n<p data-start=\"4480\" data-end=\"4575\">\u2022 <strong data-start=\"4482\" data-end=\"4518\">Vitis Vinifera (Grape) Seed Oil:<\/strong> pal\u012bdz uztur\u0113t \u0101das maigumu un gludumu p\u0113c att\u012br\u012b\u0161anas<\/p>\n<p data-start=\"4577\" data-end=\"4683\">\u2022 <strong data-start=\"4579\" data-end=\"4609\">Tetrahexyldecyl Ascorbate:<\/strong> antioksidanta C vitam\u012bna forma, kas pal\u012bdz saglab\u0101t svaigu \u0101das izskatu<\/p>\n<p data-start=\"4685\" data-end=\"4861\">Kam piem\u0113rots <strong data-start=\"4699\" data-end=\"4722\">Daily Cleansing Oil<\/strong>: ikdienas att\u012br\u012b\u0161anai jebkur\u0101 vecum\u0101; \u012bpa\u0161i piem\u0113rots norm\u0101lai un taukainai \u0101dai, ja nepiecie\u0161ama efekt\u012bva att\u012br\u012b\u0161ana bez sausuma saj\u016btas.<\/p>\n<p data-start=\"4863\" data-end=\"4882\"><strong data-start=\"4863\" data-end=\"4882\">Tilpums: 150 ml<\/strong><\/p>\n","protected":false},"excerpt":{"rendered":"<p data-start=\"5234\" data-end=\"5257\">Mitrino\u0161a att\u012bro\u0161\u0101 e\u013c\u013ca<\/p>\n<h2 data-start=\"5259\" data-end=\"5302\"><strong data-start=\"5259\" data-end=\"5302\">\u012apa\u0161\u012bbas PCA SKIN &#8211; Daily Cleansing Oil<\/strong><\/h2>\n<p data-start=\"5304\" data-end=\"5498\">\u2714\ufe0f Maigi iz\u0161\u0137\u012bdina kosm\u0113tiku un SPF<br data-start=\"5339\" data-end=\"5342\" \/>\u2714\ufe0f Efekt\u012bvi att\u012bra \u0101du bez sausuma<br data-start=\"5376\" data-end=\"5379\" \/>\u2714\ufe0f Saskar\u0113 ar \u016bdeni k\u013c\u016bst par emulsiju<br data-start=\"5417\" data-end=\"5420\" \/>\u2714\ufe0f Pal\u012bdz saglab\u0101t \u0101das gludumu un komfortu<br data-start=\"5463\" data-end=\"5466\" \/>\u2714\ufe0f Piem\u0113rots ikdienas lieto\u0161anai<\/p>\n","protected":false},"featured_media":64318,"template":"","meta":[],"pwb-brand":[1249],"product_brand":[],"product_cat":[715,745,739],"product_tag":[],"giftcard-category":[],"class_list":{"0":"post-79436","1":"product","2":"type-product","3":"status-publish","4":"has-post-thumbnail","6":"pwb-brand-pca-skin-lv","7":"product_cat-attirisana","8":"product_cat-jutigai-adai","9":"product_cat-sausai-adai","11":"first","12":"instock","13":"taxable","14":"shipping-taxable","15":"purchasable","16":"product-type-simple"},"acf":[],"brands":[{"id":1249,"name":"PCA Skin","slug":"pca-skin-lv"}],"_links":{"self":[{"href":"https:\/\/skinstudio.ee\/lv\/wp-json\/wp\/v2\/product\/79436","targetHints":{"allow":["GET"]}}],"collection":[{"href":"https:\/\/skinstudio.ee\/lv\/wp-json\/wp\/v2\/product"}],"about":[{"href":"https:\/\/skinstudio.ee\/lv\/wp-json\/wp\/v2\/types\/product"}],"version-history":[{"count":1,"href":"https:\/\/skinstudio.ee\/lv\/wp-json\/wp\/v2\/product\/79436\/revisions"}],"predecessor-version":[{"id":79438,"href":"https:\/\/skinstudio.ee\/lv\/wp-json\/wp\/v2\/product\/79436\/revisions\/79438"}],"wp:featuredmedia":[{"embeddable":true,"href":"https:\/\/skinstudio.ee\/lv\/wp-json\/wp\/v2\/media\/64318"}],"wp:attachment":[{"href":"https:\/\/skinstudio.ee\/lv\/wp-json\/wp\/v2\/media?parent=79436"}],"wp:term":[{"taxonomy":"pwb-brand","embeddable":true,"href":"https:\/\/skinstudio.ee\/lv\/wp-json\/wp\/v2\/pwb-brand?post=79436"},{"taxonomy":"product_brand","embeddable":true,"href":"https:\/\/skinstudio.ee\/lv\/wp-json\/wp\/v2\/product_brand?post=79436"},{"taxonomy":"product_cat","embeddable":true,"href":"https:\/\/skinstudio.ee\/lv\/wp-json\/wp\/v2\/product_cat?post=79436"},{"taxonomy":"product_tag","embeddable":true,"href":"https:\/\/skinstudio.ee\/lv\/wp-json\/wp\/v2\/product_tag?post=79436"},{"taxonomy":"giftcard-category","embeddable":true,"href":"https:\/\/skinstudio.ee\/lv\/wp-json\/wp\/v2\/giftcard-category?post=79436"}],"curies":[{"name":"wp","href":"https:\/\/api.w.org\/{rel}","templated":true}]}}