{"id":79446,"date":"2023-05-24T17:56:11","date_gmt":"2023-05-24T17:56:11","guid":{"rendered":"https:\/\/skinstudio.ee\/?post_type=product&#038;p=79446"},"modified":"2026-03-16T14:30:51","modified_gmt":"2026-03-16T14:30:51","slug":"hyaluronic-acid-boosting-serum","status":"publish","type":"product","link":"https:\/\/skinstudio.ee\/lv\/catalog\/pca-skin-lv\/hyaluronic-acid-boosting-serum\/","title":{"rendered":"Hyaluronic Acid Boosting Serum"},"content":{"rendered":"<p data-start=\"3394\" data-end=\"3643\"><strong data-start=\"3394\" data-end=\"3440\">Hyaluronic Acid Boosting Serum no PCA SKIN<\/strong> &#8211; intens\u012bvi mitrino\u0161s serums, kas nodro\u0161ina daudzl\u012bme\u0146u mitrin\u0101\u0161anu un pal\u012bdz uztur\u0113t optim\u0101lu mitruma l\u012bdzsvaru. Formula apvieno vair\u0101kas hialuronsk\u0101bes formas ar m\u0113r\u0137tiec\u012bgiem akt\u012bvajiem komponentiem.<\/p>\n<p data-start=\"3645\" data-end=\"3818\">Serums pal\u012bdz uzlabot elast\u012bbu un tvirtuma saj\u016btu, atbalsta gludumu un samazina sausuma saj\u016btu. Regul\u0101ra lieto\u0161ana pal\u012bdz stiprin\u0101t aizsargbarjeru un saglab\u0101t koptu izskatu.<\/p>\n<p data-start=\"3820\" data-end=\"3851\"><strong data-start=\"3820\" data-end=\"3851\">Galveno sast\u0101vda\u013cu darb\u012bba:<\/strong><\/p>\n<p data-start=\"3853\" data-end=\"3946\">\u2022 <strong data-start=\"3855\" data-end=\"3883\">Hyaluronic Acid Complex:<\/strong> nodro\u0161ina daudzl\u012bme\u0146u mitrin\u0101\u0161anu un pal\u012bdz saglab\u0101t mitrumu<\/p>\n<p data-start=\"3948\" data-end=\"4011\">\u2022 <strong data-start=\"3950\" data-end=\"3966\">Niacinamide:<\/strong> atbalsta \u0101das barjeru un vienm\u0113r\u012bg\u0101ku toni<\/p>\n<p data-start=\"4013\" data-end=\"4070\">\u2022 <strong data-start=\"4015\" data-end=\"4036\">Ceramide Complex:<\/strong> pal\u012bdz stiprin\u0101t aizsargbarjeru<\/p>\n<p data-start=\"4072\" data-end=\"4207\">Kam piem\u0113rots <strong data-start=\"4086\" data-end=\"4120\">Hyaluronic Acid Boosting Serum<\/strong>: visiem \u0101das tipiem, tostarp dehidr\u0113tai, aknei pak\u013cautai un ar pigment\u0101cijas izmai\u0146\u0101m.<\/p>\n<p data-start=\"4209\" data-end=\"4227\"><strong data-start=\"4209\" data-end=\"4221\">Tilpums:<\/strong> 7,4 ml \/ 30 ml<\/p>\n","protected":false},"excerpt":{"rendered":"<p data-start=\"4380\" data-end=\"4416\">Tr\u012bsk\u0101r\u0161as darb\u012bbas mitrino\u0161s serums<\/p>\n<h2 data-start=\"4418\" data-end=\"4472\"><strong data-start=\"4418\" data-end=\"4472\">\u012apa\u0161\u012bbas PCA SKIN &#8211; Hyaluronic Acid Boosting Serum<\/strong><\/h2>\n<p data-start=\"4474\" data-end=\"4671\">\u2714\ufe0f Nodro\u0161ina daudzl\u012bme\u0146u ilgsto\u0161u mitrin\u0101\u0161anu<br data-start=\"4519\" data-end=\"4522\" \/>\u2714\ufe0f Atbalsta elast\u012bbas un tvirtuma saj\u016btu<br data-start=\"4562\" data-end=\"4565\" \/>\u2714\ufe0f Pal\u012bdz stiprin\u0101t aizsargbarjeru<br data-start=\"4599\" data-end=\"4602\" \/>\u2714\ufe0f Veicina vienm\u0113r\u012bg\u0101ku un svaig\u0101ku toni<br data-start=\"4642\" data-end=\"4645\" \/>\u2714\ufe0f Samazina sausuma saj\u016btu<\/p>\n","protected":false},"featured_media":64365,"template":"","meta":[],"pwb-brand":[1249],"product_brand":[],"product_cat":[741,745,737,749,751,739,723,747,753],"product_tag":[],"giftcard-category":[],"class_list":{"0":"post-79446","1":"product","2":"type-product","3":"status-publish","4":"has-post-thumbnail","6":"pwb-brand-pca-skin-lv","7":"product_cat-izsitumi","8":"product_cat-jutigai-adai","9":"product_cat-mitrinasana","10":"product_cat-novecojosa-ada","11":"product_cat-pigmentacija-lv","12":"product_cat-sausai-adai","13":"product_cat-serumi","14":"product_cat-taukainai-adai","15":"product_cat-travel-size-lv","16":"pa_suurus-30ml-lv","17":"pa_suurus-7-4ml-lv","19":"first","20":"instock","21":"taxable","22":"shipping-taxable","23":"purchasable","24":"product-type-variable"},"acf":[],"brands":[{"id":1249,"name":"PCA Skin","slug":"pca-skin-lv"}],"_links":{"self":[{"href":"https:\/\/skinstudio.ee\/lv\/wp-json\/wp\/v2\/product\/79446","targetHints":{"allow":["GET"]}}],"collection":[{"href":"https:\/\/skinstudio.ee\/lv\/wp-json\/wp\/v2\/product"}],"about":[{"href":"https:\/\/skinstudio.ee\/lv\/wp-json\/wp\/v2\/types\/product"}],"version-history":[{"count":2,"href":"https:\/\/skinstudio.ee\/lv\/wp-json\/wp\/v2\/product\/79446\/revisions"}],"predecessor-version":[{"id":86235,"href":"https:\/\/skinstudio.ee\/lv\/wp-json\/wp\/v2\/product\/79446\/revisions\/86235"}],"wp:featuredmedia":[{"embeddable":true,"href":"https:\/\/skinstudio.ee\/lv\/wp-json\/wp\/v2\/media\/64365"}],"wp:attachment":[{"href":"https:\/\/skinstudio.ee\/lv\/wp-json\/wp\/v2\/media?parent=79446"}],"wp:term":[{"taxonomy":"pwb-brand","embeddable":true,"href":"https:\/\/skinstudio.ee\/lv\/wp-json\/wp\/v2\/pwb-brand?post=79446"},{"taxonomy":"product_brand","embeddable":true,"href":"https:\/\/skinstudio.ee\/lv\/wp-json\/wp\/v2\/product_brand?post=79446"},{"taxonomy":"product_cat","embeddable":true,"href":"https:\/\/skinstudio.ee\/lv\/wp-json\/wp\/v2\/product_cat?post=79446"},{"taxonomy":"product_tag","embeddable":true,"href":"https:\/\/skinstudio.ee\/lv\/wp-json\/wp\/v2\/product_tag?post=79446"},{"taxonomy":"giftcard-category","embeddable":true,"href":"https:\/\/skinstudio.ee\/lv\/wp-json\/wp\/v2\/giftcard-category?post=79446"}],"curies":[{"name":"wp","href":"https:\/\/api.w.org\/{rel}","templated":true}]}}