{"id":79453,"date":"2023-05-24T17:56:11","date_gmt":"2023-05-24T17:56:11","guid":{"rendered":"https:\/\/skinstudio.ee\/?post_type=product&#038;p=79453"},"modified":"2026-02-13T15:27:58","modified_gmt":"2026-02-13T15:27:58","slug":"perfecting-neck-decollete","status":"publish","type":"product","link":"https:\/\/skinstudio.ee\/lv\/catalog\/pca-skin-lv\/perfecting-neck-decollete\/","title":{"rendered":"Perfecting Neck &amp; D\u00e9collet\u00e9"},"content":{"rendered":"<p data-start=\"397\" data-end=\"733\"><strong data-start=\"397\" data-end=\"440\">Perfecting Neck &amp; D\u00e9collet\u00e9 no PCA SKIN<\/strong> &#8211; kori\u0123\u0113jo\u0161s kr\u0113ms, kas \u012bpa\u0161i izstr\u0101d\u0101ts kakla un dekolt\u0113 zonai, lai uzlabotu tvirtumu, izl\u012bdzin\u0101tu toni un uzlabotu kop\u0113jo \u0101das st\u0101vokli. Formula apvieno pept\u012bdus, retinolu un antioksidantus, pal\u012bdzot atbalst\u012bt \u0101das bl\u012bvumu un gludumu, k\u0101 ar\u012b uzlabot ar noveco\u0161anos saist\u012bto izmai\u0146u izskatu.<\/p>\n<p data-start=\"735\" data-end=\"1060\">Kr\u0113ms pal\u012bdz stiprin\u0101t \u0101das strukt\u016bru, veicina tvirt\u0101ku izskatu un pal\u012bdz samazin\u0101t aps\u0101rtuma un pigment\u0101cijas redzam\u012bbu. Tekst\u016bra komfortabli kl\u0101jas, nodro\u0161inot intens\u012bvu kop\u0161anu un pal\u012bdzot saglab\u0101t mitrin\u0101jumu un gludumu. Piem\u0113rots regul\u0101rai lieto\u0161anai kakla un dekolt\u0113 zon\u0101, lai saglab\u0101tu vienm\u0113r\u012bg\u0101ku un kopt\u0101ku izskatu.<\/p>\n<p data-start=\"1062\" data-end=\"1093\"><strong data-start=\"1062\" data-end=\"1093\">Galveno sast\u0101vda\u013cu darb\u012bba:<\/strong><\/p>\n<p data-start=\"1095\" data-end=\"1202\">\u2022 <strong data-start=\"1097\" data-end=\"1125\">Palmitoyl Tripeptide-38:<\/strong> sign\u0101lpept\u012bds, kas pal\u012bdz atbalst\u012bt tvirtumu un samazin\u0101t grumbu redzam\u012bbu<\/p>\n<p data-start=\"1204\" data-end=\"1306\">\u2022 <strong data-start=\"1206\" data-end=\"1230\">Retinol (Vitamin A):<\/strong> veicina atjauno\u0161an\u0101s procesus un pal\u012bdz uzlabot to\u0146a un tekst\u016bras izskatu<\/p>\n<p data-start=\"1308\" data-end=\"1437\">\u2022 <strong data-start=\"1310\" data-end=\"1355\">Vitis Vinifera (Grape) Stem Cell Extract:<\/strong> antioksidanta komponents, kas pal\u012bdz aizsarg\u0101t pret apk\u0101rt\u0113j\u0101s vides stresoriem<\/p>\n<p data-start=\"1439\" data-end=\"1616\">Kam piem\u0113rots <strong data-start=\"1453\" data-end=\"1484\">Perfecting Neck &amp; D\u00e9collet\u00e9<\/strong>: visiem \u0101das tipiem, \u012bpa\u0161i pie tvirtuma zuduma, nevienm\u0113r\u012bga to\u0146a, aps\u0101rtuma un redzam\u0101m noveco\u0161an\u0101s paz\u012bm\u0113m kakla un dekolt\u0113 zon\u0101.<\/p>\n<p data-start=\"1618\" data-end=\"1635\"><strong data-start=\"1618\" data-end=\"1630\">Tilpums:<\/strong> 85 g<\/p>\n","protected":false},"excerpt":{"rendered":"<p data-start=\"1914\" data-end=\"1936\">Kakla un dekolt\u0113 kr\u0113ms<\/p>\n<h2 data-start=\"1938\" data-end=\"1989\"><strong data-start=\"1938\" data-end=\"1989\">\u012apa\u0161\u012bbas PCA SKIN &#8211; Perfecting Neck &amp; D\u00e9collet\u00e9<\/strong><\/h2>\n<p data-start=\"1991\" data-end=\"2204\">\u2714\ufe0f Uzlabo kakla zonas tvirtumu un bl\u012bvumu<br data-start=\"2032\" data-end=\"2035\" \/>\u2714\ufe0f Izl\u012bdzina grumbas un dekolt\u0113 l\u012bnijas<br data-start=\"2074\" data-end=\"2077\" \/>\u2714\ufe0f Pal\u012bdz samazin\u0101t aps\u0101rtumu un nevienm\u0113r\u012bgu toni<br data-start=\"2127\" data-end=\"2130\" \/>\u2714\ufe0f Uzlabo pigment\u0101cijas izskatu<br data-start=\"2161\" data-end=\"2164\" \/>\u2714\ufe0f Veicina tvirt\u0101ku un kopt\u0101ku rezult\u0101tu<\/p>\n","protected":false},"featured_media":64323,"template":"","meta":[],"pwb-brand":[1249],"product_brand":[],"product_cat":[735,749],"product_tag":[],"giftcard-category":[],"class_list":{"0":"post-79453","1":"product","2":"type-product","3":"status-publish","4":"has-post-thumbnail","6":"pwb-brand-pca-skin-lv","7":"product_cat-dekolte-zona","8":"product_cat-novecojosa-ada","10":"first","11":"instock","12":"taxable","13":"shipping-taxable","14":"purchasable","15":"product-type-simple"},"acf":[],"brands":[{"id":1249,"name":"PCA Skin","slug":"pca-skin-lv"}],"_links":{"self":[{"href":"https:\/\/skinstudio.ee\/lv\/wp-json\/wp\/v2\/product\/79453","targetHints":{"allow":["GET"]}}],"collection":[{"href":"https:\/\/skinstudio.ee\/lv\/wp-json\/wp\/v2\/product"}],"about":[{"href":"https:\/\/skinstudio.ee\/lv\/wp-json\/wp\/v2\/types\/product"}],"version-history":[{"count":2,"href":"https:\/\/skinstudio.ee\/lv\/wp-json\/wp\/v2\/product\/79453\/revisions"}],"predecessor-version":[{"id":79458,"href":"https:\/\/skinstudio.ee\/lv\/wp-json\/wp\/v2\/product\/79453\/revisions\/79458"}],"wp:featuredmedia":[{"embeddable":true,"href":"https:\/\/skinstudio.ee\/lv\/wp-json\/wp\/v2\/media\/64323"}],"wp:attachment":[{"href":"https:\/\/skinstudio.ee\/lv\/wp-json\/wp\/v2\/media?parent=79453"}],"wp:term":[{"taxonomy":"pwb-brand","embeddable":true,"href":"https:\/\/skinstudio.ee\/lv\/wp-json\/wp\/v2\/pwb-brand?post=79453"},{"taxonomy":"product_brand","embeddable":true,"href":"https:\/\/skinstudio.ee\/lv\/wp-json\/wp\/v2\/product_brand?post=79453"},{"taxonomy":"product_cat","embeddable":true,"href":"https:\/\/skinstudio.ee\/lv\/wp-json\/wp\/v2\/product_cat?post=79453"},{"taxonomy":"product_tag","embeddable":true,"href":"https:\/\/skinstudio.ee\/lv\/wp-json\/wp\/v2\/product_tag?post=79453"},{"taxonomy":"giftcard-category","embeddable":true,"href":"https:\/\/skinstudio.ee\/lv\/wp-json\/wp\/v2\/giftcard-category?post=79453"}],"curies":[{"name":"wp","href":"https:\/\/api.w.org\/{rel}","templated":true}]}}