{"id":79466,"date":"2023-05-24T17:56:11","date_gmt":"2023-05-24T17:56:11","guid":{"rendered":"https:\/\/skinstudio.ee\/?post_type=product&#038;p=79466"},"modified":"2026-02-13T15:27:48","modified_gmt":"2026-02-13T15:27:48","slug":"clearskin-moisturizer","status":"publish","type":"product","link":"https:\/\/skinstudio.ee\/lv\/catalog\/pca-skin-lv\/clearskin-moisturizer\/","title":{"rendered":"Clearskin Moisturizer"},"content":{"rendered":"<p data-start=\"3573\" data-end=\"3902\"><strong data-start=\"3573\" data-end=\"3610\">Clearskin Moisturizer no PCA SKIN<\/strong> &#8211; barojo\u0161s vieglas tekst\u016bras mitrino\u0161s l\u012bdzeklis, kas paredz\u0113ts optim\u0101la mitruma l\u012bme\u0146a uztur\u0113\u0161anai, \u0101das nomierin\u0101\u0161anai un m\u012bkstin\u0101\u0161anai. Formula ar augstu akt\u012bvo sast\u0101vda\u013cu koncentr\u0101ciju izl\u012bdzina to\u0146a izskatu, samazina izsitumu p\u0113du redzam\u012bbu un uztur l\u012bdzsvarotu \u0101du bez smaguma saj\u016btas.<\/p>\n<p data-start=\"3904\" data-end=\"4191\">Produkts samazina iekaisuma izpausmes, regul\u0113 sebuma izdal\u012b\u0161anos un saglab\u0101 komforta saj\u016btu visas dienas garum\u0101. Viegl\u0101 tekst\u016bra \u0101tri ies\u016bcas, nodro\u0161inot mitrin\u0101\u0161anu un maigumu, vienlaikus saglab\u0101jot svaigu un koptu izskatu. Piem\u0113rots regul\u0101rai lieto\u0161anai problem\u0101tiskai un jut\u012bgai \u0101dai.<\/p>\n<p data-start=\"4193\" data-end=\"4224\"><strong data-start=\"4193\" data-end=\"4224\">Galveno sast\u0101vda\u013cu darb\u012bba:<\/strong><\/p>\n<p data-start=\"4226\" data-end=\"4321\">\u2022 <strong data-start=\"4228\" data-end=\"4247\">Niacinamide 4%:<\/strong> samazina iekaisumu, regul\u0113 sebuma izdal\u012b\u0161anos un izl\u012bdzina to\u0146a izskatu<\/p>\n<p data-start=\"4323\" data-end=\"4417\">\u2022 <strong data-start=\"4325\" data-end=\"4339\">Bisabolol:<\/strong> nomierino\u0161s komponents, kas mazina kairin\u0101jumu un atjauno mitruma l\u012bdzsvaru<\/p>\n<p data-start=\"4419\" data-end=\"4542\">\u2022 <strong data-start=\"4421\" data-end=\"4484\">Calendula Flower Oil, Schisandra Extract, Cucumber Extract:<\/strong> augu komplekss ar pretiekaisuma un m\u012bkstino\u0161u iedarb\u012bbu<\/p>\n<p data-start=\"4544\" data-end=\"4688\">Kam piem\u0113rots <strong data-start=\"4558\" data-end=\"4583\">Clearskin Moisturizer<\/strong>: norm\u0101lai, jut\u012bgai, kombin\u0113tai un taukainai \u0101dai, tostarp ar izsitumiem, aps\u0101rtumu un nevienm\u0113r\u012bgu toni.<\/p>\n<p data-start=\"4690\" data-end=\"4713\"><strong data-start=\"4690\" data-end=\"4702\">Tilpums:<\/strong> 7 g \/ 48 g<\/p>\n","protected":false},"excerpt":{"rendered":"<p data-start=\"4896\" data-end=\"4934\">Vieglas tekst\u016bras barojo\u0161s mitrin\u0101t\u0101js<\/p>\n<h2 data-start=\"4936\" data-end=\"4981\"><strong data-start=\"4936\" data-end=\"4981\">\u012apa\u0161\u012bbas PCA SKIN &#8211; Clearskin Moisturizer<\/strong><\/h2>\n<p data-start=\"4983\" data-end=\"5202\">\u2714\ufe0f Viegls tekst\u016bras bez smaguma saj\u016btas<br data-start=\"5022\" data-end=\"5025\" \/>\u2714\ufe0f Samazina aps\u0101rtumu un iekaisuma izsitumus<br data-start=\"5069\" data-end=\"5072\" \/>\u2714\ufe0f L\u012bdzsvaro sebuma izdal\u012b\u0161anos<br data-start=\"5103\" data-end=\"5106\" \/>\u2714\ufe0f Izl\u012bdzina toni un mazina izsitumu p\u0113das<br data-start=\"5148\" data-end=\"5151\" \/>\u2714\ufe0f Nodro\u0161ina komfortablu mitrin\u0101\u0161anu bez p\u0101rslodzes<\/p>\n","protected":false},"featured_media":64343,"template":"","meta":[],"pwb-brand":[1249],"product_brand":[],"product_cat":[741,737,747,753],"product_tag":[],"giftcard-category":[],"class_list":{"0":"post-79466","1":"product","2":"type-product","3":"status-publish","4":"has-post-thumbnail","6":"pwb-brand-pca-skin-lv","7":"product_cat-izsitumi","8":"product_cat-mitrinasana","9":"product_cat-taukainai-adai","10":"product_cat-travel-size-lv","11":"pa_suurus-48-g-lv","12":"pa_suurus-7-g-lv","14":"first","15":"instock","16":"taxable","17":"shipping-taxable","18":"purchasable","19":"product-type-variable"},"acf":[],"brands":[{"id":1249,"name":"PCA Skin","slug":"pca-skin-lv"}],"_links":{"self":[{"href":"https:\/\/skinstudio.ee\/lv\/wp-json\/wp\/v2\/product\/79466","targetHints":{"allow":["GET"]}}],"collection":[{"href":"https:\/\/skinstudio.ee\/lv\/wp-json\/wp\/v2\/product"}],"about":[{"href":"https:\/\/skinstudio.ee\/lv\/wp-json\/wp\/v2\/types\/product"}],"version-history":[{"count":1,"href":"https:\/\/skinstudio.ee\/lv\/wp-json\/wp\/v2\/product\/79466\/revisions"}],"predecessor-version":[{"id":79469,"href":"https:\/\/skinstudio.ee\/lv\/wp-json\/wp\/v2\/product\/79466\/revisions\/79469"}],"wp:featuredmedia":[{"embeddable":true,"href":"https:\/\/skinstudio.ee\/lv\/wp-json\/wp\/v2\/media\/64343"}],"wp:attachment":[{"href":"https:\/\/skinstudio.ee\/lv\/wp-json\/wp\/v2\/media?parent=79466"}],"wp:term":[{"taxonomy":"pwb-brand","embeddable":true,"href":"https:\/\/skinstudio.ee\/lv\/wp-json\/wp\/v2\/pwb-brand?post=79466"},{"taxonomy":"product_brand","embeddable":true,"href":"https:\/\/skinstudio.ee\/lv\/wp-json\/wp\/v2\/product_brand?post=79466"},{"taxonomy":"product_cat","embeddable":true,"href":"https:\/\/skinstudio.ee\/lv\/wp-json\/wp\/v2\/product_cat?post=79466"},{"taxonomy":"product_tag","embeddable":true,"href":"https:\/\/skinstudio.ee\/lv\/wp-json\/wp\/v2\/product_tag?post=79466"},{"taxonomy":"giftcard-category","embeddable":true,"href":"https:\/\/skinstudio.ee\/lv\/wp-json\/wp\/v2\/giftcard-category?post=79466"}],"curies":[{"name":"wp","href":"https:\/\/api.w.org\/{rel}","templated":true}]}}