{"id":79478,"date":"2023-05-24T17:56:11","date_gmt":"2023-05-24T17:56:11","guid":{"rendered":"https:\/\/skinstudio.ee\/?post_type=product&#038;p=79478"},"modified":"2026-02-13T15:28:00","modified_gmt":"2026-02-13T15:28:00","slug":"rebalance","status":"publish","type":"product","link":"https:\/\/skinstudio.ee\/lv\/catalog\/pca-skin-lv\/rebalance\/","title":{"rendered":"ReBalance"},"content":{"rendered":"<p data-start=\"3083\" data-end=\"3372\"><strong data-start=\"3083\" data-end=\"3108\">ReBalance no PCA SKIN<\/strong> &#8211; viegls, \u0101tri ies\u016bco\u0161s mitrin\u0101t\u0101js, kas paredz\u0113ts \u0101das komforta atjauno\u0161anai un optim\u0101la mitruma l\u012bme\u0146a uztur\u0113\u0161anai. Formula ar vitam\u012bniem, antioksidantiem un nomierino\u0161iem komponentiem samazina jut\u012bgumu, nov\u0113r\u0161 sausuma saj\u016btu un uztur l\u012bdzsvarotu \u0101das st\u0101vokli.<\/p>\n<p data-start=\"3374\" data-end=\"3584\">Produkts m\u012bkstina un nomierina pat jut\u012bgu \u0101du, uzlabo gludumu un stiprina aizsargbarjeru. Viegl\u0101 tekst\u016bra \u0101tri ies\u016bcas, nep\u0101rslogo \u0101du un ir piem\u0113rota ikdienas lieto\u0161anai, nodro\u0161inot komfortu un svaigu izskatu.<\/p>\n<p data-start=\"3586\" data-end=\"3617\"><strong data-start=\"3586\" data-end=\"3617\">Galveno sast\u0101vda\u013cu darb\u012bba:<\/strong><\/p>\n<p data-start=\"3619\" data-end=\"3695\">\u2022 <strong data-start=\"3621\" data-end=\"3647\">Gur\u0137um\u0113tru s\u0113klu e\u013c\u013ca:<\/strong> samazina iekaisuma reakcijas un nomierina \u0101du<\/p>\n<p data-start=\"3697\" data-end=\"3778\">\u2022 <strong data-start=\"3699\" data-end=\"3714\">E vitam\u012bns:<\/strong> antioksidants, kas mitrina un aizsarg\u0101 pret \u0101r\u0113jiem faktoriem<\/p>\n<p data-start=\"3780\" data-end=\"3848\">\u2022 <strong data-start=\"3782\" data-end=\"3807\">Vakara pr\u012bmulas e\u013c\u013ca:<\/strong> m\u012bkstina un samazina iekaisuma paz\u012bmes<\/p>\n<p data-start=\"3850\" data-end=\"3988\">Kam piem\u0113rots <strong data-start=\"3864\" data-end=\"3877\">ReBalance<\/strong>: norm\u0101lai, jut\u012bgai, kombin\u0113tai un taukainai \u0101dai, tostarp ar paaugstin\u0101tu jut\u012bgumu un noslieci uz kairin\u0101jumu.<\/p>\n<p data-start=\"3990\" data-end=\"4013\"><strong data-start=\"3990\" data-end=\"4002\">Tilpums:<\/strong> 7 g \/ 48 g<\/p>\n","protected":false},"excerpt":{"rendered":"<p data-start=\"4187\" data-end=\"4213\">Viegls mitrino\u0161s l\u012bdzeklis<\/p>\n<h2 data-start=\"4215\" data-end=\"4248\"><strong data-start=\"4215\" data-end=\"4248\">\u012apa\u0161\u012bbas PCA SKIN &#8211; ReBalance<\/strong><\/h2>\n<p data-start=\"4250\" data-end=\"4443\">\u2714\ufe0f Nodro\u0161ina intens\u012bvu mitrin\u0101\u0161anu bez smaguma saj\u016btas<br data-start=\"4304\" data-end=\"4307\" \/>\u2714\ufe0f Nomierina jut\u012bgumu un mazina aps\u0101rtumu<br data-start=\"4348\" data-end=\"4351\" \/>\u2714\ufe0f Atjauno komfortu un maigumu<br data-start=\"4381\" data-end=\"4384\" \/>\u2714\ufe0f Stiprina aizsargbarjeru<br data-start=\"4410\" data-end=\"4413\" \/>\u2714\ufe0f \u0100tri ies\u016bcas, nep\u0101rslogojot<\/p>\n","protected":false},"featured_media":64338,"template":"","meta":[],"pwb-brand":[1249],"product_brand":[],"product_cat":[745,737,749,743,747,753],"product_tag":[],"giftcard-category":[],"class_list":{"0":"post-79478","1":"product","2":"type-product","3":"status-publish","4":"has-post-thumbnail","6":"pwb-brand-pca-skin-lv","7":"product_cat-jutigai-adai","8":"product_cat-mitrinasana","9":"product_cat-novecojosa-ada","10":"product_cat-paplasinatas-poras","11":"product_cat-taukainai-adai","12":"product_cat-travel-size-lv","13":"pa_suurus-48-g-lv","14":"pa_suurus-7-g-lv","16":"first","17":"instock","18":"taxable","19":"shipping-taxable","20":"purchasable","21":"product-type-variable"},"acf":[],"brands":[{"id":1249,"name":"PCA Skin","slug":"pca-skin-lv"}],"_links":{"self":[{"href":"https:\/\/skinstudio.ee\/lv\/wp-json\/wp\/v2\/product\/79478","targetHints":{"allow":["GET"]}}],"collection":[{"href":"https:\/\/skinstudio.ee\/lv\/wp-json\/wp\/v2\/product"}],"about":[{"href":"https:\/\/skinstudio.ee\/lv\/wp-json\/wp\/v2\/types\/product"}],"version-history":[{"count":1,"href":"https:\/\/skinstudio.ee\/lv\/wp-json\/wp\/v2\/product\/79478\/revisions"}],"predecessor-version":[{"id":79482,"href":"https:\/\/skinstudio.ee\/lv\/wp-json\/wp\/v2\/product\/79478\/revisions\/79482"}],"wp:featuredmedia":[{"embeddable":true,"href":"https:\/\/skinstudio.ee\/lv\/wp-json\/wp\/v2\/media\/64338"}],"wp:attachment":[{"href":"https:\/\/skinstudio.ee\/lv\/wp-json\/wp\/v2\/media?parent=79478"}],"wp:term":[{"taxonomy":"pwb-brand","embeddable":true,"href":"https:\/\/skinstudio.ee\/lv\/wp-json\/wp\/v2\/pwb-brand?post=79478"},{"taxonomy":"product_brand","embeddable":true,"href":"https:\/\/skinstudio.ee\/lv\/wp-json\/wp\/v2\/product_brand?post=79478"},{"taxonomy":"product_cat","embeddable":true,"href":"https:\/\/skinstudio.ee\/lv\/wp-json\/wp\/v2\/product_cat?post=79478"},{"taxonomy":"product_tag","embeddable":true,"href":"https:\/\/skinstudio.ee\/lv\/wp-json\/wp\/v2\/product_tag?post=79478"},{"taxonomy":"giftcard-category","embeddable":true,"href":"https:\/\/skinstudio.ee\/lv\/wp-json\/wp\/v2\/giftcard-category?post=79478"}],"curies":[{"name":"wp","href":"https:\/\/api.w.org\/{rel}","templated":true}]}}