{"id":79490,"date":"2023-05-24T17:56:11","date_gmt":"2023-05-24T17:56:11","guid":{"rendered":"https:\/\/skinstudio.ee\/?post_type=product&#038;p=79490"},"modified":"2026-02-13T15:27:59","modified_gmt":"2026-02-13T15:27:59","slug":"pore-refining-treatment","status":"publish","type":"product","link":"https:\/\/skinstudio.ee\/lv\/catalog\/pca-skin-lv\/pore-refining-treatment\/","title":{"rendered":"Pore Refining Treatment"},"content":{"rendered":"<p data-start=\"3558\" data-end=\"3888\"><strong data-start=\"3558\" data-end=\"3597\">Pore Refining Treatment no PCA SKIN<\/strong> &#8211; m\u0101jas lieto\u0161anai paredz\u0113ts eksfoliants, kas izstr\u0101d\u0101ts dzi\u013cai att\u012br\u012b\u0161anai un \u0101das atjauno\u0161anai, apvienojot fiziskus, \u0137\u012bmiskus un enz\u012bmu komponentus. Formula apvieno r\u012bsu pulveri un pumeku meh\u0101niskai eksfoli\u0101cijai, mande\u013csk\u0101bi \u0161\u016bnu atjauno\u0161anai un papaijas enz\u012bmu maigai enz\u012bmu iedarb\u012bbai.<\/p>\n<p data-start=\"3890\" data-end=\"4149\">Produkts efekt\u012bvi no\u0146em atmiru\u0161\u0101s \u0161\u016bnas, att\u012bra poras un veicina glud\u0101ku \u0101das tekst\u016bru. Akt\u012bvo sast\u0101vda\u013cu kombin\u0113t\u0101 iedarb\u012bba samazina papla\u0161in\u0101to poru redzam\u012bbu, kontrol\u0113 lieko sebumu un pie\u0161\u0137ir \u0101dai glud\u0101ku un svaig\u0101ku izskatu. Piem\u0113rots visiem \u0101das tipiem.<\/p>\n<p data-start=\"4151\" data-end=\"4182\"><strong data-start=\"4151\" data-end=\"4182\">Galveno sast\u0101vda\u013cu darb\u012bba:<\/strong><\/p>\n<p data-start=\"4184\" data-end=\"4269\">\u2022 <strong data-start=\"4186\" data-end=\"4214\">R\u012bsu pulveris un pumeks:<\/strong> nodro\u0161ina fizisku eksfoli\u0101ciju un virsmas att\u012br\u012b\u0161anu<\/p>\n<p data-start=\"4271\" data-end=\"4339\">\u2022 <strong data-start=\"4273\" data-end=\"4289\">Mande\u013csk\u0101be:<\/strong> stimul\u0113 \u0161\u016bnu atjauno\u0161anos un izl\u012bdzina tekst\u016bru<\/p>\n<p data-start=\"4341\" data-end=\"4422\">\u2022 <strong data-start=\"4343\" data-end=\"4363\">Papaijas enz\u012bms:<\/strong> maigi \u0161\u0137\u012bdina atmiru\u0161\u0101s \u0161\u016bnas un pastiprina eksfoli\u0101ciju<\/p>\n<p data-start=\"4424\" data-end=\"4573\">Kam piem\u0113rots <strong data-start=\"4438\" data-end=\"4465\">Pore Refining Treatment<\/strong>: visiem \u0101das tipiem, tostarp ar papla\u0161in\u0101t\u0101m por\u0101m, nevienm\u0113r\u012bgu tekst\u016bru un noslieci uz sebuma uzkr\u0101\u0161anos.<\/p>\n<p data-start=\"4575\" data-end=\"4592\"><strong data-start=\"4575\" data-end=\"4587\">Tilpums:<\/strong> 60 g<\/p>\n","protected":false},"excerpt":{"rendered":"<p data-start=\"4886\" data-end=\"4905\">Maska &#8211; eksfoliants<\/p>\n<h2 data-start=\"4907\" data-end=\"4954\"><strong data-start=\"4907\" data-end=\"4954\">\u012apa\u0161\u012bbas PCA SKIN &#8211; Pore Refining Treatment<\/strong><\/h2>\n<p data-start=\"4956\" data-end=\"5142\">\u2714\ufe0f Att\u012bra poras un samazina lieko sebumu<br data-start=\"4996\" data-end=\"4999\" \/>\u2714\ufe0f Samazina papla\u0161in\u0101tu poru redzam\u012bbu<br data-start=\"5037\" data-end=\"5040\" \/>\u2714\ufe0f Eksfoli\u0113 atmiru\u0161\u0101s \u0161\u016bnas<br data-start=\"5067\" data-end=\"5070\" \/>\u2714\ufe0f Izl\u012bdzina tekst\u016bru un \u0101das virsmu<br data-start=\"5106\" data-end=\"5109\" \/>\u2714\ufe0f Padara \u0101du glud\u0101ku un svaig\u0101ku<\/p>\n","protected":false},"featured_media":64333,"template":"","meta":[],"pwb-brand":[1249],"product_brand":[],"product_cat":[741,725,743,719,747],"product_tag":[],"giftcard-category":[],"class_list":{"0":"post-79490","1":"product","2":"type-product","3":"status-publish","4":"has-post-thumbnail","6":"pwb-brand-pca-skin-lv","7":"product_cat-izsitumi","8":"product_cat-maskas","9":"product_cat-paplasinatas-poras","10":"product_cat-skrubji-un-pilingi","11":"product_cat-taukainai-adai","13":"first","14":"instock","15":"taxable","16":"shipping-taxable","17":"purchasable","18":"product-type-simple"},"acf":[],"brands":[{"id":1249,"name":"PCA Skin","slug":"pca-skin-lv"}],"_links":{"self":[{"href":"https:\/\/skinstudio.ee\/lv\/wp-json\/wp\/v2\/product\/79490","targetHints":{"allow":["GET"]}}],"collection":[{"href":"https:\/\/skinstudio.ee\/lv\/wp-json\/wp\/v2\/product"}],"about":[{"href":"https:\/\/skinstudio.ee\/lv\/wp-json\/wp\/v2\/types\/product"}],"version-history":[{"count":1,"href":"https:\/\/skinstudio.ee\/lv\/wp-json\/wp\/v2\/product\/79490\/revisions"}],"predecessor-version":[{"id":79492,"href":"https:\/\/skinstudio.ee\/lv\/wp-json\/wp\/v2\/product\/79490\/revisions\/79492"}],"wp:featuredmedia":[{"embeddable":true,"href":"https:\/\/skinstudio.ee\/lv\/wp-json\/wp\/v2\/media\/64333"}],"wp:attachment":[{"href":"https:\/\/skinstudio.ee\/lv\/wp-json\/wp\/v2\/media?parent=79490"}],"wp:term":[{"taxonomy":"pwb-brand","embeddable":true,"href":"https:\/\/skinstudio.ee\/lv\/wp-json\/wp\/v2\/pwb-brand?post=79490"},{"taxonomy":"product_brand","embeddable":true,"href":"https:\/\/skinstudio.ee\/lv\/wp-json\/wp\/v2\/product_brand?post=79490"},{"taxonomy":"product_cat","embeddable":true,"href":"https:\/\/skinstudio.ee\/lv\/wp-json\/wp\/v2\/product_cat?post=79490"},{"taxonomy":"product_tag","embeddable":true,"href":"https:\/\/skinstudio.ee\/lv\/wp-json\/wp\/v2\/product_tag?post=79490"},{"taxonomy":"giftcard-category","embeddable":true,"href":"https:\/\/skinstudio.ee\/lv\/wp-json\/wp\/v2\/giftcard-category?post=79490"}],"curies":[{"name":"wp","href":"https:\/\/api.w.org\/{rel}","templated":true}]}}