{"id":79500,"date":"2023-05-24T17:56:11","date_gmt":"2023-05-24T17:56:11","guid":{"rendered":"https:\/\/skinstudio.ee\/?post_type=product&#038;p=79500"},"modified":"2026-02-24T11:55:35","modified_gmt":"2026-02-24T11:55:35","slug":"facial-wash","status":"publish","type":"product","link":"https:\/\/skinstudio.ee\/lv\/catalog\/pca-skin\/facial-wash\/","title":{"rendered":"Facial Wash"},"content":{"rendered":"<p data-start=\"2875\" data-end=\"3210\"><strong data-start=\"2875\" data-end=\"2902\">Facial Wash no PCA SKIN<\/strong> &#8211; att\u012bro\u0161s l\u012bdzeklis ar AHA sk\u0101b\u0113m un alvejas g\u0113lu, kas paredz\u0113ts efekt\u012bvai dekorat\u012bv\u0101s kosm\u0113tikas, \u0101r\u0113jo net\u012brumu un liek\u0101 sebuma no\u0146em\u0161anai, vienlaikus saglab\u0101jot sabalans\u0113tu pH l\u012bmeni. Formula maigi att\u012bra \u0101du, nodro\u0161inot vieglu eksfoli\u0101ciju, uzlabojot gludumu un saglab\u0101jot komfortu bez sausuma saj\u016btas.<\/p>\n<p data-start=\"3212\" data-end=\"3386\">Produkts saglab\u0101 maigumu un elast\u012bbu, izl\u012bdzina tekst\u016bru un atsvaidzina kop\u0113jo izskatu. Piem\u0113rots ikdienas lieto\u0161anai, nodro\u0161inot t\u012bru \u0101du bez smaguma saj\u016btas un kairin\u0101juma.<\/p>\n<p data-start=\"3388\" data-end=\"3419\"><strong data-start=\"3388\" data-end=\"3419\">Galveno sast\u0101vda\u013cu darb\u012bba:<\/strong><\/p>\n<p data-start=\"3421\" data-end=\"3491\">\u2022 <strong data-start=\"3423\" data-end=\"3438\">AHA sk\u0101bes:<\/strong> nodro\u0161ina maigu atjauno\u0161anu un vieglu eksfoli\u0101ciju<\/p>\n<p data-start=\"3493\" data-end=\"3546\">\u2022 <strong data-start=\"3495\" data-end=\"3512\">Alvejas g\u0113ls:<\/strong> nomierina un mazina kairin\u0101jumu<\/p>\n<p data-start=\"3548\" data-end=\"3605\">\u2022 <strong data-start=\"3550\" data-end=\"3577\">V\u012btola mizas ekstrakts:<\/strong> att\u012bra un uztur l\u012bdzsvaru<\/p>\n<p data-start=\"3607\" data-end=\"3721\">Kam piem\u0113rots <strong data-start=\"3621\" data-end=\"3636\">Facial Wash<\/strong>: norm\u0101lai, jut\u012bgai un kombin\u0113tai \u0101dai, tostarp ar nevienm\u0113r\u012bgu tekst\u016bru un jut\u012bgumu.<\/p>\n<p data-start=\"3723\" data-end=\"3752\"><strong data-start=\"3723\" data-end=\"3735\">Tilpums:<\/strong> 29,6 ml \/ 206 ml<\/p>\n","protected":false},"excerpt":{"rendered":"<p data-start=\"3921\" data-end=\"3958\">Maigi eksfoli\u0113jo\u0161s att\u012bro\u0161s l\u012bdzeklis<\/p>\n<h2 data-start=\"3960\" data-end=\"3995\"><strong data-start=\"3960\" data-end=\"3995\">\u012apa\u0161\u012bbas PCA SKIN &#8211; Facial Wash<\/strong><\/h2>\n<p data-start=\"3997\" data-end=\"4169\">\u2714\ufe0f Att\u012bra \u0101du un no\u0146em net\u012brumus<br data-start=\"4029\" data-end=\"4032\" \/>\u2714\ufe0f Maigi eksfoli\u0113 un izl\u012bdzina tekst\u016bru<br data-start=\"4071\" data-end=\"4074\" \/>\u2714\ufe0f Nomierina kairin\u0101tu \u0101du<br data-start=\"4100\" data-end=\"4103\" \/>\u2714\ufe0f Saglab\u0101 maigumu un elast\u012bbu<br data-start=\"4133\" data-end=\"4136\" \/>\u2714\ufe0f Nodro\u0161ina komfortu bez sausuma<\/p>\n","protected":false},"featured_media":79501,"template":"","meta":[],"pwb-brand":[1249],"product_brand":[],"product_cat":[715,745,739,753],"product_tag":[],"giftcard-category":[],"class_list":{"0":"post-79500","1":"product","2":"type-product","3":"status-publish","4":"has-post-thumbnail","6":"pwb-brand-pca-skin","7":"product_cat-attirisana","8":"product_cat-jutigai-adai","9":"product_cat-sausai-adai","10":"product_cat-travel-size-lv","11":"pa_suurus-206ml-lv","12":"pa_suurus-29-6ml-lv","14":"first","15":"instock","16":"sale","17":"taxable","18":"shipping-taxable","19":"purchasable","20":"product-type-variable"},"acf":[],"brands":[{"id":1249,"name":"PCA Skin","slug":"pca-skin"}],"_links":{"self":[{"href":"https:\/\/skinstudio.ee\/lv\/wp-json\/wp\/v2\/product\/79500","targetHints":{"allow":["GET"]}}],"collection":[{"href":"https:\/\/skinstudio.ee\/lv\/wp-json\/wp\/v2\/product"}],"about":[{"href":"https:\/\/skinstudio.ee\/lv\/wp-json\/wp\/v2\/types\/product"}],"version-history":[{"count":1,"href":"https:\/\/skinstudio.ee\/lv\/wp-json\/wp\/v2\/product\/79500\/revisions"}],"predecessor-version":[{"id":79504,"href":"https:\/\/skinstudio.ee\/lv\/wp-json\/wp\/v2\/product\/79500\/revisions\/79504"}],"wp:featuredmedia":[{"embeddable":true,"href":"https:\/\/skinstudio.ee\/lv\/wp-json\/wp\/v2\/media\/79501"}],"wp:attachment":[{"href":"https:\/\/skinstudio.ee\/lv\/wp-json\/wp\/v2\/media?parent=79500"}],"wp:term":[{"taxonomy":"pwb-brand","embeddable":true,"href":"https:\/\/skinstudio.ee\/lv\/wp-json\/wp\/v2\/pwb-brand?post=79500"},{"taxonomy":"product_brand","embeddable":true,"href":"https:\/\/skinstudio.ee\/lv\/wp-json\/wp\/v2\/product_brand?post=79500"},{"taxonomy":"product_cat","embeddable":true,"href":"https:\/\/skinstudio.ee\/lv\/wp-json\/wp\/v2\/product_cat?post=79500"},{"taxonomy":"product_tag","embeddable":true,"href":"https:\/\/skinstudio.ee\/lv\/wp-json\/wp\/v2\/product_tag?post=79500"},{"taxonomy":"giftcard-category","embeddable":true,"href":"https:\/\/skinstudio.ee\/lv\/wp-json\/wp\/v2\/giftcard-category?post=79500"}],"curies":[{"name":"wp","href":"https:\/\/api.w.org\/{rel}","templated":true}]}}