{"id":79515,"date":"2023-05-24T17:56:11","date_gmt":"2023-05-24T17:56:11","guid":{"rendered":"https:\/\/skinstudio.ee\/?post_type=product&#038;p=79515"},"modified":"2026-02-13T15:27:52","modified_gmt":"2026-02-13T15:27:52","slug":"facial-wash-oily-problem","status":"publish","type":"product","link":"https:\/\/skinstudio.ee\/lv\/catalog\/pca-skin-lv\/facial-wash-oily-problem\/","title":{"rendered":"Facial Wash Oily\/Problem"},"content":{"rendered":"<p data-start=\"3416\" data-end=\"3699\"><strong data-start=\"3416\" data-end=\"3456\">Facial Wash Oily\/Problem no PCA SKIN<\/strong> &#8211; ikdienas lieto\u0161anai paredz\u0113ts att\u012bro\u0161s l\u012bdzeklis dekorat\u012bv\u0101s kosm\u0113tikas, liek\u0101 sebuma un apk\u0101rt\u0113j\u0101s vides net\u012brumu no\u0146em\u0161anai. Formula apvieno maigu att\u012br\u012b\u0161anu ar vieglu eksfoli\u0113jo\u0161u iedarb\u012bbu, nodro\u0161inot t\u012bras \u0101das saj\u016btu bez izsaus\u0113\u0161anas.<\/p>\n<p data-start=\"3701\" data-end=\"3965\">Produkts veicina virsmas atjauno\u0161anos, izl\u012bdzina tekst\u016bru un saglab\u0101 svaigu izskatu. Akt\u012bvie komponenti samazina iekaisuma izpausmes, nomierina \u0101du un saglab\u0101 komfortu p\u0113c att\u012br\u012b\u0161anas. Piem\u0113rots regul\u0101rai lieto\u0161anai \u0101das kop\u0161an\u0101 ar paaugstin\u0101tu sebuma izdal\u012b\u0161anos.<\/p>\n<p data-start=\"3967\" data-end=\"3998\"><strong data-start=\"3967\" data-end=\"3998\">Galveno sast\u0101vda\u013cu darb\u012bba:<\/strong><\/p>\n<p data-start=\"4000\" data-end=\"4057\">\u2022 <strong data-start=\"4002\" data-end=\"4016\">Piensk\u0101be:<\/strong> maigi no\u0146em atmiru\u0161\u0101s \u0161\u016bnas un mitrina<\/p>\n<p data-start=\"4059\" data-end=\"4140\">\u2022 <strong data-start=\"4061\" data-end=\"4080\">Glikonolaktons:<\/strong> nodro\u0161ina maigu eksfoli\u0101ciju, nomierina un uzlabo izskatu<\/p>\n<p data-start=\"4142\" data-end=\"4224\">\u2022 <strong data-start=\"4144\" data-end=\"4166\">Alvejas lapu sula:<\/strong> mazina kairin\u0101jumu un nodro\u0161ina pretiekaisuma iedarb\u012bbu<\/p>\n<p data-start=\"4226\" data-end=\"4368\">Kam piem\u0113rots <strong data-start=\"4240\" data-end=\"4268\">Facial Wash Oily\/Problem<\/strong>: kombin\u0113tai un taukainai \u0101dai, tostarp ar paaugstin\u0101tu sebuma izdal\u012b\u0161anos un noslieci uz iekaisumu.<\/p>\n<p data-start=\"4370\" data-end=\"4399\"><strong data-start=\"4370\" data-end=\"4382\">Tilpums:<\/strong> 29,6 ml \/ 206 ml<\/p>\n","protected":false},"excerpt":{"rendered":"<p data-start=\"4697\" data-end=\"4749\">Att\u012bro\u0161s l\u012bdzeklis taukainai \u0101dai<\/p>\n<h2 data-start=\"4751\" data-end=\"4799\"><strong data-start=\"4751\" data-end=\"4799\">\u012apa\u0161\u012bbas PCA SKIN &#8211; Facial Wash Oily\/Problem<\/strong><\/h2>\n<p data-start=\"4801\" data-end=\"4997\">\u2714\ufe0f No\u0146em lieko sebumu, net\u012brumus un kosm\u0113tiku<br data-start=\"4846\" data-end=\"4849\" \/>\u2714\ufe0f Maigi eksfoli\u0113 un att\u012bra poras<br data-start=\"4882\" data-end=\"4885\" \/>\u2714\ufe0f Samazina iekaisuma izpausmes<br data-start=\"4916\" data-end=\"4919\" \/>\u2714\ufe0f Atsvaidzina un izl\u012bdzina tekst\u016bru<br data-start=\"4955\" data-end=\"4958\" \/>\u2714\ufe0f Nodro\u0161ina t\u012br\u012bbas saj\u016btu bez sausuma<\/p>\n","protected":false},"featured_media":64349,"template":"","meta":[],"pwb-brand":[1249],"product_brand":[],"product_cat":[715,747,753],"product_tag":[],"giftcard-category":[],"class_list":{"0":"post-79515","1":"product","2":"type-product","3":"status-publish","4":"has-post-thumbnail","6":"pwb-brand-pca-skin-lv","7":"product_cat-attirisana","8":"product_cat-taukainai-adai","9":"product_cat-travel-size-lv","10":"pa_suurus-206ml-lv","11":"pa_suurus-29-6ml-lv","13":"first","14":"instock","15":"sale","16":"taxable","17":"shipping-taxable","18":"purchasable","19":"product-type-variable"},"acf":[],"brands":[{"id":1249,"name":"PCA Skin","slug":"pca-skin-lv"}],"_links":{"self":[{"href":"https:\/\/skinstudio.ee\/lv\/wp-json\/wp\/v2\/product\/79515","targetHints":{"allow":["GET"]}}],"collection":[{"href":"https:\/\/skinstudio.ee\/lv\/wp-json\/wp\/v2\/product"}],"about":[{"href":"https:\/\/skinstudio.ee\/lv\/wp-json\/wp\/v2\/types\/product"}],"version-history":[{"count":1,"href":"https:\/\/skinstudio.ee\/lv\/wp-json\/wp\/v2\/product\/79515\/revisions"}],"predecessor-version":[{"id":79520,"href":"https:\/\/skinstudio.ee\/lv\/wp-json\/wp\/v2\/product\/79515\/revisions\/79520"}],"wp:featuredmedia":[{"embeddable":true,"href":"https:\/\/skinstudio.ee\/lv\/wp-json\/wp\/v2\/media\/64349"}],"wp:attachment":[{"href":"https:\/\/skinstudio.ee\/lv\/wp-json\/wp\/v2\/media?parent=79515"}],"wp:term":[{"taxonomy":"pwb-brand","embeddable":true,"href":"https:\/\/skinstudio.ee\/lv\/wp-json\/wp\/v2\/pwb-brand?post=79515"},{"taxonomy":"product_brand","embeddable":true,"href":"https:\/\/skinstudio.ee\/lv\/wp-json\/wp\/v2\/product_brand?post=79515"},{"taxonomy":"product_cat","embeddable":true,"href":"https:\/\/skinstudio.ee\/lv\/wp-json\/wp\/v2\/product_cat?post=79515"},{"taxonomy":"product_tag","embeddable":true,"href":"https:\/\/skinstudio.ee\/lv\/wp-json\/wp\/v2\/product_tag?post=79515"},{"taxonomy":"giftcard-category","embeddable":true,"href":"https:\/\/skinstudio.ee\/lv\/wp-json\/wp\/v2\/giftcard-category?post=79515"}],"curies":[{"name":"wp","href":"https:\/\/api.w.org\/{rel}","templated":true}]}}