{"id":79549,"date":"2025-07-29T11:07:08","date_gmt":"2025-07-29T11:07:08","guid":{"rendered":"https:\/\/skinstudio.ee\/?post_type=product&#038;p=79549"},"modified":"2026-04-03T09:47:11","modified_gmt":"2026-04-03T09:47:11","slug":"intensive-cream","status":"publish","type":"product","link":"https:\/\/skinstudio.ee\/lv\/catalog\/zeroid\/intensive-cream\/","title":{"rendered":"Intensive Cream"},"content":{"rendered":"<p data-start=\"2561\" data-end=\"2864\"><strong data-start=\"2561\" data-end=\"2590\">Intensive Cream no ZEROID<\/strong> ir viegls, bet bag\u0101t\u012bgs mitrino\u0161s kr\u0113ms, kas paredz\u0113ts sausas un jut\u012bgas \u0101das ikdienas kop\u0161anai. Formula nodro\u0161ina ilgsto\u0161u mitrin\u0101\u0161anu un stiprina \u0101das aizsargbarjeru, samazinot sausumu un diskomfortu. Kr\u0113ms saglab\u0101 \u0101das maigumu un komfortu ar\u012b izteiktas sausuma gad\u012bjum\u0101.<\/p>\n<p data-start=\"2866\" data-end=\"3139\">Tekst\u016bra viegli kl\u0101jas un pak\u0101peniski ies\u016bcas, nodro\u0161inot barojo\u0161u saj\u016btu bez smaguma. Kr\u0113ms nov\u0113r\u0161 p\u0101rm\u0113r\u012bgu sausumu un samazina ar sausu \u0101du saist\u012bto boj\u0101jumu risku. Nesatur smar\u017evielas, kr\u0101svielas, etanolu, parab\u0113nus, fenoksietanolu, miner\u0101le\u013c\u013cu, propil\u0113nglikolu un PEG.<\/p>\n<p data-start=\"3141\" data-end=\"3319\"><strong data-start=\"3141\" data-end=\"3175\">Kam piem\u0113rots Intensive Cream:<\/strong> paredz\u0113ts sausai, \u013coti sausai un jut\u012bgai \u0101dai, tostarp ar boj\u0101tu aizsargbarjeru. Piem\u0113rots lieto\u0161anai jebkur\u0101 vecum\u0101, ar\u012b z\u012bdai\u0146iem un b\u0113rniem.<\/p>\n<p data-start=\"3321\" data-end=\"3339\"><strong data-start=\"3321\" data-end=\"3333\">Tilpums:<\/strong> 80 ml<\/p>\n","protected":false},"excerpt":{"rendered":"<p data-start=\"3435\" data-end=\"3460\">Intens\u012bvs mitrino\u0161s kr\u0113ms<\/p>\n<h2 data-start=\"3462\" data-end=\"3499\"><strong data-start=\"3462\" data-end=\"3499\">\u012apa\u0161\u012bbas ZEROID &#8211; Intensive Cream<\/strong><\/h2>\n<p data-start=\"3501\" data-end=\"3673\">\u2714\ufe0f Intens\u012bvi mitrina un baro \u0101du<br data-start=\"3533\" data-end=\"3536\" \/>\u2714\ufe0f Atjauno \u0101das aizsargbarjeru<br data-start=\"3566\" data-end=\"3569\" \/>\u2714\ufe0f Samazina kairin\u0101jumu un aps\u0101rtumu<br data-start=\"3605\" data-end=\"3608\" \/>\u2714\ufe0f Nov\u0113r\u0161 p\u0101rm\u0113r\u012bgu \u0101das sausumu<br data-start=\"3640\" data-end=\"3643\" \/>\u2714\ufe0f Nodro\u0161ina ilgsto\u0161u komfortu<\/p>\n","protected":false},"featured_media":67192,"template":"","meta":[],"pwb-brand":[1255],"product_brand":[],"product_cat":[745,737],"product_tag":[],"giftcard-category":[],"class_list":{"0":"post-79549","1":"product","2":"type-product","3":"status-publish","4":"has-post-thumbnail","6":"pwb-brand-zeroid","7":"product_cat-jutigai-adai","8":"product_cat-mitrinasana","10":"first","11":"instock","12":"taxable","13":"shipping-taxable","14":"purchasable","15":"product-type-simple"},"acf":[],"brands":[{"id":1255,"name":"ZEROID","slug":"zeroid"}],"_links":{"self":[{"href":"https:\/\/skinstudio.ee\/lv\/wp-json\/wp\/v2\/product\/79549","targetHints":{"allow":["GET"]}}],"collection":[{"href":"https:\/\/skinstudio.ee\/lv\/wp-json\/wp\/v2\/product"}],"about":[{"href":"https:\/\/skinstudio.ee\/lv\/wp-json\/wp\/v2\/types\/product"}],"version-history":[{"count":1,"href":"https:\/\/skinstudio.ee\/lv\/wp-json\/wp\/v2\/product\/79549\/revisions"}],"predecessor-version":[{"id":79550,"href":"https:\/\/skinstudio.ee\/lv\/wp-json\/wp\/v2\/product\/79549\/revisions\/79550"}],"wp:featuredmedia":[{"embeddable":true,"href":"https:\/\/skinstudio.ee\/lv\/wp-json\/wp\/v2\/media\/67192"}],"wp:attachment":[{"href":"https:\/\/skinstudio.ee\/lv\/wp-json\/wp\/v2\/media?parent=79549"}],"wp:term":[{"taxonomy":"pwb-brand","embeddable":true,"href":"https:\/\/skinstudio.ee\/lv\/wp-json\/wp\/v2\/pwb-brand?post=79549"},{"taxonomy":"product_brand","embeddable":true,"href":"https:\/\/skinstudio.ee\/lv\/wp-json\/wp\/v2\/product_brand?post=79549"},{"taxonomy":"product_cat","embeddable":true,"href":"https:\/\/skinstudio.ee\/lv\/wp-json\/wp\/v2\/product_cat?post=79549"},{"taxonomy":"product_tag","embeddable":true,"href":"https:\/\/skinstudio.ee\/lv\/wp-json\/wp\/v2\/product_tag?post=79549"},{"taxonomy":"giftcard-category","embeddable":true,"href":"https:\/\/skinstudio.ee\/lv\/wp-json\/wp\/v2\/giftcard-category?post=79549"}],"curies":[{"name":"wp","href":"https:\/\/api.w.org\/{rel}","templated":true}]}}