{"id":79556,"date":"2025-07-29T11:06:34","date_gmt":"2025-07-29T11:06:34","guid":{"rendered":"https:\/\/skinstudio.ee\/?post_type=product&#038;p=79556"},"modified":"2026-04-03T09:47:12","modified_gmt":"2026-04-03T09:47:12","slug":"pimprove-calming-ampoule","status":"publish","type":"product","link":"https:\/\/skinstudio.ee\/lv\/catalog\/zeroid-lv\/pimprove-calming-ampoule\/","title":{"rendered":"Pimprove Calming Ampoule"},"content":{"rendered":"<p data-start=\"2644\" data-end=\"2895\"><strong data-start=\"2644\" data-end=\"2682\">Pimprove Calming Ampoule no ZEROID<\/strong> ir koncentr\u0113ts nomierino\u0161s serums, kas paredz\u0113ts nov\u0101jin\u0101tas, problem\u0101tiskas un iekaisu\u0161as \u0101das kop\u0161anai. Formula samazina aps\u0101rtumu un kairin\u0101jumu, pal\u012bdzot atjaunot \u0101das komfortu un mazin\u0101t nepiln\u012bbu redzam\u012bbu.<\/p>\n<p data-start=\"2897\" data-end=\"3219\">Serums pal\u012bdz normaliz\u0113t \u0101das st\u0101vokli, samazina iekaisuma paz\u012bmes un atbalsta \u0101das aizsargbarjeras atjauno\u0161anos. Viegl\u0101 tekst\u016bra \u0101tri ies\u016bcas, neatst\u0101j lip\u012bgumu vai taukainu saj\u016btu, padarot \u0101du maig\u0101ku, mier\u012bg\u0101ku un vienm\u0113r\u012bg\u0101ku. Piem\u0113rots regul\u0101rai lieto\u0161anai un k\u0101 papildu solis jut\u012bguma vai izsitumu saasin\u0101jumu laik\u0101.<\/p>\n<p data-start=\"3221\" data-end=\"3391\"><strong data-start=\"3221\" data-end=\"3264\">Kam piem\u0113rots Pimprove Calming Ampoule:<\/strong> paredz\u0113ts problem\u0101tiskai, jut\u012bgai un uz iekaisumiem tend\u0113tai \u0101dai, tostarp reakt\u012bvai un l\u012bdzsvara trauc\u0113jumiem pak\u013cautai \u0101dai.<\/p>\n<p data-start=\"3393\" data-end=\"3411\"><strong data-start=\"3393\" data-end=\"3405\">Tilpums:<\/strong> 30 ml<\/p>\n","protected":false},"excerpt":{"rendered":"<p data-start=\"3521\" data-end=\"3539\">Nomierino\u0161s serums<\/p>\n<h2 data-start=\"3541\" data-end=\"3587\"><strong data-start=\"3541\" data-end=\"3587\">\u012apa\u0161\u012bbas ZEROID &#8211; Pimprove Calming Ampoule<\/strong><\/h2>\n<p data-start=\"3589\" data-end=\"3807\">\u2714\ufe0f Samazina aps\u0101rtumu un kairin\u0101juma paz\u012bmes<br data-start=\"3633\" data-end=\"3636\" \/>\u2714\ufe0f Mazina iekaisuma elementu redzam\u012bbu<br data-start=\"3674\" data-end=\"3677\" \/>\u2714\ufe0f Normaliz\u0113 \u0101das st\u0101vokli nepiln\u012bbu gad\u012bjum\u0101<br data-start=\"3722\" data-end=\"3725\" \/>\u2714\ufe0f Regul\u0113 p\u0101rm\u0113r\u012bgu sebuma izdal\u012b\u0161anos<br data-start=\"3763\" data-end=\"3766\" \/>\u2714\ufe0f Uzlabo \u0101das komfortu un kop\u0113jo izskatu<\/p>\n","protected":false},"featured_media":38393,"template":"","meta":[],"pwb-brand":[1255],"product_brand":[],"product_cat":[745,723],"product_tag":[],"giftcard-category":[],"class_list":{"0":"post-79556","1":"product","2":"type-product","3":"status-publish","4":"has-post-thumbnail","6":"pwb-brand-zeroid-lv","7":"product_cat-jutigai-adai","8":"product_cat-serumi","10":"first","11":"instock","12":"taxable","13":"shipping-taxable","14":"purchasable","15":"product-type-simple"},"acf":[],"brands":[{"id":1255,"name":"ZEROID","slug":"zeroid-lv"}],"_links":{"self":[{"href":"https:\/\/skinstudio.ee\/lv\/wp-json\/wp\/v2\/product\/79556","targetHints":{"allow":["GET"]}}],"collection":[{"href":"https:\/\/skinstudio.ee\/lv\/wp-json\/wp\/v2\/product"}],"about":[{"href":"https:\/\/skinstudio.ee\/lv\/wp-json\/wp\/v2\/types\/product"}],"version-history":[{"count":1,"href":"https:\/\/skinstudio.ee\/lv\/wp-json\/wp\/v2\/product\/79556\/revisions"}],"predecessor-version":[{"id":79557,"href":"https:\/\/skinstudio.ee\/lv\/wp-json\/wp\/v2\/product\/79556\/revisions\/79557"}],"wp:featuredmedia":[{"embeddable":true,"href":"https:\/\/skinstudio.ee\/lv\/wp-json\/wp\/v2\/media\/38393"}],"wp:attachment":[{"href":"https:\/\/skinstudio.ee\/lv\/wp-json\/wp\/v2\/media?parent=79556"}],"wp:term":[{"taxonomy":"pwb-brand","embeddable":true,"href":"https:\/\/skinstudio.ee\/lv\/wp-json\/wp\/v2\/pwb-brand?post=79556"},{"taxonomy":"product_brand","embeddable":true,"href":"https:\/\/skinstudio.ee\/lv\/wp-json\/wp\/v2\/product_brand?post=79556"},{"taxonomy":"product_cat","embeddable":true,"href":"https:\/\/skinstudio.ee\/lv\/wp-json\/wp\/v2\/product_cat?post=79556"},{"taxonomy":"product_tag","embeddable":true,"href":"https:\/\/skinstudio.ee\/lv\/wp-json\/wp\/v2\/product_tag?post=79556"},{"taxonomy":"giftcard-category","embeddable":true,"href":"https:\/\/skinstudio.ee\/lv\/wp-json\/wp\/v2\/giftcard-category?post=79556"}],"curies":[{"name":"wp","href":"https:\/\/api.w.org\/{rel}","templated":true}]}}