{"id":79563,"date":"2025-07-29T11:04:54","date_gmt":"2025-07-29T11:04:54","guid":{"rendered":"https:\/\/skinstudio.ee\/?post_type=product&#038;p=79563"},"modified":"2026-04-03T09:47:11","modified_gmt":"2026-04-03T09:47:11","slug":"dermanewal-protect-cream","status":"publish","type":"product","link":"https:\/\/skinstudio.ee\/lv\/catalog\/zeroid-lv\/dermanewal-protect-cream\/","title":{"rendered":"Dermanewal Protect Cream"},"content":{"rendered":"<p data-start=\"2980\" data-end=\"3283\"><strong data-start=\"2980\" data-end=\"3018\">Dermanewal Protect Cream no ZEROID<\/strong> ir \u0101tri ies\u016bco\u0161s atjaunojo\u0161s kr\u0113ms ar vieglu, nelip\u012bgu tekst\u016bru, kas paredz\u0113ts \u0101das kop\u0161anai p\u0113c agres\u012bv\u0101m dermatolo\u0123isk\u0101m proced\u016br\u0101m. Kr\u0113ms nomierina \u0101du, mazina kairin\u0101juma saj\u016btu un pal\u012bdz atjaunot \u0101das aizsargfunkcijas, saglab\u0101jot komfortu un vesel\u012bgu izskatu.<\/p>\n<p data-start=\"3285\" data-end=\"3548\">Formula stiprina nov\u0101jin\u0101tu \u0101das aizsargbarjeru un atbalsta atjauno\u0161an\u0101s procesus p\u0113c \u0101r\u0113jiem stresa faktoriem. Kr\u0113ms uzlabo \u0101das toni un pigment\u0101cijas izskatu, neradot papildu kairin\u0101jumu pat jut\u012bgai \u0101dai. Viegl\u0101 tekst\u016bra \u0101tri ies\u016bcas, neatst\u0101jot taukainu pl\u0113vi.<\/p>\n<p data-start=\"3550\" data-end=\"3719\"><strong data-start=\"3550\" data-end=\"3593\">Kam piem\u0113rots Dermanewal Protect Cream:<\/strong> paredz\u0113ts nov\u0101jin\u0101tai, jut\u012bgai un reakt\u012bvai \u0101dai, tostarp p\u0113c dermatolo\u0123isk\u0101m proced\u016br\u0101m un boj\u0101tas aizsargbarjeras gad\u012bjum\u0101.<\/p>\n<p data-start=\"3721\" data-end=\"3739\"><strong data-start=\"3721\" data-end=\"3733\">Tilpums:<\/strong> 50 ml<\/p>\n","protected":false},"excerpt":{"rendered":"<p data-start=\"3955\" data-end=\"3972\">Atjaunojo\u0161s kr\u0113ms<\/p>\n<h2 data-start=\"3974\" data-end=\"4020\"><strong data-start=\"3974\" data-end=\"4020\">\u012apa\u0161\u012bbas ZEROID &#8211; Dermanewal Protect Cream<\/strong><\/h2>\n<p data-start=\"4022\" data-end=\"4247\">\u2714\ufe0f Nomierina \u0101du p\u0113c dermatolo\u0123isk\u0101m proced\u016br\u0101m<br data-start=\"4069\" data-end=\"4072\" \/>\u2714\ufe0f Atjauno un stiprina \u0101das aizsargbarjeru<br data-start=\"4114\" data-end=\"4117\" \/>\u2714\ufe0f Uzlabo \u0101das toni un pigment\u0101cijas izskatu<br data-start=\"4161\" data-end=\"4164\" \/>\u2714\ufe0f Mazina kairin\u0101juma un diskomforta saj\u016btu<br data-start=\"4207\" data-end=\"4210\" \/>\u2714\ufe0f \u0100tri ies\u016bcas bez taukainas saj\u016btas<\/p>\n","protected":false},"featured_media":67177,"template":"","meta":[],"pwb-brand":[1255],"product_brand":[],"product_cat":[745,737,751],"product_tag":[],"giftcard-category":[],"class_list":{"0":"post-79563","1":"product","2":"type-product","3":"status-publish","4":"has-post-thumbnail","6":"pwb-brand-zeroid-lv","7":"product_cat-jutigai-adai","8":"product_cat-mitrinasana","9":"product_cat-pigmentacija-lv","11":"first","12":"instock","13":"taxable","14":"shipping-taxable","15":"purchasable","16":"product-type-simple"},"acf":[],"brands":[{"id":1255,"name":"ZEROID","slug":"zeroid-lv"}],"_links":{"self":[{"href":"https:\/\/skinstudio.ee\/lv\/wp-json\/wp\/v2\/product\/79563","targetHints":{"allow":["GET"]}}],"collection":[{"href":"https:\/\/skinstudio.ee\/lv\/wp-json\/wp\/v2\/product"}],"about":[{"href":"https:\/\/skinstudio.ee\/lv\/wp-json\/wp\/v2\/types\/product"}],"version-history":[{"count":1,"href":"https:\/\/skinstudio.ee\/lv\/wp-json\/wp\/v2\/product\/79563\/revisions"}],"predecessor-version":[{"id":79564,"href":"https:\/\/skinstudio.ee\/lv\/wp-json\/wp\/v2\/product\/79563\/revisions\/79564"}],"wp:featuredmedia":[{"embeddable":true,"href":"https:\/\/skinstudio.ee\/lv\/wp-json\/wp\/v2\/media\/67177"}],"wp:attachment":[{"href":"https:\/\/skinstudio.ee\/lv\/wp-json\/wp\/v2\/media?parent=79563"}],"wp:term":[{"taxonomy":"pwb-brand","embeddable":true,"href":"https:\/\/skinstudio.ee\/lv\/wp-json\/wp\/v2\/pwb-brand?post=79563"},{"taxonomy":"product_brand","embeddable":true,"href":"https:\/\/skinstudio.ee\/lv\/wp-json\/wp\/v2\/product_brand?post=79563"},{"taxonomy":"product_cat","embeddable":true,"href":"https:\/\/skinstudio.ee\/lv\/wp-json\/wp\/v2\/product_cat?post=79563"},{"taxonomy":"product_tag","embeddable":true,"href":"https:\/\/skinstudio.ee\/lv\/wp-json\/wp\/v2\/product_tag?post=79563"},{"taxonomy":"giftcard-category","embeddable":true,"href":"https:\/\/skinstudio.ee\/lv\/wp-json\/wp\/v2\/giftcard-category?post=79563"}],"curies":[{"name":"wp","href":"https:\/\/api.w.org\/{rel}","templated":true}]}}