{"id":79571,"date":"2025-07-29T11:04:16","date_gmt":"2025-07-29T11:04:16","guid":{"rendered":"https:\/\/skinstudio.ee\/?post_type=product&#038;p=79571"},"modified":"2026-04-03T09:47:11","modified_gmt":"2026-04-03T09:47:11","slug":"dermanewal-cleansing-gel","status":"publish","type":"product","link":"https:\/\/skinstudio.ee\/lv\/catalog\/zeroid\/dermanewal-cleansing-gel\/","title":{"rendered":"Dermanewal Cleansing Gel"},"content":{"rendered":"<p data-start=\"2443\" data-end=\"2687\"><strong data-start=\"2443\" data-end=\"2481\">Dermanewal Cleansing Gel no ZEROID<\/strong> ir maigs sejas att\u012bro\u0161s g\u0113ls, kas paredz\u0113ts ikdienas maigai att\u012br\u012b\u0161anai. Formula efekt\u012bvi no\u0146em net\u012brumus, kosm\u0113tikas atlikumus un lieko sebumu, vienlaikus saglab\u0101jot \u0101das komfortu un dabisko pH l\u012bdzsvaru.<\/p>\n<p data-start=\"2689\" data-end=\"2908\">Viegl\u0101 formula att\u012bra \u0101du, nep\u0101rsusinot to, pal\u012bdzot saglab\u0101t maigumu un mitrin\u0101juma saj\u016btu p\u0113c mazg\u0101\u0161anas. G\u0113ls piem\u0113rots regul\u0101rai lieto\u0161anai un var b\u016bt da\u013ca no kop\u0161anas p\u0113c kosm\u0113tisk\u0101m vai dermatolo\u0123isk\u0101m proced\u016br\u0101m.<\/p>\n<p data-start=\"2910\" data-end=\"3078\"><strong data-start=\"2910\" data-end=\"2953\">Kam piem\u0113rots Dermanewal Cleansing Gel:<\/strong> paredz\u0113ts visiem \u0101das tipiem, tostarp jut\u012bgai, reakt\u012bvai un nov\u0101jin\u0101tai \u0101dai p\u0113c dermatolo\u0123isk\u0101m vai kosm\u0113tisk\u0101m proced\u016br\u0101m.<\/p>\n<p data-start=\"3080\" data-end=\"3099\"><strong data-start=\"3080\" data-end=\"3092\">Tilpums:<\/strong> 200 ml<\/p>\n","protected":false},"excerpt":{"rendered":"<p data-start=\"3257\" data-end=\"3270\">Att\u012bro\u0161s g\u0113ls<\/p>\n<h2 data-start=\"3272\" data-end=\"3318\"><strong data-start=\"3272\" data-end=\"3318\">\u012apa\u0161\u012bbas ZEROID &#8211; Dermanewal Cleansing Gel<\/strong><\/h2>\n<p data-start=\"3320\" data-end=\"3526\">\u2714\ufe0f Maigi att\u012bra net\u012brumus un lieko sebumu<br data-start=\"3361\" data-end=\"3364\" \/>\u2714\ufe0f Att\u012bra poras, nep\u0101rsusinot \u0101du<br data-start=\"3397\" data-end=\"3400\" \/>\u2714\ufe0f Saglab\u0101 dabisko \u0101das l\u012bdzsvaru<br data-start=\"3433\" data-end=\"3436\" \/>\u2714\ufe0f Uztur mitrin\u0101juma saj\u016btu p\u0113c att\u012br\u012b\u0161anas<br data-start=\"3479\" data-end=\"3482\" \/>\u2714\ufe0f Nodro\u0161ina komfortablu ikdienas att\u012br\u012b\u0161anu<\/p>\n","protected":false},"featured_media":40955,"template":"","meta":[],"pwb-brand":[1255],"product_brand":[],"product_cat":[715],"product_tag":[],"giftcard-category":[],"class_list":{"0":"post-79571","1":"product","2":"type-product","3":"status-publish","4":"has-post-thumbnail","6":"pwb-brand-zeroid","7":"product_cat-attirisana","9":"first","10":"instock","11":"taxable","12":"shipping-taxable","13":"purchasable","14":"product-type-simple"},"acf":[],"brands":[{"id":1255,"name":"ZEROID","slug":"zeroid"}],"_links":{"self":[{"href":"https:\/\/skinstudio.ee\/lv\/wp-json\/wp\/v2\/product\/79571","targetHints":{"allow":["GET"]}}],"collection":[{"href":"https:\/\/skinstudio.ee\/lv\/wp-json\/wp\/v2\/product"}],"about":[{"href":"https:\/\/skinstudio.ee\/lv\/wp-json\/wp\/v2\/types\/product"}],"version-history":[{"count":1,"href":"https:\/\/skinstudio.ee\/lv\/wp-json\/wp\/v2\/product\/79571\/revisions"}],"predecessor-version":[{"id":79572,"href":"https:\/\/skinstudio.ee\/lv\/wp-json\/wp\/v2\/product\/79571\/revisions\/79572"}],"wp:featuredmedia":[{"embeddable":true,"href":"https:\/\/skinstudio.ee\/lv\/wp-json\/wp\/v2\/media\/40955"}],"wp:attachment":[{"href":"https:\/\/skinstudio.ee\/lv\/wp-json\/wp\/v2\/media?parent=79571"}],"wp:term":[{"taxonomy":"pwb-brand","embeddable":true,"href":"https:\/\/skinstudio.ee\/lv\/wp-json\/wp\/v2\/pwb-brand?post=79571"},{"taxonomy":"product_brand","embeddable":true,"href":"https:\/\/skinstudio.ee\/lv\/wp-json\/wp\/v2\/product_brand?post=79571"},{"taxonomy":"product_cat","embeddable":true,"href":"https:\/\/skinstudio.ee\/lv\/wp-json\/wp\/v2\/product_cat?post=79571"},{"taxonomy":"product_tag","embeddable":true,"href":"https:\/\/skinstudio.ee\/lv\/wp-json\/wp\/v2\/product_tag?post=79571"},{"taxonomy":"giftcard-category","embeddable":true,"href":"https:\/\/skinstudio.ee\/lv\/wp-json\/wp\/v2\/giftcard-category?post=79571"}],"curies":[{"name":"wp","href":"https:\/\/api.w.org\/{rel}","templated":true}]}}