{"id":79579,"date":"2025-07-29T11:03:25","date_gmt":"2025-07-29T11:03:25","guid":{"rendered":"https:\/\/skinstudio.ee\/?post_type=product&#038;p=79579"},"modified":"2026-04-03T09:47:11","modified_gmt":"2026-04-03T09:47:11","slug":"dermanewal-revitalizing-ampoule","status":"publish","type":"product","link":"https:\/\/skinstudio.ee\/lv\/catalog\/zeroid-lv\/dermanewal-revitalizing-ampoule\/","title":{"rendered":"Dermanewal Revitalizing Ampoule"},"content":{"rendered":"<p data-start=\"2660\" data-end=\"2938\"><strong data-start=\"2660\" data-end=\"2705\">Dermanewal Revitalizing Ampoule no ZEROID<\/strong> ir atjaunojo\u0161s ampulas serums, kas paredz\u0113ts noguru\u0161as un stres\u0101 eso\u0161as \u0101das ener\u0123ijas atjauno\u0161anai. Formula pal\u012bdz pan\u0101kt svaig\u0101ku un atp\u016btu\u0161os izskatu, uzlabo \u0101das elast\u012bbu un kop\u0113jo st\u0101vokli, saglab\u0101jot komfortu ar\u012b jut\u012bgai \u0101dai.<\/p>\n<p data-start=\"2940\" data-end=\"3206\">Serums stiprina \u0101das strukt\u016bru un atbalsta atjauno\u0161an\u0101s procesus, samazinot sausuma un savilkuma saj\u016btu. Viegl\u0101 tekst\u016bra \u0101tri ies\u016bcas un nep\u0101rslogo \u0101du, padarot to m\u012bkstu un gludu. Piem\u0113rots regul\u0101rai lieto\u0161anai ikdienas kop\u0161an\u0101 un paaugstin\u0101ta \u0101das stresa periodos.<\/p>\n<p data-start=\"3208\" data-end=\"3363\"><strong data-start=\"3208\" data-end=\"3258\">Kam piem\u0113rots Dermanewal Revitalizing Ampoule:<\/strong> paredz\u0113ts noguru\u0161ai, stres\u0101 eso\u0161ai un nov\u0101jin\u0101tai \u0101dai, tostarp \u0101dai ar samazin\u0101tu tonusu un vitalit\u0101ti.<\/p>\n<p data-start=\"3365\" data-end=\"3383\"><strong data-start=\"3365\" data-end=\"3377\">Tilpums:<\/strong> 30 ml<\/p>\n","protected":false},"excerpt":{"rendered":"<p data-start=\"3539\" data-end=\"3565\">Atjaunojo\u0161s ampulas serums<\/p>\n<h2 data-start=\"3567\" data-end=\"3620\"><strong data-start=\"3567\" data-end=\"3620\">\u012apa\u0161\u012bbas ZEROID &#8211; Dermanewal Revitalizing Ampoule<\/strong><\/h2>\n<p data-start=\"3622\" data-end=\"3801\">\u2714\ufe0f Atjauno \u0101das tonusu un svaigumu<br data-start=\"3656\" data-end=\"3659\" \/>\u2714\ufe0f Uzlabo elast\u012bbu un mirdzumu<br data-start=\"3689\" data-end=\"3692\" \/>\u2714\ufe0f Samazina sausuma un savilkuma saj\u016btu<br data-start=\"3731\" data-end=\"3734\" \/>\u2714\ufe0f Stiprina \u0101das strukt\u016bru<br data-start=\"3760\" data-end=\"3763\" \/>\u2714\ufe0f Atbalsta \u0101das atjauno\u0161an\u0101s procesus<\/p>\n","protected":false},"featured_media":67166,"template":"","meta":[],"pwb-brand":[1255],"product_brand":[],"product_cat":[749,723],"product_tag":[],"giftcard-category":[],"class_list":{"0":"post-79579","1":"product","2":"type-product","3":"status-publish","4":"has-post-thumbnail","6":"pwb-brand-zeroid-lv","7":"product_cat-novecojosa-ada","8":"product_cat-serumi","10":"first","11":"instock","12":"taxable","13":"shipping-taxable","14":"purchasable","15":"product-type-simple"},"acf":[],"brands":[{"id":1255,"name":"ZEROID","slug":"zeroid-lv"}],"_links":{"self":[{"href":"https:\/\/skinstudio.ee\/lv\/wp-json\/wp\/v2\/product\/79579","targetHints":{"allow":["GET"]}}],"collection":[{"href":"https:\/\/skinstudio.ee\/lv\/wp-json\/wp\/v2\/product"}],"about":[{"href":"https:\/\/skinstudio.ee\/lv\/wp-json\/wp\/v2\/types\/product"}],"version-history":[{"count":1,"href":"https:\/\/skinstudio.ee\/lv\/wp-json\/wp\/v2\/product\/79579\/revisions"}],"predecessor-version":[{"id":79580,"href":"https:\/\/skinstudio.ee\/lv\/wp-json\/wp\/v2\/product\/79579\/revisions\/79580"}],"wp:featuredmedia":[{"embeddable":true,"href":"https:\/\/skinstudio.ee\/lv\/wp-json\/wp\/v2\/media\/67166"}],"wp:attachment":[{"href":"https:\/\/skinstudio.ee\/lv\/wp-json\/wp\/v2\/media?parent=79579"}],"wp:term":[{"taxonomy":"pwb-brand","embeddable":true,"href":"https:\/\/skinstudio.ee\/lv\/wp-json\/wp\/v2\/pwb-brand?post=79579"},{"taxonomy":"product_brand","embeddable":true,"href":"https:\/\/skinstudio.ee\/lv\/wp-json\/wp\/v2\/product_brand?post=79579"},{"taxonomy":"product_cat","embeddable":true,"href":"https:\/\/skinstudio.ee\/lv\/wp-json\/wp\/v2\/product_cat?post=79579"},{"taxonomy":"product_tag","embeddable":true,"href":"https:\/\/skinstudio.ee\/lv\/wp-json\/wp\/v2\/product_tag?post=79579"},{"taxonomy":"giftcard-category","embeddable":true,"href":"https:\/\/skinstudio.ee\/lv\/wp-json\/wp\/v2\/giftcard-category?post=79579"}],"curies":[{"name":"wp","href":"https:\/\/api.w.org\/{rel}","templated":true}]}}