{"id":79586,"date":"2025-07-29T11:03:03","date_gmt":"2025-07-29T11:03:03","guid":{"rendered":"https:\/\/skinstudio.ee\/?post_type=product&#038;p=79586"},"modified":"2026-04-03T09:47:12","modified_gmt":"2026-04-03T09:47:12","slug":"rootheal-mild-shampoo","status":"publish","type":"product","link":"https:\/\/skinstudio.ee\/lv\/catalog\/zeroid\/rootheal-mild-shampoo\/","title":{"rendered":"Rootheal Mild Shampoo"},"content":{"rendered":"<p data-start=\"2581\" data-end=\"2849\"><strong data-start=\"2581\" data-end=\"2616\">Rootheal Mild Shampoo no ZEROID<\/strong> ir maigs zema pH \u0161amp\u016bns, kas paredz\u0113ts sausas un jut\u012bgas galvas \u0101das kop\u0161anai. Formula ar maig\u0101m att\u012bro\u0161\u0101m sast\u0101vda\u013c\u0101m efekt\u012bvi no\u0146em net\u012brumus un lieko sebumu, saglab\u0101jot galvas \u0101das dabisko l\u012bdzsvaru un komfortu mazg\u0101\u0161anas laik\u0101.<\/p>\n<p data-start=\"2851\" data-end=\"3180\">\u0160amp\u016bns veido maigu, bag\u0101t\u012bgu putu, kas vienm\u0113r\u012bgi sadal\u0101s pa matiem un galvas \u0101du, att\u012brot bez p\u0101rm\u0113r\u012bgas sausuma saj\u016btas un pal\u012bdzot uztur\u0113t vesel\u012bgu matu izskatu. Formula pal\u012bdz mazin\u0101t \u0101r\u0113jo faktoru rad\u012btu kairin\u0101jumu, tostarp p\u0113c bie\u017eas kr\u0101so\u0161anas vai \u0137\u012bmisk\u0101m proced\u016br\u0101m. Piem\u0113rots regul\u0101rai lieto\u0161anai jut\u012bgai galvas \u0101dai.<\/p>\n<p data-start=\"3182\" data-end=\"3348\"><strong data-start=\"3182\" data-end=\"3222\">Kam piem\u0113rots Rootheal Mild Shampoo:<\/strong> paredz\u0113ts sausai, jut\u012bgai un kairin\u0101jumam pak\u013cautai galvas \u0101dai, tostarp diskomforta un paaugstin\u0101tas reaktivit\u0101tes gad\u012bjum\u0101.<\/p>\n<p data-start=\"3350\" data-end=\"3369\"><strong data-start=\"3350\" data-end=\"3362\">Tilpums:<\/strong> 300 ml<\/p>\n","protected":false},"excerpt":{"rendered":"<p data-start=\"3500\" data-end=\"3513\">Maigs \u0161amp\u016bns<\/p>\n<h2 data-start=\"3515\" data-end=\"3558\"><strong data-start=\"3515\" data-end=\"3558\">\u012apa\u0161\u012bbas ZEROID &#8211; Rootheal Mild Shampoo<\/strong><\/h2>\n<p data-start=\"3560\" data-end=\"3764\">\u2714\ufe0f Maigi att\u012bra galvas \u0101du un matus<br data-start=\"3595\" data-end=\"3598\" \/>\u2714\ufe0f Uztur fiziolo\u0123isko pH l\u012bdzsvaru<br data-start=\"3632\" data-end=\"3635\" \/>\u2714\ufe0f M\u012bkstina matus un uzlabo \u0137emm\u0113jam\u012bbu<br data-start=\"3674\" data-end=\"3677\" \/>\u2714\ufe0f Samazina galvas \u0101das kairin\u0101juma saj\u016btu<br data-start=\"3719\" data-end=\"3722\" \/>\u2714\ufe0f Uztur galvas \u0101das komfortu un l\u012bdzsvaru<\/p>\n","protected":false},"featured_media":67161,"template":"","meta":[],"pwb-brand":[1255],"product_brand":[],"product_cat":[757],"product_tag":[],"giftcard-category":[],"class_list":{"0":"post-79586","1":"product","2":"type-product","3":"status-publish","4":"has-post-thumbnail","6":"pwb-brand-zeroid","7":"product_cat-kermena-kopsana","9":"first","10":"instock","11":"taxable","12":"shipping-taxable","13":"purchasable","14":"product-type-simple"},"acf":[],"brands":[{"id":1255,"name":"ZEROID","slug":"zeroid"}],"_links":{"self":[{"href":"https:\/\/skinstudio.ee\/lv\/wp-json\/wp\/v2\/product\/79586","targetHints":{"allow":["GET"]}}],"collection":[{"href":"https:\/\/skinstudio.ee\/lv\/wp-json\/wp\/v2\/product"}],"about":[{"href":"https:\/\/skinstudio.ee\/lv\/wp-json\/wp\/v2\/types\/product"}],"version-history":[{"count":1,"href":"https:\/\/skinstudio.ee\/lv\/wp-json\/wp\/v2\/product\/79586\/revisions"}],"predecessor-version":[{"id":79587,"href":"https:\/\/skinstudio.ee\/lv\/wp-json\/wp\/v2\/product\/79586\/revisions\/79587"}],"wp:featuredmedia":[{"embeddable":true,"href":"https:\/\/skinstudio.ee\/lv\/wp-json\/wp\/v2\/media\/67161"}],"wp:attachment":[{"href":"https:\/\/skinstudio.ee\/lv\/wp-json\/wp\/v2\/media?parent=79586"}],"wp:term":[{"taxonomy":"pwb-brand","embeddable":true,"href":"https:\/\/skinstudio.ee\/lv\/wp-json\/wp\/v2\/pwb-brand?post=79586"},{"taxonomy":"product_brand","embeddable":true,"href":"https:\/\/skinstudio.ee\/lv\/wp-json\/wp\/v2\/product_brand?post=79586"},{"taxonomy":"product_cat","embeddable":true,"href":"https:\/\/skinstudio.ee\/lv\/wp-json\/wp\/v2\/product_cat?post=79586"},{"taxonomy":"product_tag","embeddable":true,"href":"https:\/\/skinstudio.ee\/lv\/wp-json\/wp\/v2\/product_tag?post=79586"},{"taxonomy":"giftcard-category","embeddable":true,"href":"https:\/\/skinstudio.ee\/lv\/wp-json\/wp\/v2\/giftcard-category?post=79586"}],"curies":[{"name":"wp","href":"https:\/\/api.w.org\/{rel}","templated":true}]}}