{"id":79593,"date":"2025-07-09T10:22:04","date_gmt":"2025-07-09T10:22:04","guid":{"rendered":"https:\/\/skinstudio.ee\/?post_type=product&#038;p=79593"},"modified":"2026-04-03T09:47:12","modified_gmt":"2026-04-03T09:47:12","slug":"pimprove-moisturiser","status":"publish","type":"product","link":"https:\/\/skinstudio.ee\/lv\/catalog\/zeroid-lv\/pimprove-moisturiser\/","title":{"rendered":"Pimprove Moisturiser"},"content":{"rendered":"<p data-start=\"2269\" data-end=\"2517\"><strong data-start=\"2269\" data-end=\"2303\">Pimprove Moisturiser no ZEROID<\/strong> ir viegls mitrino\u0161s kr\u0113ms, kas \u012bpa\u0161i izstr\u0101d\u0101ts aknei pak\u013cautai un taukainai \u0101dai. Formula pal\u012bdz samazin\u0101t aps\u0101rtumu un nepiln\u012bbu redzam\u012bbu, regul\u0113 sebuma izdal\u012b\u0161anos un uzlabo \u0101das tekst\u016bru, saglab\u0101jot komfortu.<\/p>\n<p data-start=\"2519\" data-end=\"2710\">Kr\u0113ms \u0101tri ies\u016bcas, nep\u0101rslogo \u0101du un neveicina poru aizs\u0113r\u0113\u0161anu. Tas atbalsta \u0101das l\u012bdzsvaru nestabila st\u0101vok\u013ca un \u0101r\u0113jo stresa faktoru gad\u012bjum\u0101, pal\u012bdzot saglab\u0101t vienm\u0113r\u012bg\u0101ku \u0101das izskatu.<\/p>\n<p data-start=\"2712\" data-end=\"2861\"><strong data-start=\"2712\" data-end=\"2751\">Kam piem\u0113rots Pimprove Moisturiser:<\/strong> paredz\u0113ts taukainai, kombin\u0113tai un problem\u0101tiskai \u0101dai, tostarp pusaud\u017eu un pieaugu\u0161o \u0101dai ar aknes tendenci.<\/p>\n<p data-start=\"2863\" data-end=\"2882\"><strong data-start=\"2863\" data-end=\"2875\">Tilpums:<\/strong> 100 ml<\/p>\n","protected":false},"excerpt":{"rendered":"<p data-start=\"2965\" data-end=\"2980\">Mitrino\u0161s kr\u0113ms<\/p>\n<h2 data-start=\"2982\" data-end=\"3024\"><strong data-start=\"2982\" data-end=\"3024\">\u012apa\u0161\u012bbas ZEROID &#8211; Pimprove Moisturiser<\/strong><\/h2>\n<p data-start=\"3026\" data-end=\"3203\">\u2714\ufe0f Samazina iekaisuma elementu redzam\u012bbu<br data-start=\"3066\" data-end=\"3069\" \/>\u2714\ufe0f Regul\u0113 sebuma izdal\u012b\u0161anos<br data-start=\"3097\" data-end=\"3100\" \/>\u2714\ufe0f Mitrina bez smaguma saj\u016btas<br data-start=\"3130\" data-end=\"3133\" \/>\u2714\ufe0f Uzlabo \u0101das tekst\u016bru un izskatu<br data-start=\"3167\" data-end=\"3170\" \/>\u2714\ufe0f \u0100tri ies\u016bcas bez pl\u0113ves efekta<\/p>\n","protected":false},"featured_media":67151,"template":"","meta":[],"pwb-brand":[1255],"product_brand":[],"product_cat":[737,747],"product_tag":[],"giftcard-category":[],"class_list":{"0":"post-79593","1":"product","2":"type-product","3":"status-publish","4":"has-post-thumbnail","6":"pwb-brand-zeroid-lv","7":"product_cat-mitrinasana","8":"product_cat-taukainai-adai","10":"first","11":"instock","12":"taxable","13":"shipping-taxable","14":"purchasable","15":"product-type-simple"},"acf":[],"brands":[{"id":1255,"name":"ZEROID","slug":"zeroid-lv"}],"_links":{"self":[{"href":"https:\/\/skinstudio.ee\/lv\/wp-json\/wp\/v2\/product\/79593","targetHints":{"allow":["GET"]}}],"collection":[{"href":"https:\/\/skinstudio.ee\/lv\/wp-json\/wp\/v2\/product"}],"about":[{"href":"https:\/\/skinstudio.ee\/lv\/wp-json\/wp\/v2\/types\/product"}],"version-history":[{"count":1,"href":"https:\/\/skinstudio.ee\/lv\/wp-json\/wp\/v2\/product\/79593\/revisions"}],"predecessor-version":[{"id":79594,"href":"https:\/\/skinstudio.ee\/lv\/wp-json\/wp\/v2\/product\/79593\/revisions\/79594"}],"wp:featuredmedia":[{"embeddable":true,"href":"https:\/\/skinstudio.ee\/lv\/wp-json\/wp\/v2\/media\/67151"}],"wp:attachment":[{"href":"https:\/\/skinstudio.ee\/lv\/wp-json\/wp\/v2\/media?parent=79593"}],"wp:term":[{"taxonomy":"pwb-brand","embeddable":true,"href":"https:\/\/skinstudio.ee\/lv\/wp-json\/wp\/v2\/pwb-brand?post=79593"},{"taxonomy":"product_brand","embeddable":true,"href":"https:\/\/skinstudio.ee\/lv\/wp-json\/wp\/v2\/product_brand?post=79593"},{"taxonomy":"product_cat","embeddable":true,"href":"https:\/\/skinstudio.ee\/lv\/wp-json\/wp\/v2\/product_cat?post=79593"},{"taxonomy":"product_tag","embeddable":true,"href":"https:\/\/skinstudio.ee\/lv\/wp-json\/wp\/v2\/product_tag?post=79593"},{"taxonomy":"giftcard-category","embeddable":true,"href":"https:\/\/skinstudio.ee\/lv\/wp-json\/wp\/v2\/giftcard-category?post=79593"}],"curies":[{"name":"wp","href":"https:\/\/api.w.org\/{rel}","templated":true}]}}