{"id":79600,"date":"2025-07-09T10:21:11","date_gmt":"2025-07-09T10:21:11","guid":{"rendered":"https:\/\/skinstudio.ee\/?post_type=product&#038;p=79600"},"modified":"2026-04-03T09:47:12","modified_gmt":"2026-04-03T09:47:12","slug":"pimprove-toner","status":"publish","type":"product","link":"https:\/\/skinstudio.ee\/lv\/catalog\/zeroid\/pimprove-toner\/","title":{"rendered":"Pimprove Toner"},"content":{"rendered":"<p data-start=\"2218\" data-end=\"2484\"><strong data-start=\"2218\" data-end=\"2246\">Pimprove Toner no ZEROID<\/strong> ir viegls, bet efekt\u012bvs balans\u0113jo\u0161s toniks, kas paredz\u0113ts taukainas un problem\u0101tiskas \u0101das kop\u0161anai. Formula pal\u012bdz kontrol\u0113t lieko sebuma izdal\u012b\u0161anos, uztur poru t\u012br\u012bbu un uzlabo \u0101das kop\u0113jo izskatu, padarot to vienm\u0113r\u012bg\u0101ku un svaig\u0101ku.<\/p>\n<p data-start=\"2486\" data-end=\"2650\">Toniks maigi atjauno \u0101das virsmu, samazina nepiln\u012bbu redzam\u012bbu un sagatavo \u0101du n\u0101kamajiem kop\u0161anas so\u013ciem. Nesatur spirtu, nodro\u0161ina komfortu bez savilkuma saj\u016btas.<\/p>\n<p data-start=\"2652\" data-end=\"2816\"><strong data-start=\"2652\" data-end=\"2685\">Kam piem\u0113rots Pimprove Toner:<\/strong> paredz\u0113ts taukainai, kombin\u0113tai un aknei pak\u013cautai \u0101dai, tostarp pusaud\u017eu un pieaugu\u0161o \u0101dai hormon\u0101lu izmai\u0146u vai stresa periodos.<\/p>\n<p data-start=\"2818\" data-end=\"2837\"><strong data-start=\"2818\" data-end=\"2830\">Tilpums:<\/strong> 200 ml<\/p>\n","protected":false},"excerpt":{"rendered":"<p data-start=\"2921\" data-end=\"2939\">Balans\u0113jo\u0161s toniks<\/p>\n<h2 data-start=\"2941\" data-end=\"2977\"><strong data-start=\"2941\" data-end=\"2977\">\u012apa\u0161\u012bbas ZEROID &#8211; Pimprove Toner<\/strong><\/h2>\n<p data-start=\"2979\" data-end=\"3182\">\u2714\ufe0f Kontrol\u0113 lieko sebuma izdal\u012b\u0161anos<br data-start=\"3015\" data-end=\"3018\" \/>\u2714\ufe0f Uztur poru t\u012br\u012bbu un vienm\u0113r\u012bg\u0101ku izskatu<br data-start=\"3062\" data-end=\"3065\" \/>\u2714\ufe0f Atjauno un izl\u012bdzina \u0101das tekst\u016bru<br data-start=\"3102\" data-end=\"3105\" \/>\u2714\ufe0f Atsvaidzina \u0101du bez savilkuma saj\u016btas<br data-start=\"3145\" data-end=\"3148\" \/>\u2714\ufe0f Sagatavo \u0101du turpm\u0101kai kop\u0161anai<\/p>\n","protected":false},"featured_media":67182,"template":"","meta":[],"pwb-brand":[1255],"product_brand":[],"product_cat":[741,743,747,721],"product_tag":[],"giftcard-category":[],"class_list":{"0":"post-79600","1":"product","2":"type-product","3":"status-publish","4":"has-post-thumbnail","6":"pwb-brand-zeroid","7":"product_cat-izsitumi","8":"product_cat-paplasinatas-poras","9":"product_cat-taukainai-adai","10":"product_cat-toniki-lv","12":"first","13":"instock","14":"taxable","15":"shipping-taxable","16":"purchasable","17":"product-type-simple"},"acf":[],"brands":[{"id":1255,"name":"ZEROID","slug":"zeroid"}],"_links":{"self":[{"href":"https:\/\/skinstudio.ee\/lv\/wp-json\/wp\/v2\/product\/79600","targetHints":{"allow":["GET"]}}],"collection":[{"href":"https:\/\/skinstudio.ee\/lv\/wp-json\/wp\/v2\/product"}],"about":[{"href":"https:\/\/skinstudio.ee\/lv\/wp-json\/wp\/v2\/types\/product"}],"version-history":[{"count":1,"href":"https:\/\/skinstudio.ee\/lv\/wp-json\/wp\/v2\/product\/79600\/revisions"}],"predecessor-version":[{"id":79601,"href":"https:\/\/skinstudio.ee\/lv\/wp-json\/wp\/v2\/product\/79600\/revisions\/79601"}],"wp:featuredmedia":[{"embeddable":true,"href":"https:\/\/skinstudio.ee\/lv\/wp-json\/wp\/v2\/media\/67182"}],"wp:attachment":[{"href":"https:\/\/skinstudio.ee\/lv\/wp-json\/wp\/v2\/media?parent=79600"}],"wp:term":[{"taxonomy":"pwb-brand","embeddable":true,"href":"https:\/\/skinstudio.ee\/lv\/wp-json\/wp\/v2\/pwb-brand?post=79600"},{"taxonomy":"product_brand","embeddable":true,"href":"https:\/\/skinstudio.ee\/lv\/wp-json\/wp\/v2\/product_brand?post=79600"},{"taxonomy":"product_cat","embeddable":true,"href":"https:\/\/skinstudio.ee\/lv\/wp-json\/wp\/v2\/product_cat?post=79600"},{"taxonomy":"product_tag","embeddable":true,"href":"https:\/\/skinstudio.ee\/lv\/wp-json\/wp\/v2\/product_tag?post=79600"},{"taxonomy":"giftcard-category","embeddable":true,"href":"https:\/\/skinstudio.ee\/lv\/wp-json\/wp\/v2\/giftcard-category?post=79600"}],"curies":[{"name":"wp","href":"https:\/\/api.w.org\/{rel}","templated":true}]}}