{"id":79607,"date":"2025-07-09T10:16:02","date_gmt":"2025-07-09T10:16:02","guid":{"rendered":"https:\/\/skinstudio.ee\/?post_type=product&#038;p=79607"},"modified":"2026-04-03T09:47:12","modified_gmt":"2026-04-03T09:47:12","slug":"pimprove-gel-cleanser","status":"publish","type":"product","link":"https:\/\/skinstudio.ee\/lv\/catalog\/zeroid-lv\/pimprove-gel-cleanser\/","title":{"rendered":"Pimprove Gel Cleanser"},"content":{"rendered":"<p data-start=\"2256\" data-end=\"2496\"><strong data-start=\"2256\" data-end=\"2291\">Pimprove Gel Cleanser no ZEROID<\/strong> ir att\u012bro\u0161s g\u0113ls, kas paredz\u0113ts taukainas, kombin\u0113tas un aknei pak\u013cautas \u0101das kop\u0161anai. Formula efekt\u012bvi no\u0146em net\u012brumus un lieko sebumu, pal\u012bdz uztur\u0113t poras t\u012bras un nodro\u0161ina vienm\u0113r\u012bg\u0101ku \u0101das izskatu.<\/p>\n<p data-start=\"2498\" data-end=\"2758\">G\u0113ls pal\u012bdz kontrol\u0113t \u0101das taukain\u012bbu un samazina nepiln\u012bbu redzam\u012bbu, vienlaikus saglab\u0101jot komfortu bez p\u0101rm\u0113r\u012bgas sausuma vai savilkuma saj\u016btas. Viegl\u0101 putojo\u0161\u0101 tekst\u016bra piem\u0113rota ikdienas lieto\u0161anai un nodro\u0161ina maigu att\u012br\u012b\u0161anu iekaisumiem pak\u013cautai \u0101dai.<\/p>\n<p data-start=\"2760\" data-end=\"2902\"><strong data-start=\"2760\" data-end=\"2800\">Kam piem\u0113rots Pimprove Gel Cleanser:<\/strong> paredz\u0113ts taukainai, kombin\u0113tai un problem\u0101tiskai \u0101dai, tostarp jut\u012bgai \u0101dai ar iekaisuma elementiem.<\/p>\n<p data-start=\"2904\" data-end=\"2923\"><strong data-start=\"2904\" data-end=\"2916\">Tilpums:<\/strong> 120 ml<\/p>\n","protected":false},"excerpt":{"rendered":"<p data-start=\"2998\" data-end=\"3011\">Att\u012bro\u0161s g\u0113ls<\/p>\n<h2 data-start=\"3013\" data-end=\"3056\"><strong data-start=\"3013\" data-end=\"3056\">\u012apa\u0161\u012bbas ZEROID &#8211; Pimprove Gel Cleanser<\/strong><\/h2>\n<p data-start=\"3058\" data-end=\"3250\">\u2714\ufe0f Efekt\u012bvi att\u012bra \u0101du un poras<br data-start=\"3089\" data-end=\"3092\" \/>\u2714\ufe0f Kontrol\u0113 lieko sebuma izdal\u012b\u0161anos<br data-start=\"3128\" data-end=\"3131\" \/>\u2714\ufe0f Samazina iekaisuma elementu redzam\u012bbu<br data-start=\"3171\" data-end=\"3174\" \/>\u2714\ufe0f Atsvaidzina \u0101du bez savilkuma saj\u016btas<br data-start=\"3214\" data-end=\"3217\" \/>\u2714\ufe0f Uztur \u0101das t\u012br\u012bbu un l\u012bdzsvaru<\/p>\n","protected":false},"featured_media":35793,"template":"","meta":[],"pwb-brand":[1255],"product_brand":[],"product_cat":[715,741,743,747],"product_tag":[],"giftcard-category":[],"class_list":{"0":"post-79607","1":"product","2":"type-product","3":"status-publish","4":"has-post-thumbnail","6":"pwb-brand-zeroid-lv","7":"product_cat-attirisana","8":"product_cat-izsitumi","9":"product_cat-paplasinatas-poras","10":"product_cat-taukainai-adai","12":"first","13":"instock","14":"taxable","15":"shipping-taxable","16":"purchasable","17":"product-type-simple"},"acf":[],"brands":[{"id":1255,"name":"ZEROID","slug":"zeroid-lv"}],"_links":{"self":[{"href":"https:\/\/skinstudio.ee\/lv\/wp-json\/wp\/v2\/product\/79607","targetHints":{"allow":["GET"]}}],"collection":[{"href":"https:\/\/skinstudio.ee\/lv\/wp-json\/wp\/v2\/product"}],"about":[{"href":"https:\/\/skinstudio.ee\/lv\/wp-json\/wp\/v2\/types\/product"}],"version-history":[{"count":1,"href":"https:\/\/skinstudio.ee\/lv\/wp-json\/wp\/v2\/product\/79607\/revisions"}],"predecessor-version":[{"id":79608,"href":"https:\/\/skinstudio.ee\/lv\/wp-json\/wp\/v2\/product\/79607\/revisions\/79608"}],"wp:featuredmedia":[{"embeddable":true,"href":"https:\/\/skinstudio.ee\/lv\/wp-json\/wp\/v2\/media\/35793"}],"wp:attachment":[{"href":"https:\/\/skinstudio.ee\/lv\/wp-json\/wp\/v2\/media?parent=79607"}],"wp:term":[{"taxonomy":"pwb-brand","embeddable":true,"href":"https:\/\/skinstudio.ee\/lv\/wp-json\/wp\/v2\/pwb-brand?post=79607"},{"taxonomy":"product_brand","embeddable":true,"href":"https:\/\/skinstudio.ee\/lv\/wp-json\/wp\/v2\/product_brand?post=79607"},{"taxonomy":"product_cat","embeddable":true,"href":"https:\/\/skinstudio.ee\/lv\/wp-json\/wp\/v2\/product_cat?post=79607"},{"taxonomy":"product_tag","embeddable":true,"href":"https:\/\/skinstudio.ee\/lv\/wp-json\/wp\/v2\/product_tag?post=79607"},{"taxonomy":"giftcard-category","embeddable":true,"href":"https:\/\/skinstudio.ee\/lv\/wp-json\/wp\/v2\/giftcard-category?post=79607"}],"curies":[{"name":"wp","href":"https:\/\/api.w.org\/{rel}","templated":true}]}}