{"id":79614,"date":"2025-07-09T09:52:11","date_gmt":"2025-07-09T09:52:11","guid":{"rendered":"https:\/\/skinstudio.ee\/?post_type=product&#038;p=79614"},"modified":"2026-04-03T09:47:12","modified_gmt":"2026-04-03T09:47:12","slug":"pimprove-red-control-cream-ph4","status":"publish","type":"product","link":"https:\/\/skinstudio.ee\/lv\/catalog\/zeroid-lv\/pimprove-red-control-cream-ph4\/","title":{"rendered":"Pimprove Red Control Cream PH4"},"content":{"rendered":"<p data-start=\"2423\" data-end=\"2684\"><strong data-start=\"2423\" data-end=\"2467\">Pimprove Red Control Cream PH4 no ZEROID<\/strong> ir nomierino\u0161s kr\u0113ms, kas paredz\u0113ts jut\u012bgas, kairin\u0101tas un uz aps\u0101rtumu tend\u0113tas \u0101das kop\u0161anai. Formula pal\u012bdz mazin\u0101t diskomfortu un atbalsta \u0101das atjauno\u0161anos, stiprinot aizsargbarjeru un pal\u012bdzot saglab\u0101t mitrumu.<\/p>\n<p data-start=\"2686\" data-end=\"2964\">Kr\u0113ms pal\u012bdz uztur\u0113t \u0101das l\u012bdzsvaru un samazina aps\u0101rtuma redzam\u012bbu, kas saist\u012bta ar jut\u012bgumu vai \u0101r\u0113jiem stresa faktoriem. Viegl\u0101 tekst\u016bra komfortabli kl\u0101jas, \u0101tri ies\u016bcas un neatst\u0101j lip\u012bgumu. Piem\u0113rots lieto\u0161anai p\u0113c dermatolo\u0123isk\u0101m proced\u016br\u0101m un \u0101das reaktivit\u0101tes periodos.<\/p>\n<p data-start=\"2966\" data-end=\"3124\"><strong data-start=\"2966\" data-end=\"3015\">Kam piem\u0113rots Pimprove Red Control Cream PH4:<\/strong> paredz\u0113ts jut\u012bgai, reakt\u012bvai un uz aps\u0101rtumu tend\u0113tai \u0101dai, tostarp \u0101dai ar rosacejas vai kuperozes paz\u012bm\u0113m.<\/p>\n<p data-start=\"3126\" data-end=\"3144\"><strong data-start=\"3126\" data-end=\"3138\">Tilpums:<\/strong> 80 ml<\/p>\n","protected":false},"excerpt":{"rendered":"<p data-start=\"3225\" data-end=\"3242\">Nomierino\u0161s kr\u0113ms<\/p>\n<h2 data-start=\"3244\" data-end=\"3296\"><strong data-start=\"3244\" data-end=\"3296\">\u012apa\u0161\u012bbas ZEROID &#8211; Pimprove Red Control Cream PH4<\/strong><\/h2>\n<p data-start=\"3298\" data-end=\"3478\">\u2714\ufe0f Samazina redzamu aps\u0101rtumu<br data-start=\"3327\" data-end=\"3330\" \/>\u2714\ufe0f Stiprina \u0101das aizsargbarjeru<br data-start=\"3361\" data-end=\"3364\" \/>\u2714\ufe0f Mitrina un uztur \u0101das komfortu<br data-start=\"3397\" data-end=\"3400\" \/>\u2714\ufe0f Nomierina dedzin\u0101\u0161anas un kairin\u0101juma saj\u016btu<br data-start=\"3447\" data-end=\"3450\" \/>\u2714\ufe0f \u0100tri ies\u016bcas bez lip\u012bguma<\/p>\n","protected":false},"featured_media":67146,"template":"","meta":[],"pwb-brand":[1255],"product_brand":[],"product_cat":[741,745,737,747],"product_tag":[],"giftcard-category":[],"class_list":{"0":"post-79614","1":"product","2":"type-product","3":"status-publish","4":"has-post-thumbnail","6":"pwb-brand-zeroid-lv","7":"product_cat-izsitumi","8":"product_cat-jutigai-adai","9":"product_cat-mitrinasana","10":"product_cat-taukainai-adai","12":"first","13":"instock","14":"taxable","15":"shipping-taxable","16":"purchasable","17":"product-type-simple"},"acf":[],"brands":[{"id":1255,"name":"ZEROID","slug":"zeroid-lv"}],"_links":{"self":[{"href":"https:\/\/skinstudio.ee\/lv\/wp-json\/wp\/v2\/product\/79614","targetHints":{"allow":["GET"]}}],"collection":[{"href":"https:\/\/skinstudio.ee\/lv\/wp-json\/wp\/v2\/product"}],"about":[{"href":"https:\/\/skinstudio.ee\/lv\/wp-json\/wp\/v2\/types\/product"}],"version-history":[{"count":1,"href":"https:\/\/skinstudio.ee\/lv\/wp-json\/wp\/v2\/product\/79614\/revisions"}],"predecessor-version":[{"id":79615,"href":"https:\/\/skinstudio.ee\/lv\/wp-json\/wp\/v2\/product\/79614\/revisions\/79615"}],"wp:featuredmedia":[{"embeddable":true,"href":"https:\/\/skinstudio.ee\/lv\/wp-json\/wp\/v2\/media\/67146"}],"wp:attachment":[{"href":"https:\/\/skinstudio.ee\/lv\/wp-json\/wp\/v2\/media?parent=79614"}],"wp:term":[{"taxonomy":"pwb-brand","embeddable":true,"href":"https:\/\/skinstudio.ee\/lv\/wp-json\/wp\/v2\/pwb-brand?post=79614"},{"taxonomy":"product_brand","embeddable":true,"href":"https:\/\/skinstudio.ee\/lv\/wp-json\/wp\/v2\/product_brand?post=79614"},{"taxonomy":"product_cat","embeddable":true,"href":"https:\/\/skinstudio.ee\/lv\/wp-json\/wp\/v2\/product_cat?post=79614"},{"taxonomy":"product_tag","embeddable":true,"href":"https:\/\/skinstudio.ee\/lv\/wp-json\/wp\/v2\/product_tag?post=79614"},{"taxonomy":"giftcard-category","embeddable":true,"href":"https:\/\/skinstudio.ee\/lv\/wp-json\/wp\/v2\/giftcard-category?post=79614"}],"curies":[{"name":"wp","href":"https:\/\/api.w.org\/{rel}","templated":true}]}}