{"id":79621,"date":"2025-07-09T09:48:37","date_gmt":"2025-07-09T09:48:37","guid":{"rendered":"https:\/\/skinstudio.ee\/?post_type=product&#038;p=79621"},"modified":"2026-04-03T09:47:11","modified_gmt":"2026-04-03T09:47:11","slug":"intensive-hydrating-ampoule","status":"publish","type":"product","link":"https:\/\/skinstudio.ee\/lv\/catalog\/zeroid-lv\/intensive-hydrating-ampoule\/","title":{"rendered":"Intensive Hydrating Ampoule"},"content":{"rendered":"<p data-start=\"2549\" data-end=\"2815\"><strong data-start=\"2549\" data-end=\"2590\">Intensive Hydrating Ampoule no ZEROID<\/strong> ir ampulas serums ar augstu mitrino\u0161o komponentu koncentr\u0101ciju, kas paredz\u0113ts intens\u012bvai mitrin\u0101\u0161anai un \u0101das aizsargbarjeras atbalstam. Formula pal\u012bdz mazin\u0101t sausuma un savilkuma saj\u016btu, uzlabojot \u0101das gludumu un elast\u012bbu.<\/p>\n<p data-start=\"2817\" data-end=\"3064\">Produkts pal\u012bdz uztur\u0113t \u0101das l\u012bdzsvaru stresa periodos, sezon\u0101lu izmai\u0146u laik\u0101 un dehidrat\u0101cijas gad\u012bjum\u0101. Viegl\u0101 tekst\u016bra \u0101tri ies\u016bcas un nodro\u0161ina komfortu bez lip\u012bguma. Ampulas var lietot kursa veid\u0101 vai k\u0101 papildu soli intens\u012bvai mitrin\u0101\u0161anai.<\/p>\n<p data-start=\"3066\" data-end=\"3216\"><strong data-start=\"3066\" data-end=\"3112\">Kam piem\u0113rots Intensive Hydrating Ampoule:<\/strong> paredz\u0113ts visiem \u0101das tipiem, \u012bpa\u0161i dehidr\u0113tai, jut\u012bgai un noguru\u0161ai \u0101dai ar samazin\u0101tu mitruma l\u012bmeni.<\/p>\n<p data-start=\"3218\" data-end=\"3247\"><strong data-start=\"3218\" data-end=\"3230\">Tilpums:<\/strong> 7 ampulas x 2 ml<\/p>\n","protected":false},"excerpt":{"rendered":"<p data-start=\"3333\" data-end=\"3359\">Intens\u012bvi mitrino\u0161a ampula<\/p>\n<h2 data-start=\"3361\" data-end=\"3410\"><strong data-start=\"3361\" data-end=\"3410\">\u012apa\u0161\u012bbas ZEROID &#8211; Intensive Hydrating Ampoule<\/strong><\/h2>\n<p data-start=\"3412\" data-end=\"3617\">\u2714\ufe0f Intens\u012bvi mitrina un pal\u012bdz saglab\u0101t mitrumu<br data-start=\"3459\" data-end=\"3462\" \/>\u2714\ufe0f Uzlabo \u0101das gludumu un elast\u012bbu<br data-start=\"3496\" data-end=\"3499\" \/>\u2714\ufe0f Atbalsta \u0101das aizsargbarjeras atjauno\u0161anos<br data-start=\"3544\" data-end=\"3547\" \/>\u2714\ufe0f Samazina sausuma un savilkuma saj\u016btu<br data-start=\"3586\" data-end=\"3589\" \/>\u2714\ufe0f \u0100tri ies\u016bcas bez lip\u012bguma<\/p>\n","protected":false},"featured_media":67141,"template":"","meta":[],"pwb-brand":[1255],"product_brand":[],"product_cat":[745,739,723],"product_tag":[],"giftcard-category":[],"class_list":{"0":"post-79621","1":"product","2":"type-product","3":"status-publish","4":"has-post-thumbnail","6":"pwb-brand-zeroid-lv","7":"product_cat-jutigai-adai","8":"product_cat-sausai-adai","9":"product_cat-serumi","11":"first","12":"instock","13":"taxable","14":"shipping-taxable","15":"purchasable","16":"product-type-simple"},"acf":[],"brands":[{"id":1255,"name":"ZEROID","slug":"zeroid-lv"}],"_links":{"self":[{"href":"https:\/\/skinstudio.ee\/lv\/wp-json\/wp\/v2\/product\/79621","targetHints":{"allow":["GET"]}}],"collection":[{"href":"https:\/\/skinstudio.ee\/lv\/wp-json\/wp\/v2\/product"}],"about":[{"href":"https:\/\/skinstudio.ee\/lv\/wp-json\/wp\/v2\/types\/product"}],"version-history":[{"count":1,"href":"https:\/\/skinstudio.ee\/lv\/wp-json\/wp\/v2\/product\/79621\/revisions"}],"predecessor-version":[{"id":79622,"href":"https:\/\/skinstudio.ee\/lv\/wp-json\/wp\/v2\/product\/79621\/revisions\/79622"}],"wp:featuredmedia":[{"embeddable":true,"href":"https:\/\/skinstudio.ee\/lv\/wp-json\/wp\/v2\/media\/67141"}],"wp:attachment":[{"href":"https:\/\/skinstudio.ee\/lv\/wp-json\/wp\/v2\/media?parent=79621"}],"wp:term":[{"taxonomy":"pwb-brand","embeddable":true,"href":"https:\/\/skinstudio.ee\/lv\/wp-json\/wp\/v2\/pwb-brand?post=79621"},{"taxonomy":"product_brand","embeddable":true,"href":"https:\/\/skinstudio.ee\/lv\/wp-json\/wp\/v2\/product_brand?post=79621"},{"taxonomy":"product_cat","embeddable":true,"href":"https:\/\/skinstudio.ee\/lv\/wp-json\/wp\/v2\/product_cat?post=79621"},{"taxonomy":"product_tag","embeddable":true,"href":"https:\/\/skinstudio.ee\/lv\/wp-json\/wp\/v2\/product_tag?post=79621"},{"taxonomy":"giftcard-category","embeddable":true,"href":"https:\/\/skinstudio.ee\/lv\/wp-json\/wp\/v2\/giftcard-category?post=79621"}],"curies":[{"name":"wp","href":"https:\/\/api.w.org\/{rel}","templated":true}]}}