{"id":79629,"date":"2025-07-09T09:47:40","date_gmt":"2025-07-09T09:47:40","guid":{"rendered":"https:\/\/skinstudio.ee\/?post_type=product&#038;p=79629"},"modified":"2026-04-03T09:47:11","modified_gmt":"2026-04-03T09:47:11","slug":"intensive-facial-cream-cleanser","status":"publish","type":"product","link":"https:\/\/skinstudio.ee\/lv\/catalog\/zeroid-lv\/intensive-facial-cream-cleanser\/","title":{"rendered":"Intensive Facial Cream Cleanser"},"content":{"rendered":"<p data-start=\"2383\" data-end=\"2669\"><strong data-start=\"2383\" data-end=\"2428\">Intensive Facial Cream Cleanser no ZEROID<\/strong> ir intens\u012bvs kr\u0113mveida att\u012bro\u0161s l\u012bdzeklis, kas paredz\u0113ts jut\u012bgas, sausas un kairin\u0101jumam pak\u013cautas \u0101das maigai att\u012br\u012b\u0161anai. Formula maigi no\u0146em net\u012brumus un kosm\u0113tikas atlikumus, saglab\u0101jot \u0101das komfortu un atbalstot dabisko aizsargbarjeru.<\/p>\n<p data-start=\"2671\" data-end=\"2887\">Kr\u0113m\u012bg\u0101 tekst\u016bra att\u012bra \u0101du nep\u0101rsusinot, samazina savilkuma saj\u016btu un atst\u0101j \u0101du m\u012bkstu un mitrin\u0101tu p\u0113c mazg\u0101\u0161anas. Piem\u0113rots ikdienas lieto\u0161anai un k\u0101 da\u013ca no kop\u0161anas paaugstin\u0101tas jut\u012bbas vai proced\u016bru periodos.<\/p>\n<p data-start=\"2889\" data-end=\"3045\"><strong data-start=\"2889\" data-end=\"2939\">Kam piem\u0113rots Intensive Facial Cream Cleanser:<\/strong> paredz\u0113ts sausai, jut\u012bgai un reakt\u012bvai \u0101dai, tostarp ar boj\u0101tu aizsargbarjeru un noslieci uz kairin\u0101jumu.<\/p>\n<p data-start=\"3047\" data-end=\"3066\"><strong data-start=\"3047\" data-end=\"3059\">Tilpums:<\/strong> 120 ml<\/p>\n","protected":false},"excerpt":{"rendered":"<p data-start=\"3132\" data-end=\"3160\">Kr\u0113mveida att\u012bro\u0161s l\u012bdzeklis<\/p>\n<h2 data-start=\"3162\" data-end=\"3215\"><strong data-start=\"3162\" data-end=\"3215\">\u012apa\u0161\u012bbas ZEROID &#8211; Intensive Facial Cream Cleanser<\/strong><\/h2>\n<p data-start=\"3217\" data-end=\"3418\">\u2714\ufe0f Maigi no\u0146em net\u012brumus un kosm\u0113tiku<br data-start=\"3254\" data-end=\"3257\" \/>\u2714\ufe0f Saglab\u0101 mitrin\u0101jumu att\u012br\u012b\u0161anas laik\u0101<br data-start=\"3297\" data-end=\"3300\" \/>\u2714\ufe0f Nodro\u0161ina komfortu bez savilkuma saj\u016btas<br data-start=\"3343\" data-end=\"3346\" \/>\u2714\ufe0f Atbalsta \u0101das aizsargbarjeru<br data-start=\"3377\" data-end=\"3380\" \/>\u2714\ufe0f Nodro\u0161ina maigu ikdienas att\u012br\u012b\u0161anu<\/p>\n","protected":false},"featured_media":67172,"template":"","meta":[],"pwb-brand":[1255],"product_brand":[],"product_cat":[715,745,739],"product_tag":[],"giftcard-category":[],"class_list":{"0":"post-79629","1":"product","2":"type-product","3":"status-publish","4":"has-post-thumbnail","6":"pwb-brand-zeroid-lv","7":"product_cat-attirisana","8":"product_cat-jutigai-adai","9":"product_cat-sausai-adai","11":"first","12":"instock","13":"taxable","14":"shipping-taxable","15":"purchasable","16":"product-type-simple"},"acf":[],"brands":[{"id":1255,"name":"ZEROID","slug":"zeroid-lv"}],"_links":{"self":[{"href":"https:\/\/skinstudio.ee\/lv\/wp-json\/wp\/v2\/product\/79629","targetHints":{"allow":["GET"]}}],"collection":[{"href":"https:\/\/skinstudio.ee\/lv\/wp-json\/wp\/v2\/product"}],"about":[{"href":"https:\/\/skinstudio.ee\/lv\/wp-json\/wp\/v2\/types\/product"}],"version-history":[{"count":1,"href":"https:\/\/skinstudio.ee\/lv\/wp-json\/wp\/v2\/product\/79629\/revisions"}],"predecessor-version":[{"id":79630,"href":"https:\/\/skinstudio.ee\/lv\/wp-json\/wp\/v2\/product\/79629\/revisions\/79630"}],"wp:featuredmedia":[{"embeddable":true,"href":"https:\/\/skinstudio.ee\/lv\/wp-json\/wp\/v2\/media\/67172"}],"wp:attachment":[{"href":"https:\/\/skinstudio.ee\/lv\/wp-json\/wp\/v2\/media?parent=79629"}],"wp:term":[{"taxonomy":"pwb-brand","embeddable":true,"href":"https:\/\/skinstudio.ee\/lv\/wp-json\/wp\/v2\/pwb-brand?post=79629"},{"taxonomy":"product_brand","embeddable":true,"href":"https:\/\/skinstudio.ee\/lv\/wp-json\/wp\/v2\/product_brand?post=79629"},{"taxonomy":"product_cat","embeddable":true,"href":"https:\/\/skinstudio.ee\/lv\/wp-json\/wp\/v2\/product_cat?post=79629"},{"taxonomy":"product_tag","embeddable":true,"href":"https:\/\/skinstudio.ee\/lv\/wp-json\/wp\/v2\/product_tag?post=79629"},{"taxonomy":"giftcard-category","embeddable":true,"href":"https:\/\/skinstudio.ee\/lv\/wp-json\/wp\/v2\/giftcard-category?post=79629"}],"curies":[{"name":"wp","href":"https:\/\/api.w.org\/{rel}","templated":true}]}}