{"id":79638,"date":"2025-07-09T09:45:32","date_gmt":"2025-07-09T09:45:32","guid":{"rendered":"https:\/\/skinstudio.ee\/?post_type=product&#038;p=79638"},"modified":"2026-04-03T09:47:12","modified_gmt":"2026-04-03T09:47:12","slug":"intensive-sos-balm","status":"publish","type":"product","link":"https:\/\/skinstudio.ee\/lv\/catalog\/zeroid-lv\/intensive-sos-balm\/","title":{"rendered":"Intensive SOS + Balm"},"content":{"rendered":"<p data-start=\"2277\" data-end=\"2537\"><strong data-start=\"2277\" data-end=\"2311\">Intensive SOS + Balm no ZEROID<\/strong> ir intens\u012bvi atjaunojo\u0161s balzams, kas paredz\u0113ts \u013coti sausas, jut\u012bgas un boj\u0101tas \u0101das kop\u0161anai. Formula pal\u012bdz mazin\u0101t kairin\u0101juma saj\u016btu, atbalsta \u0101das aizsargbarjeras atjauno\u0161anos un nodro\u0161ina dzi\u013cu baro\u0161anu un m\u012bkstin\u0101\u0161anu.<\/p>\n<p data-start=\"2539\" data-end=\"2765\">Balzams pal\u012bdz mazin\u0101t sausuma un \u0101r\u0113jo stresa faktoru rad\u012bto diskomfortu, pal\u012bdzot \u0101dai atg\u016bt komfortu un maigumu. Bag\u0101t\u012bg\u0101, bet komfortabl\u0101 tekst\u016bra viegli kl\u0101jas un piem\u0113rota gan lok\u0101lai lieto\u0161anai, gan liel\u0101k\u0101m \u0101das zon\u0101m.<\/p>\n<p data-start=\"2767\" data-end=\"2914\"><strong data-start=\"2767\" data-end=\"2806\">Kam piem\u0113rots Intensive SOS + Balm:<\/strong> paredz\u0113ts \u013coti sausai, reakt\u012bvai un nov\u0101jin\u0101tai \u0101dai, tostarp ar izteiktu sausumu un boj\u0101tu aizsargbarjeru.<\/p>\n<p data-start=\"2916\" data-end=\"2934\"><strong data-start=\"2916\" data-end=\"2928\">Tilpums:<\/strong> 50 ml<\/p>\n","protected":false},"excerpt":{"rendered":"<p data-start=\"3010\" data-end=\"3021\">SOS balzams<\/p>\n<h2 data-start=\"3023\" data-end=\"3065\"><strong data-start=\"3023\" data-end=\"3065\">\u012apa\u0161\u012bbas ZEROID &#8211; Intensive SOS + Balm<\/strong><\/h2>\n<p data-start=\"3067\" data-end=\"3271\">\u2714\ufe0f Nomierina \u0101du un mazina kairin\u0101juma saj\u016btu<br data-start=\"3112\" data-end=\"3115\" \/>\u2714\ufe0f Intens\u012bvi baro un m\u012bkstina \u0101du<br data-start=\"3148\" data-end=\"3151\" \/>\u2714\ufe0f Atbalsta \u0101das aizsargbarjeras atjauno\u0161anos<br data-start=\"3196\" data-end=\"3199\" \/>\u2714\ufe0f Samazina sausuma un savilkuma saj\u016btu<br data-start=\"3238\" data-end=\"3241\" \/>\u2714\ufe0f Nodro\u0161ina ilgsto\u0161u komfortu<\/p>\n","protected":false},"featured_media":35749,"template":"","meta":[],"pwb-brand":[1255],"product_brand":[],"product_cat":[745,737,739],"product_tag":[],"giftcard-category":[],"class_list":{"0":"post-79638","1":"product","2":"type-product","3":"status-publish","4":"has-post-thumbnail","6":"pwb-brand-zeroid-lv","7":"product_cat-jutigai-adai","8":"product_cat-mitrinasana","9":"product_cat-sausai-adai","11":"first","12":"instock","13":"taxable","14":"shipping-taxable","15":"purchasable","16":"product-type-simple"},"acf":[],"brands":[{"id":1255,"name":"ZEROID","slug":"zeroid-lv"}],"_links":{"self":[{"href":"https:\/\/skinstudio.ee\/lv\/wp-json\/wp\/v2\/product\/79638","targetHints":{"allow":["GET"]}}],"collection":[{"href":"https:\/\/skinstudio.ee\/lv\/wp-json\/wp\/v2\/product"}],"about":[{"href":"https:\/\/skinstudio.ee\/lv\/wp-json\/wp\/v2\/types\/product"}],"version-history":[{"count":1,"href":"https:\/\/skinstudio.ee\/lv\/wp-json\/wp\/v2\/product\/79638\/revisions"}],"predecessor-version":[{"id":79639,"href":"https:\/\/skinstudio.ee\/lv\/wp-json\/wp\/v2\/product\/79638\/revisions\/79639"}],"wp:featuredmedia":[{"embeddable":true,"href":"https:\/\/skinstudio.ee\/lv\/wp-json\/wp\/v2\/media\/35749"}],"wp:attachment":[{"href":"https:\/\/skinstudio.ee\/lv\/wp-json\/wp\/v2\/media?parent=79638"}],"wp:term":[{"taxonomy":"pwb-brand","embeddable":true,"href":"https:\/\/skinstudio.ee\/lv\/wp-json\/wp\/v2\/pwb-brand?post=79638"},{"taxonomy":"product_brand","embeddable":true,"href":"https:\/\/skinstudio.ee\/lv\/wp-json\/wp\/v2\/product_brand?post=79638"},{"taxonomy":"product_cat","embeddable":true,"href":"https:\/\/skinstudio.ee\/lv\/wp-json\/wp\/v2\/product_cat?post=79638"},{"taxonomy":"product_tag","embeddable":true,"href":"https:\/\/skinstudio.ee\/lv\/wp-json\/wp\/v2\/product_tag?post=79638"},{"taxonomy":"giftcard-category","embeddable":true,"href":"https:\/\/skinstudio.ee\/lv\/wp-json\/wp\/v2\/giftcard-category?post=79638"}],"curies":[{"name":"wp","href":"https:\/\/api.w.org\/{rel}","templated":true}]}}