{"id":79645,"date":"2025-07-09T09:43:12","date_gmt":"2025-07-09T09:43:12","guid":{"rendered":"https:\/\/skinstudio.ee\/?post_type=product&#038;p=79645"},"modified":"2026-04-03T09:47:11","modified_gmt":"2026-04-03T09:47:11","slug":"intensive-lotion","status":"publish","type":"product","link":"https:\/\/skinstudio.ee\/lv\/catalog\/zeroid-lv\/intensive-lotion\/","title":{"rendered":"Intensive Lotion"},"content":{"rendered":"<p data-start=\"2371\" data-end=\"2673\"><strong data-start=\"2371\" data-end=\"2401\">Intensive Lotion no ZEROID<\/strong> ir profesion\u0101ls mitrino\u0161s losjons \u0101dai, kurai nepiecie\u0161ama dzi\u013ca mitrin\u0101\u0161ana un komforta atjauno\u0161ana. Formula pal\u012bdz mazin\u0101t sausuma saj\u016btu, samazin\u0101t aps\u0101rtumu un atbalst\u012bt dabisko \u0101das aizsargbarjeru, nodro\u0161inot maigumu un l\u012bdzsvarotu \u0101das st\u0101vokli visas dienas garum\u0101.<\/p>\n<p data-start=\"2675\" data-end=\"2880\">Viegl\u0101 tekst\u016bra \u0101tri ies\u016bcas, vienm\u0113r\u012bgi kl\u0101jas un nep\u0101rslogo \u0101du, atst\u0101jot svaigu un mitrin\u0101tu saj\u016btu. Produkts pal\u012bdz uztur\u0113t optim\u0101lu mitruma l\u012bmeni un aizsarg\u0101 \u0101du no ikdienas \u0101r\u0113jiem stresa faktoriem.<\/p>\n<p data-start=\"2882\" data-end=\"3023\"><strong data-start=\"2882\" data-end=\"2917\">Kam piem\u0113rots Intensive Lotion:<\/strong> paredz\u0113ts sausai, jut\u012bgai un reakt\u012bvai \u0101dai, tostarp ar noslieci uz kairin\u0101jumu un boj\u0101tu aizsargbarjeru.<\/p>\n<p data-start=\"3025\" data-end=\"3044\"><strong data-start=\"3025\" data-end=\"3037\">Tilpums:<\/strong> 150 ml<\/p>\n","protected":false},"excerpt":{"rendered":"<p data-start=\"3146\" data-end=\"3173\">Intens\u012bvi mitrino\u0161s losjons<\/p>\n<h2 data-start=\"3175\" data-end=\"3213\"><strong data-start=\"3175\" data-end=\"3213\">\u012apa\u0161\u012bbas ZEROID &#8211; Intensive Lotion<\/strong><\/h2>\n<p data-start=\"3215\" data-end=\"3412\">\u2714\ufe0f Intens\u012bvi mitrina un pal\u012bdz saglab\u0101t mitrumu<br data-start=\"3262\" data-end=\"3265\" \/>\u2714\ufe0f Stiprina \u0101das aizsargbarjeru<br data-start=\"3296\" data-end=\"3299\" \/>\u2714\ufe0f M\u012bkstina \u0101du un mazina kairin\u0101juma saj\u016btu<br data-start=\"3343\" data-end=\"3346\" \/>\u2714\ufe0f Uzlabo \u0101das komfortu un elast\u012bbu<br data-start=\"3381\" data-end=\"3384\" \/>\u2714\ufe0f \u0100tri ies\u016bcas bez lip\u012bguma<\/p>\n","protected":false},"featured_media":35707,"template":"","meta":[],"pwb-brand":[1255],"product_brand":[],"product_cat":[745,739,721],"product_tag":[],"giftcard-category":[],"class_list":{"0":"post-79645","1":"product","2":"type-product","3":"status-publish","4":"has-post-thumbnail","6":"pwb-brand-zeroid-lv","7":"product_cat-jutigai-adai","8":"product_cat-sausai-adai","9":"product_cat-toniki-lv","11":"first","12":"instock","13":"taxable","14":"shipping-taxable","15":"purchasable","16":"product-type-simple"},"acf":[],"brands":[{"id":1255,"name":"ZEROID","slug":"zeroid-lv"}],"_links":{"self":[{"href":"https:\/\/skinstudio.ee\/lv\/wp-json\/wp\/v2\/product\/79645","targetHints":{"allow":["GET"]}}],"collection":[{"href":"https:\/\/skinstudio.ee\/lv\/wp-json\/wp\/v2\/product"}],"about":[{"href":"https:\/\/skinstudio.ee\/lv\/wp-json\/wp\/v2\/types\/product"}],"version-history":[{"count":1,"href":"https:\/\/skinstudio.ee\/lv\/wp-json\/wp\/v2\/product\/79645\/revisions"}],"predecessor-version":[{"id":79646,"href":"https:\/\/skinstudio.ee\/lv\/wp-json\/wp\/v2\/product\/79645\/revisions\/79646"}],"wp:featuredmedia":[{"embeddable":true,"href":"https:\/\/skinstudio.ee\/lv\/wp-json\/wp\/v2\/media\/35707"}],"wp:attachment":[{"href":"https:\/\/skinstudio.ee\/lv\/wp-json\/wp\/v2\/media?parent=79645"}],"wp:term":[{"taxonomy":"pwb-brand","embeddable":true,"href":"https:\/\/skinstudio.ee\/lv\/wp-json\/wp\/v2\/pwb-brand?post=79645"},{"taxonomy":"product_brand","embeddable":true,"href":"https:\/\/skinstudio.ee\/lv\/wp-json\/wp\/v2\/product_brand?post=79645"},{"taxonomy":"product_cat","embeddable":true,"href":"https:\/\/skinstudio.ee\/lv\/wp-json\/wp\/v2\/product_cat?post=79645"},{"taxonomy":"product_tag","embeddable":true,"href":"https:\/\/skinstudio.ee\/lv\/wp-json\/wp\/v2\/product_tag?post=79645"},{"taxonomy":"giftcard-category","embeddable":true,"href":"https:\/\/skinstudio.ee\/lv\/wp-json\/wp\/v2\/giftcard-category?post=79645"}],"curies":[{"name":"wp","href":"https:\/\/api.w.org\/{rel}","templated":true}]}}