{"id":79653,"date":"2025-07-09T09:42:05","date_gmt":"2025-07-09T09:42:05","guid":{"rendered":"https:\/\/skinstudio.ee\/?post_type=product&#038;p=79653"},"modified":"2026-04-03T09:47:12","modified_gmt":"2026-04-03T09:47:12","slug":"soothing-lotion","status":"publish","type":"product","link":"https:\/\/skinstudio.ee\/lv\/catalog\/zeroid-lv\/soothing-lotion\/","title":{"rendered":"Soothing Lotion"},"content":{"rendered":"<p data-start=\"2214\" data-end=\"2466\"><strong data-start=\"2214\" data-end=\"2243\">Soothing Lotion no ZEROID<\/strong> ir viegls nomierino\u0161s losjons jut\u012bgai, kairin\u0101tai un reakt\u012bvai \u0101dai. Formula pal\u012bdz \u0101tri mazin\u0101t diskomforta saj\u016btu, samazin\u0101t aps\u0101rtumu un atbalst\u012bt dabisko \u0101das aizsargbarjeru, nodro\u0161inot ilgsto\u0161u maigumu un mitrin\u0101\u0161anu.<\/p>\n<p data-start=\"2468\" data-end=\"2666\">Losjons viegli kl\u0101jas, \u0101tri ies\u016bcas un nep\u0101rslogo \u0101du, atst\u0101jot komfortablu saj\u016btu bez lip\u012bguma. Piem\u0113rots ikdienas lieto\u0161anai, tostarp paaugstin\u0101tas jut\u012bbas periodos vai p\u0113c kosm\u0113tisk\u0101m proced\u016br\u0101m.<\/p>\n<p data-start=\"2668\" data-end=\"2797\"><strong data-start=\"2668\" data-end=\"2702\">Kam piem\u0113rots Soothing Lotion:<\/strong> paredz\u0113ts jut\u012bgai, reakt\u012bvai un kairin\u0101jumam pak\u013cautai \u0101dai, tostarp ar boj\u0101tu aizsargbarjeru.<\/p>\n<p data-start=\"2799\" data-end=\"2818\"><strong data-start=\"2799\" data-end=\"2811\">Tilpums:<\/strong> 150 ml<\/p>\n","protected":false},"excerpt":{"rendered":"<p data-start=\"2905\" data-end=\"2924\">Nomierino\u0161s losjons<\/p>\n<h2 data-start=\"2926\" data-end=\"2963\"><strong data-start=\"2926\" data-end=\"2963\">\u012apa\u0161\u012bbas ZEROID &#8211; Soothing Lotion<\/strong><\/h2>\n<p data-start=\"2965\" data-end=\"3142\">\u2714\ufe0f \u0100tri mazina aps\u0101rtumu un diskomfortu<br data-start=\"3004\" data-end=\"3007\" \/>\u2714\ufe0f Stiprina \u0101das aizsargbarjeru<br data-start=\"3038\" data-end=\"3041\" \/>\u2714\ufe0f Intens\u012bvi mitrina un m\u012bkstina \u0101du<br data-start=\"3077\" data-end=\"3080\" \/>\u2714\ufe0f Atjauno \u0101das komforta saj\u016btu<br data-start=\"3111\" data-end=\"3114\" \/>\u2714\ufe0f \u0100tri ies\u016bcas bez lip\u012bguma<\/p>\n","protected":false},"featured_media":35693,"template":"","meta":[],"pwb-brand":[1255],"product_brand":[],"product_cat":[745,721],"product_tag":[],"giftcard-category":[],"class_list":{"0":"post-79653","1":"product","2":"type-product","3":"status-publish","4":"has-post-thumbnail","6":"pwb-brand-zeroid-lv","7":"product_cat-jutigai-adai","8":"product_cat-toniki-lv","10":"first","11":"instock","12":"taxable","13":"shipping-taxable","14":"purchasable","15":"product-type-simple"},"acf":[],"brands":[{"id":1255,"name":"ZEROID","slug":"zeroid-lv"}],"_links":{"self":[{"href":"https:\/\/skinstudio.ee\/lv\/wp-json\/wp\/v2\/product\/79653","targetHints":{"allow":["GET"]}}],"collection":[{"href":"https:\/\/skinstudio.ee\/lv\/wp-json\/wp\/v2\/product"}],"about":[{"href":"https:\/\/skinstudio.ee\/lv\/wp-json\/wp\/v2\/types\/product"}],"version-history":[{"count":1,"href":"https:\/\/skinstudio.ee\/lv\/wp-json\/wp\/v2\/product\/79653\/revisions"}],"predecessor-version":[{"id":79655,"href":"https:\/\/skinstudio.ee\/lv\/wp-json\/wp\/v2\/product\/79653\/revisions\/79655"}],"wp:featuredmedia":[{"embeddable":true,"href":"https:\/\/skinstudio.ee\/lv\/wp-json\/wp\/v2\/media\/35693"}],"wp:attachment":[{"href":"https:\/\/skinstudio.ee\/lv\/wp-json\/wp\/v2\/media?parent=79653"}],"wp:term":[{"taxonomy":"pwb-brand","embeddable":true,"href":"https:\/\/skinstudio.ee\/lv\/wp-json\/wp\/v2\/pwb-brand?post=79653"},{"taxonomy":"product_brand","embeddable":true,"href":"https:\/\/skinstudio.ee\/lv\/wp-json\/wp\/v2\/product_brand?post=79653"},{"taxonomy":"product_cat","embeddable":true,"href":"https:\/\/skinstudio.ee\/lv\/wp-json\/wp\/v2\/product_cat?post=79653"},{"taxonomy":"product_tag","embeddable":true,"href":"https:\/\/skinstudio.ee\/lv\/wp-json\/wp\/v2\/product_tag?post=79653"},{"taxonomy":"giftcard-category","embeddable":true,"href":"https:\/\/skinstudio.ee\/lv\/wp-json\/wp\/v2\/giftcard-category?post=79653"}],"curies":[{"name":"wp","href":"https:\/\/api.w.org\/{rel}","templated":true}]}}