{"id":79661,"date":"2025-07-09T09:41:12","date_gmt":"2025-07-09T09:41:12","guid":{"rendered":"https:\/\/skinstudio.ee\/?post_type=product&#038;p=79661"},"modified":"2026-04-03T09:47:11","modified_gmt":"2026-04-03T09:47:11","slug":"foaming-cleanser","status":"publish","type":"product","link":"https:\/\/skinstudio.ee\/lv\/catalog\/zeroid-lv\/foaming-cleanser\/","title":{"rendered":"Foaming Cleanser"},"content":{"rendered":"<p data-start=\"2295\" data-end=\"2574\"><strong data-start=\"2295\" data-end=\"2325\">Foaming Cleanser no ZEROID<\/strong> ir maigas att\u012bro\u0161as putas ar neitr\u0101lu pH, kas paredz\u0113tas ikdienas att\u012br\u012b\u0161anai pat \u013coti jut\u012bgai \u0101dai. Formula maigi no\u0146em net\u012brumus un kop\u0161anas l\u012bdzek\u013cu atlikumus, vienlaikus pal\u012bdzot saglab\u0101t \u0101das dabisko aizsargbarjeru un komfortu p\u0113c att\u012br\u012b\u0161anas.<\/p>\n<p data-start=\"2576\" data-end=\"2794\">Putas darbojas saudz\u012bgi, mazina sausuma un savilkuma saj\u016btu p\u0113c mazg\u0101\u0161anas un atst\u0101j \u0101du svaigu, t\u012bru un mitrin\u0101tu. Viegl\u0101 tekst\u016bra viegli puto un piem\u0113rota regul\u0101rai lieto\u0161anai, tostarp paaugstin\u0101tas jut\u012bbas periodos.<\/p>\n<p data-start=\"2796\" data-end=\"2938\"><strong data-start=\"2796\" data-end=\"2831\">Kam piem\u0113rots Foaming Cleanser:<\/strong> paredz\u0113ts sausai, dehidr\u0113tai un reakt\u012bvai \u0101dai, tostarp ar boj\u0101tu aizsargbarjeru vai atjauno\u0161an\u0101s period\u0101.<\/p>\n<p data-start=\"2940\" data-end=\"2959\"><strong data-start=\"2940\" data-end=\"2952\">Tilpums:<\/strong> 150 ml<\/p>\n","protected":false},"excerpt":{"rendered":"<p data-start=\"3034\" data-end=\"3049\">Att\u012bro\u0161as putas<\/p>\n<h2 data-start=\"3051\" data-end=\"3089\"><strong data-start=\"3051\" data-end=\"3089\">\u012apa\u0161\u012bbas ZEROID &#8211; Foaming Cleanser<\/strong><\/h2>\n<p data-start=\"3091\" data-end=\"3271\">\u2714\ufe0f Maigi att\u012bra, nep\u0101rsusinot \u0101du<br data-start=\"3124\" data-end=\"3127\" \/>\u2714\ufe0f Saglab\u0101 dabisko \u0101das pH l\u012bdzsvaru<br data-start=\"3163\" data-end=\"3166\" \/>\u2714\ufe0f Mazina sausuma un diskomforta saj\u016btu<br data-start=\"3205\" data-end=\"3208\" \/>\u2714\ufe0f Atbalsta \u0101das aizsargbarjeru<br data-start=\"3239\" data-end=\"3242\" \/>\u2714\ufe0f Atst\u0101j \u0101du maigu un svaigu<\/p>\n","protected":false},"featured_media":35687,"template":"","meta":[],"pwb-brand":[1255],"product_brand":[],"product_cat":[715,745],"product_tag":[],"giftcard-category":[],"class_list":{"0":"post-79661","1":"product","2":"type-product","3":"status-publish","4":"has-post-thumbnail","6":"pwb-brand-zeroid-lv","7":"product_cat-attirisana","8":"product_cat-jutigai-adai","10":"first","11":"instock","12":"taxable","13":"shipping-taxable","14":"purchasable","15":"product-type-simple"},"acf":[],"brands":[{"id":1255,"name":"ZEROID","slug":"zeroid-lv"}],"_links":{"self":[{"href":"https:\/\/skinstudio.ee\/lv\/wp-json\/wp\/v2\/product\/79661","targetHints":{"allow":["GET"]}}],"collection":[{"href":"https:\/\/skinstudio.ee\/lv\/wp-json\/wp\/v2\/product"}],"about":[{"href":"https:\/\/skinstudio.ee\/lv\/wp-json\/wp\/v2\/types\/product"}],"version-history":[{"count":1,"href":"https:\/\/skinstudio.ee\/lv\/wp-json\/wp\/v2\/product\/79661\/revisions"}],"predecessor-version":[{"id":79662,"href":"https:\/\/skinstudio.ee\/lv\/wp-json\/wp\/v2\/product\/79661\/revisions\/79662"}],"wp:featuredmedia":[{"embeddable":true,"href":"https:\/\/skinstudio.ee\/lv\/wp-json\/wp\/v2\/media\/35687"}],"wp:attachment":[{"href":"https:\/\/skinstudio.ee\/lv\/wp-json\/wp\/v2\/media?parent=79661"}],"wp:term":[{"taxonomy":"pwb-brand","embeddable":true,"href":"https:\/\/skinstudio.ee\/lv\/wp-json\/wp\/v2\/pwb-brand?post=79661"},{"taxonomy":"product_brand","embeddable":true,"href":"https:\/\/skinstudio.ee\/lv\/wp-json\/wp\/v2\/product_brand?post=79661"},{"taxonomy":"product_cat","embeddable":true,"href":"https:\/\/skinstudio.ee\/lv\/wp-json\/wp\/v2\/product_cat?post=79661"},{"taxonomy":"product_tag","embeddable":true,"href":"https:\/\/skinstudio.ee\/lv\/wp-json\/wp\/v2\/product_tag?post=79661"},{"taxonomy":"giftcard-category","embeddable":true,"href":"https:\/\/skinstudio.ee\/lv\/wp-json\/wp\/v2\/giftcard-category?post=79661"}],"curies":[{"name":"wp","href":"https:\/\/api.w.org\/{rel}","templated":true}]}}