{"id":79668,"date":"2025-07-09T09:40:19","date_gmt":"2025-07-09T09:40:19","guid":{"rendered":"https:\/\/skinstudio.ee\/?post_type=product&#038;p=79668"},"modified":"2026-04-03T09:47:12","modified_gmt":"2026-04-03T09:47:12","slug":"intensive-oint-cream","status":"publish","type":"product","link":"https:\/\/skinstudio.ee\/lv\/catalog\/zeroid-lv\/intensive-oint-cream\/","title":{"rendered":"Intensive Oint-Cream"},"content":{"rendered":"<p data-start=\"2423\" data-end=\"2732\"><strong data-start=\"2423\" data-end=\"2457\">INTENSIVE OINT-CREAM no ZEROID<\/strong> ir barojo\u0161s atjaunojo\u0161s kr\u0113ms, kas paredz\u0113ts \u013coti sausas, kairin\u0101tas un jut\u012bgas \u0101das kop\u0161anai. Formula pal\u012bdz pa\u0101trin\u0101t \u0101das atjauno\u0161anos, mazin\u0101t diskomforta saj\u016btu un atbalst\u012bt \u0101das aizsargbarjeru, nodro\u0161inot ilgsto\u0161u baro\u0161anu un aizsardz\u012bbu pret \u0101r\u0113jiem stresa faktoriem.<\/p>\n<p data-start=\"2734\" data-end=\"2960\">Bag\u0101t\u012bg\u0101 tekst\u016bra intens\u012bvi m\u012bkstina \u0101du, mazina sausuma un lob\u012b\u0161an\u0101s saj\u016btu un pal\u012bdz atjaunot komfortu un elast\u012bbu. Kr\u0113ms vienm\u0113r\u012bgi kl\u0101jas un veido aizsargk\u0101rtu, kas pal\u012bdz saglab\u0101t mitrumu un uztur\u0113t stabilu \u0101das st\u0101vokli.<\/p>\n<p data-start=\"2962\" data-end=\"3109\"><strong data-start=\"2962\" data-end=\"3001\">Kam piem\u0113rots INTENSIVE OINT-CREAM:<\/strong> paredz\u0113ts \u013coti sausai, reakt\u012bvai un nov\u0101jin\u0101tai \u0101dai, tostarp ar izteiktu sausumu un boj\u0101tu aizsargbarjeru.<\/p>\n<p data-start=\"3111\" data-end=\"3129\"><strong data-start=\"3111\" data-end=\"3123\">Tilpums:<\/strong> 50 ml<\/p>\n","protected":false},"excerpt":{"rendered":"<p data-start=\"3228\" data-end=\"3245\">Atjaunojo\u0161s kr\u0113ms<\/p>\n<h2 data-start=\"3247\" data-end=\"3289\"><strong data-start=\"3247\" data-end=\"3289\">\u012apa\u0161\u012bbas ZEROID &#8211; INTENSIVE OINT-CREAM<\/strong><\/h2>\n<p data-start=\"3291\" data-end=\"3502\">\u2714\ufe0f Nomierina \u0101du un mazina kairin\u0101juma saj\u016btu<br data-start=\"3336\" data-end=\"3339\" \/>\u2714\ufe0f Stiprina un atjauno \u0101das aizsargbarjeru<br data-start=\"3381\" data-end=\"3384\" \/>\u2714\ufe0f Intens\u012bvi baro un pal\u012bdz saglab\u0101t mitrumu<br data-start=\"3428\" data-end=\"3431\" \/>\u2714\ufe0f M\u012bkstina sausumu un lob\u012b\u0161anos<br data-start=\"3463\" data-end=\"3466\" \/>\u2714\ufe0f Veido aizsarg\u0101jo\u0161u komforta sl\u0101ni<\/p>\n","protected":false},"featured_media":67156,"template":"","meta":[],"pwb-brand":[1255],"product_brand":[],"product_cat":[745,737,739],"product_tag":[],"giftcard-category":[],"class_list":{"0":"post-79668","1":"product","2":"type-product","3":"status-publish","4":"has-post-thumbnail","6":"pwb-brand-zeroid-lv","7":"product_cat-jutigai-adai","8":"product_cat-mitrinasana","9":"product_cat-sausai-adai","11":"first","12":"instock","13":"taxable","14":"shipping-taxable","15":"purchasable","16":"product-type-simple"},"acf":[],"brands":[{"id":1255,"name":"ZEROID","slug":"zeroid-lv"}],"_links":{"self":[{"href":"https:\/\/skinstudio.ee\/lv\/wp-json\/wp\/v2\/product\/79668","targetHints":{"allow":["GET"]}}],"collection":[{"href":"https:\/\/skinstudio.ee\/lv\/wp-json\/wp\/v2\/product"}],"about":[{"href":"https:\/\/skinstudio.ee\/lv\/wp-json\/wp\/v2\/types\/product"}],"version-history":[{"count":1,"href":"https:\/\/skinstudio.ee\/lv\/wp-json\/wp\/v2\/product\/79668\/revisions"}],"predecessor-version":[{"id":79669,"href":"https:\/\/skinstudio.ee\/lv\/wp-json\/wp\/v2\/product\/79668\/revisions\/79669"}],"wp:featuredmedia":[{"embeddable":true,"href":"https:\/\/skinstudio.ee\/lv\/wp-json\/wp\/v2\/media\/67156"}],"wp:attachment":[{"href":"https:\/\/skinstudio.ee\/lv\/wp-json\/wp\/v2\/media?parent=79668"}],"wp:term":[{"taxonomy":"pwb-brand","embeddable":true,"href":"https:\/\/skinstudio.ee\/lv\/wp-json\/wp\/v2\/pwb-brand?post=79668"},{"taxonomy":"product_brand","embeddable":true,"href":"https:\/\/skinstudio.ee\/lv\/wp-json\/wp\/v2\/product_brand?post=79668"},{"taxonomy":"product_cat","embeddable":true,"href":"https:\/\/skinstudio.ee\/lv\/wp-json\/wp\/v2\/product_cat?post=79668"},{"taxonomy":"product_tag","embeddable":true,"href":"https:\/\/skinstudio.ee\/lv\/wp-json\/wp\/v2\/product_tag?post=79668"},{"taxonomy":"giftcard-category","embeddable":true,"href":"https:\/\/skinstudio.ee\/lv\/wp-json\/wp\/v2\/giftcard-category?post=79668"}],"curies":[{"name":"wp","href":"https:\/\/api.w.org\/{rel}","templated":true}]}}