{"id":79757,"date":"2025-08-07T11:23:46","date_gmt":"2025-08-07T11:23:46","guid":{"rendered":"https:\/\/skinstudio.ee\/?post_type=product&#038;p=79757"},"modified":"2026-04-03T09:47:10","modified_gmt":"2026-04-03T09:47:10","slug":"decongestant-cleanser","status":"publish","type":"product","link":"https:\/\/skinstudio.ee\/lv\/catalog\/bioelements-lv\/decongestant-cleanser\/","title":{"rendered":"Decongestant Cleanser"},"content":{"rendered":"<p data-start=\"2746\" data-end=\"3080\"><strong data-start=\"2746\" data-end=\"2786\">Decongestant Cleanser no Bioelements<\/strong> &#8211; ir dzi\u013ci att\u012bro\u0161s g\u0113ls ikdienas lieto\u0161anai, kas efekt\u012bvi no\u0146em net\u012brumus, lieko sebumu un kosm\u0113tikas atlikumus, saglab\u0101jot \u0101das komfortu. Formula apvieno maigus att\u012bro\u0161os komponentus ar augu ekstraktiem un \u0113teriskaj\u0101m e\u013c\u013c\u0101m, pal\u012bdzot uztur\u0113t \u0101das l\u012bdzsvaru bez savilkuma vai sausuma saj\u016btas.<\/p>\n<p data-start=\"3082\" data-end=\"3287\">Viegl\u0101 g\u0113la tekst\u016bra veido maigu putu, kas r\u016bp\u012bgi att\u012bra \u0101das virsmu un p\u0113c mazg\u0101\u0161anas nodro\u0161ina svaiguma saj\u016btu. Produkts pal\u012bdz uztur\u0113t \u0101das dabisko l\u012bdzsvaru un sagatavo to turpm\u0101kajiem kop\u0161anas so\u013ciem.<\/p>\n<p data-start=\"3289\" data-end=\"3484\"><strong data-start=\"3289\" data-end=\"3344\">Kam piem\u0113rots Decongestant Cleanser no Bioelements:<\/strong> noguru\u0161ai, jut\u012bgai un uz aps\u0101rtumu tend\u0113tai \u0101dai, k\u0101 ar\u012b \u0101dai, kurai nepiecie\u0161ama maiga, bet efekt\u012bva att\u012br\u012b\u0161ana, neboj\u0101jot aizsargbarjeru.<\/p>\n<p data-start=\"3486\" data-end=\"3505\"><strong data-start=\"3486\" data-end=\"3498\">Tilpums:<\/strong> 177 ml<\/p>\n","protected":false},"excerpt":{"rendered":"<p data-start=\"3687\" data-end=\"3729\">L\u012bdzsvarojo\u0161s att\u012bro\u0161ais g\u0113ls jut\u012bgai \u0101dai<\/p>\n<h2 data-start=\"3731\" data-end=\"3779\"><strong data-start=\"3731\" data-end=\"3779\">\u012apa\u0161\u012bbas Bioelements &#8211; Decongestant Cleanser<\/strong><\/h2>\n<p data-start=\"3781\" data-end=\"3983\">\u2714\ufe0f Maigi att\u012bra, neatst\u0101jot sausuma saj\u016btu<br data-start=\"3823\" data-end=\"3826\" \/>\u2714\ufe0f Pal\u012bdz uztur\u0113t \u0101das sebuma l\u012bdzsvaru<br data-start=\"3865\" data-end=\"3868\" \/>\u2714\ufe0f Atsvaidzina un uzlabo \u0101das komfortu<br data-start=\"3906\" data-end=\"3909\" \/>\u2714\ufe0f Pal\u012bdz mazin\u0101t \u0101das reaktivit\u0101ti<br data-start=\"3944\" data-end=\"3947\" \/>\u2714\ufe0f Sagatavo \u0101du turpm\u0101kai kop\u0161anai<\/p>\n","protected":false},"featured_media":67743,"template":"","meta":[],"pwb-brand":[1239],"product_brand":[],"product_cat":[715,745],"product_tag":[],"giftcard-category":[],"class_list":{"0":"post-79757","1":"product","2":"type-product","3":"status-publish","4":"has-post-thumbnail","6":"pwb-brand-bioelements-lv","7":"product_cat-attirisana","8":"product_cat-jutigai-adai","10":"first","11":"instock","12":"taxable","13":"shipping-taxable","14":"purchasable","15":"product-type-simple"},"acf":[],"brands":[{"id":1239,"name":"Bioelements","slug":"bioelements-lv"}],"_links":{"self":[{"href":"https:\/\/skinstudio.ee\/lv\/wp-json\/wp\/v2\/product\/79757","targetHints":{"allow":["GET"]}}],"collection":[{"href":"https:\/\/skinstudio.ee\/lv\/wp-json\/wp\/v2\/product"}],"about":[{"href":"https:\/\/skinstudio.ee\/lv\/wp-json\/wp\/v2\/types\/product"}],"version-history":[{"count":1,"href":"https:\/\/skinstudio.ee\/lv\/wp-json\/wp\/v2\/product\/79757\/revisions"}],"predecessor-version":[{"id":79758,"href":"https:\/\/skinstudio.ee\/lv\/wp-json\/wp\/v2\/product\/79757\/revisions\/79758"}],"wp:featuredmedia":[{"embeddable":true,"href":"https:\/\/skinstudio.ee\/lv\/wp-json\/wp\/v2\/media\/67743"}],"wp:attachment":[{"href":"https:\/\/skinstudio.ee\/lv\/wp-json\/wp\/v2\/media?parent=79757"}],"wp:term":[{"taxonomy":"pwb-brand","embeddable":true,"href":"https:\/\/skinstudio.ee\/lv\/wp-json\/wp\/v2\/pwb-brand?post=79757"},{"taxonomy":"product_brand","embeddable":true,"href":"https:\/\/skinstudio.ee\/lv\/wp-json\/wp\/v2\/product_brand?post=79757"},{"taxonomy":"product_cat","embeddable":true,"href":"https:\/\/skinstudio.ee\/lv\/wp-json\/wp\/v2\/product_cat?post=79757"},{"taxonomy":"product_tag","embeddable":true,"href":"https:\/\/skinstudio.ee\/lv\/wp-json\/wp\/v2\/product_tag?post=79757"},{"taxonomy":"giftcard-category","embeddable":true,"href":"https:\/\/skinstudio.ee\/lv\/wp-json\/wp\/v2\/giftcard-category?post=79757"}],"curies":[{"name":"wp","href":"https:\/\/api.w.org\/{rel}","templated":true}]}}