{"id":79764,"date":"2025-08-07T11:23:28","date_gmt":"2025-08-07T11:23:28","guid":{"rendered":"https:\/\/skinstudio.ee\/?post_type=product&#038;p=79764"},"modified":"2026-04-03T09:47:10","modified_gmt":"2026-04-03T09:47:10","slug":"flash-foam-cleanser","status":"publish","type":"product","link":"https:\/\/skinstudio.ee\/lv\/catalog\/bioelements-lv\/flash-foam-cleanser\/","title":{"rendered":"Flash Foam Cleanser"},"content":{"rendered":"<p data-start=\"4337\" data-end=\"4646\"><strong data-start=\"4337\" data-end=\"4375\">Flash Foam Cleanser no Bioelements<\/strong> &#8211; ir enz\u012bmu att\u012bro\u0161s l\u012bdzeklis, kas efekt\u012bvi no\u0146em kosm\u0113tiku, net\u012brumus un lieko sebumu, vienlaikus nodro\u0161inot maigu \u0101das atjauno\u0161anu. Formula apvieno att\u012bro\u0161os komponentus ar dab\u012bgiem aug\u013cu enz\u012bmiem, pal\u012bdzot uztur\u0113t \u0101das t\u012br\u012bbu un svaigumu bez sausuma vai kairin\u0101juma.<\/p>\n<p data-start=\"4648\" data-end=\"4877\">Viegl\u0101 putojo\u0161\u0101 tekst\u016bra maigi att\u012bra \u0101du un nodro\u0161ina vieglu eksfoli\u0101ciju, padarot \u0101du glud\u0101ku, m\u012bkst\u0101ku un vizu\u0101li svaig\u0101ku. Produkts pal\u012bdz saglab\u0101t \u0101das komfortu ikdienas att\u012br\u012b\u0161anas laik\u0101 un sagatavo to turpm\u0101kajai kop\u0161anai.<\/p>\n<p data-start=\"4879\" data-end=\"5081\"><strong data-start=\"4879\" data-end=\"4932\">Kam piem\u0113rots Flash Foam Cleanser no Bioelements:<\/strong> \u0101dai, kurai nepiecie\u0161ama maiga att\u012br\u012b\u0161ana ar vieglu eksfoli\u0113jo\u0161u efektu, tostarp bl\u0101vai, nevienm\u0113r\u012bgas tekst\u016bras vai uz aizs\u0113r\u0113jumiem tend\u0113tai \u0101dai.<\/p>\n<p data-start=\"5083\" data-end=\"5102\"><strong data-start=\"5083\" data-end=\"5095\">Tilpums:<\/strong> 192 ml<\/p>\n","protected":false},"excerpt":{"rendered":"<p data-start=\"5357\" data-end=\"5400\">Att\u012bro\u0161as putas ar maigu enz\u012bmu atjauno\u0161anu<\/p>\n<h2 data-start=\"5402\" data-end=\"5448\"><strong data-start=\"5402\" data-end=\"5448\">\u012apa\u0161\u012bbas Bioelements &#8211; Flash Foam Cleanser<\/strong><\/h2>\n<p data-start=\"5450\" data-end=\"5665\">\u2714\ufe0f Efekt\u012bvi no\u0146em net\u012brumus un kosm\u0113tikas atlikumus<br data-start=\"5501\" data-end=\"5504\" \/>\u2714\ufe0f Nodro\u0161ina maigu enz\u012bmu eksfoli\u0101ciju<br data-start=\"5542\" data-end=\"5545\" \/>\u2714\ufe0f Uzlabo \u0101das gludumu un svaigumu<br data-start=\"5579\" data-end=\"5582\" \/>\u2714\ufe0f Veicina vienm\u0113r\u012bg\u0101ku \u0101das izskatu<br data-start=\"5618\" data-end=\"5621\" \/>\u2714\ufe0f Piem\u0113rots regul\u0101rai ikdienas lieto\u0161anai<\/p>\n","protected":false},"featured_media":67749,"template":"","meta":[],"pwb-brand":[1239],"product_brand":[],"product_cat":[715],"product_tag":[],"giftcard-category":[],"class_list":{"0":"post-79764","1":"product","2":"type-product","3":"status-publish","4":"has-post-thumbnail","6":"pwb-brand-bioelements-lv","7":"product_cat-attirisana","9":"first","10":"instock","11":"taxable","12":"shipping-taxable","13":"purchasable","14":"product-type-simple"},"acf":[],"brands":[{"id":1239,"name":"Bioelements","slug":"bioelements-lv"}],"_links":{"self":[{"href":"https:\/\/skinstudio.ee\/lv\/wp-json\/wp\/v2\/product\/79764","targetHints":{"allow":["GET"]}}],"collection":[{"href":"https:\/\/skinstudio.ee\/lv\/wp-json\/wp\/v2\/product"}],"about":[{"href":"https:\/\/skinstudio.ee\/lv\/wp-json\/wp\/v2\/types\/product"}],"version-history":[{"count":1,"href":"https:\/\/skinstudio.ee\/lv\/wp-json\/wp\/v2\/product\/79764\/revisions"}],"predecessor-version":[{"id":79765,"href":"https:\/\/skinstudio.ee\/lv\/wp-json\/wp\/v2\/product\/79764\/revisions\/79765"}],"wp:featuredmedia":[{"embeddable":true,"href":"https:\/\/skinstudio.ee\/lv\/wp-json\/wp\/v2\/media\/67749"}],"wp:attachment":[{"href":"https:\/\/skinstudio.ee\/lv\/wp-json\/wp\/v2\/media?parent=79764"}],"wp:term":[{"taxonomy":"pwb-brand","embeddable":true,"href":"https:\/\/skinstudio.ee\/lv\/wp-json\/wp\/v2\/pwb-brand?post=79764"},{"taxonomy":"product_brand","embeddable":true,"href":"https:\/\/skinstudio.ee\/lv\/wp-json\/wp\/v2\/product_brand?post=79764"},{"taxonomy":"product_cat","embeddable":true,"href":"https:\/\/skinstudio.ee\/lv\/wp-json\/wp\/v2\/product_cat?post=79764"},{"taxonomy":"product_tag","embeddable":true,"href":"https:\/\/skinstudio.ee\/lv\/wp-json\/wp\/v2\/product_tag?post=79764"},{"taxonomy":"giftcard-category","embeddable":true,"href":"https:\/\/skinstudio.ee\/lv\/wp-json\/wp\/v2\/giftcard-category?post=79764"}],"curies":[{"name":"wp","href":"https:\/\/api.w.org\/{rel}","templated":true}]}}