{"id":79772,"date":"2025-08-07T11:22:53","date_gmt":"2025-08-07T11:22:53","guid":{"rendered":"https:\/\/skinstudio.ee\/?post_type=product&#038;p=79772"},"modified":"2026-04-03T09:47:10","modified_gmt":"2026-04-03T09:47:10","slug":"makeup-dissolver-perfected","status":"publish","type":"product","link":"https:\/\/skinstudio.ee\/lv\/catalog\/bioelements-lv\/makeup-dissolver-perfected\/","title":{"rendered":"Makeup Dissolver Perfected"},"content":{"rendered":"<p data-start=\"3930\" data-end=\"4265\"><strong data-start=\"3930\" data-end=\"3975\">Makeup Dissolver Perfected no Bioelements<\/strong> &#8211; ir kosm\u0113tikas no\u0146em\u0161anas l\u012bdzeklis, kas att\u012bra \u0101du no dekorat\u012bv\u0101s kosm\u0113tikas, tostarp notur\u012bg\u0101m un \u016bdensiztur\u012bg\u0101m formul\u0101m, neatst\u0101jot sausuma vai savilkuma saj\u016btu. Viegl\u0101 tekst\u016bra maigi iz\u0161\u0137\u012bdina kosm\u0113tiku no acu zonas, sejas un l\u016bp\u0101m, nodro\u0161inot komfortablu att\u012br\u012b\u0161anu bez kairin\u0101juma.<\/p>\n<p data-start=\"4267\" data-end=\"4506\">MariBright komplekss ar kli\u0146\u0123er\u012b\u0161u un gai\u013cbiks\u012b\u0161u ekstraktiem piem\u0113rots jut\u012bgajai acu zonai un nodro\u0161ina maigu att\u012br\u012b\u0161anu bez dedzin\u0101\u0161anas saj\u016btas. L\u012bdzekli var izmantot k\u0101 pirmo vakara kop\u0161anas soli, sagatavojot \u0101du turpm\u0101kai att\u012br\u012b\u0161anai.<\/p>\n<p data-start=\"4508\" data-end=\"4655\"><strong data-start=\"4508\" data-end=\"4568\">Kam piem\u0113rots Makeup Dissolver Perfected no Bioelements:<\/strong> visiem \u0101das tipiem, tostarp jut\u012bgai acu zonai un lietot\u0101jiem ar skropstu pieaudz\u0113\u0161anu.<\/p>\n<p data-start=\"4657\" data-end=\"4676\"><strong data-start=\"4657\" data-end=\"4669\">Tilpums:<\/strong> 110 ml<\/p>\n","protected":false},"excerpt":{"rendered":"<p data-start=\"4862\" data-end=\"4887\">Maigs kosm\u0113tikas no\u0146\u0113m\u0113js<\/p>\n<h2 data-start=\"4889\" data-end=\"4942\"><strong data-start=\"4889\" data-end=\"4942\">\u012apa\u0161\u012bbas Bioelements &#8211; Makeup Dissolver Perfected<\/strong><\/h2>\n<p data-start=\"4944\" data-end=\"5152\">\u2714\ufe0f Iz\u0161\u0137\u012bdina notur\u012bgu un \u016bdensiztur\u012bgu kosm\u0113tiku<br data-start=\"4992\" data-end=\"4995\" \/>\u2714\ufe0f No\u0146em kosm\u0113tiku bez taukainas pl\u0113ves<br data-start=\"5034\" data-end=\"5037\" \/>\u2714\ufe0f Maigi att\u012bra acu zonu<br data-start=\"5061\" data-end=\"5064\" \/>\u2714\ufe0f Samazina kairin\u0101juma saj\u016btu att\u012br\u012b\u0161anas laik\u0101<br data-start=\"5112\" data-end=\"5115\" \/>\u2714\ufe0f Piem\u0113rots skropstu pieaudz\u0113\u0161anai<\/p>\n","protected":false},"featured_media":67755,"template":"","meta":[],"pwb-brand":[1239],"product_brand":[],"product_cat":[715],"product_tag":[],"giftcard-category":[],"class_list":{"0":"post-79772","1":"product","2":"type-product","3":"status-publish","4":"has-post-thumbnail","6":"pwb-brand-bioelements-lv","7":"product_cat-attirisana","9":"first","10":"instock","11":"taxable","12":"shipping-taxable","13":"purchasable","14":"product-type-simple"},"acf":[],"brands":[{"id":1239,"name":"Bioelements","slug":"bioelements-lv"}],"_links":{"self":[{"href":"https:\/\/skinstudio.ee\/lv\/wp-json\/wp\/v2\/product\/79772","targetHints":{"allow":["GET"]}}],"collection":[{"href":"https:\/\/skinstudio.ee\/lv\/wp-json\/wp\/v2\/product"}],"about":[{"href":"https:\/\/skinstudio.ee\/lv\/wp-json\/wp\/v2\/types\/product"}],"version-history":[{"count":1,"href":"https:\/\/skinstudio.ee\/lv\/wp-json\/wp\/v2\/product\/79772\/revisions"}],"predecessor-version":[{"id":79773,"href":"https:\/\/skinstudio.ee\/lv\/wp-json\/wp\/v2\/product\/79772\/revisions\/79773"}],"wp:featuredmedia":[{"embeddable":true,"href":"https:\/\/skinstudio.ee\/lv\/wp-json\/wp\/v2\/media\/67755"}],"wp:attachment":[{"href":"https:\/\/skinstudio.ee\/lv\/wp-json\/wp\/v2\/media?parent=79772"}],"wp:term":[{"taxonomy":"pwb-brand","embeddable":true,"href":"https:\/\/skinstudio.ee\/lv\/wp-json\/wp\/v2\/pwb-brand?post=79772"},{"taxonomy":"product_brand","embeddable":true,"href":"https:\/\/skinstudio.ee\/lv\/wp-json\/wp\/v2\/product_brand?post=79772"},{"taxonomy":"product_cat","embeddable":true,"href":"https:\/\/skinstudio.ee\/lv\/wp-json\/wp\/v2\/product_cat?post=79772"},{"taxonomy":"product_tag","embeddable":true,"href":"https:\/\/skinstudio.ee\/lv\/wp-json\/wp\/v2\/product_tag?post=79772"},{"taxonomy":"giftcard-category","embeddable":true,"href":"https:\/\/skinstudio.ee\/lv\/wp-json\/wp\/v2\/giftcard-category?post=79772"}],"curies":[{"name":"wp","href":"https:\/\/api.w.org\/{rel}","templated":true}]}}