{"id":79780,"date":"2025-08-07T11:22:31","date_gmt":"2025-08-07T11:22:31","guid":{"rendered":"https:\/\/skinstudio.ee\/?post_type=product&#038;p=79780"},"modified":"2026-04-03T09:47:10","modified_gmt":"2026-04-03T09:47:10","slug":"moisture-positive-cleanser","status":"publish","type":"product","link":"https:\/\/skinstudio.ee\/lv\/catalog\/bioelements-lv\/moisture-positive-cleanser\/","title":{"rendered":"Moisture Positive Cleanser"},"content":{"rendered":"<p data-start=\"2472\" data-end=\"2727\"><strong data-start=\"2472\" data-end=\"2517\">Moisture Positive Cleanser no Bioelements<\/strong> &#8211; ir maigs kr\u0113mveida att\u012bro\u0161s l\u012bdzeklis, kas paredz\u0113ts sausas \u0101das ikdienas kop\u0161anai. Bag\u0101t\u012bg\u0101 tekst\u016bra att\u012bra \u0101du no net\u012brumiem un dekorat\u012bv\u0101s kosm\u0113tikas, saglab\u0101jot komforta saj\u016btu bez sausuma vai savilkuma.<\/p>\n<p data-start=\"2729\" data-end=\"2965\">Formula ar adaptog\u0113niem augu ekstraktiem un \u0113teriskaj\u0101m e\u013c\u013c\u0101m pal\u012bdz uztur\u0113t \u0101das l\u012bdzsvaru att\u012br\u012b\u0161anas laik\u0101 un saglab\u0101 \u0101du m\u012bkstu un gludu. Kr\u0113mveida b\u0101ze nodro\u0161ina maigu att\u012br\u012b\u0161anu, atst\u0101jot \u0101du p\u0113c mazg\u0101\u0161anas mitrin\u0101t\u0101ku un kopt\u0101ku.<\/p>\n<p data-start=\"2967\" data-end=\"3129\"><strong data-start=\"2967\" data-end=\"3012\">Kam piem\u0113rots Moisture Positive Cleanser:<\/strong> sausai, jut\u012bgai un nobriedu\u0161ai \u0101dai, k\u0101 ar\u012b \u0101dai, kurai nepiecie\u0161ama maiga att\u012br\u012b\u0161ana bez p\u0101rm\u0113r\u012bga sausuma saj\u016btas.<\/p>\n<p data-start=\"3131\" data-end=\"3150\"><strong data-start=\"3131\" data-end=\"3143\">Tilpums:<\/strong> 177 ml<\/p>\n","protected":false},"excerpt":{"rendered":"<p data-start=\"3278\" data-end=\"3318\">Kr\u0113mveida att\u012bro\u0161s l\u012bdzeklis sausai \u0101dai<\/p>\n<h2 data-start=\"3320\" data-end=\"3373\"><strong data-start=\"3320\" data-end=\"3373\">\u012apa\u0161\u012bbas Bioelements &#8211; Moisture Positive Cleanser<\/strong><\/h2>\n<p data-start=\"3375\" data-end=\"3580\">\u2714\ufe0f Att\u012bra, neatst\u0101jot sausuma saj\u016btu<br data-start=\"3411\" data-end=\"3414\" \/>\u2714\ufe0f No\u0146em kosm\u0113tiku bez taukainas pl\u0113ves<br data-start=\"3453\" data-end=\"3456\" \/>\u2714\ufe0f Saglab\u0101 mitrin\u0101tas \u0101das saj\u016btu<br data-start=\"3489\" data-end=\"3492\" \/>\u2714\ufe0f M\u012bkstina un mazina savilkuma saj\u016btu<br data-start=\"3530\" data-end=\"3533\" \/>\u2714\ufe0f Piem\u0113rots sausas \u0101das ikdienas att\u012br\u012b\u0161anai<\/p>\n","protected":false},"featured_media":67760,"template":"","meta":[],"pwb-brand":[1239],"product_brand":[],"product_cat":[715,739],"product_tag":[],"giftcard-category":[],"class_list":{"0":"post-79780","1":"product","2":"type-product","3":"status-publish","4":"has-post-thumbnail","6":"pwb-brand-bioelements-lv","7":"product_cat-attirisana","8":"product_cat-sausai-adai","10":"first","11":"instock","12":"taxable","13":"shipping-taxable","14":"purchasable","15":"product-type-simple"},"acf":[],"brands":[{"id":1239,"name":"Bioelements","slug":"bioelements-lv"}],"_links":{"self":[{"href":"https:\/\/skinstudio.ee\/lv\/wp-json\/wp\/v2\/product\/79780","targetHints":{"allow":["GET"]}}],"collection":[{"href":"https:\/\/skinstudio.ee\/lv\/wp-json\/wp\/v2\/product"}],"about":[{"href":"https:\/\/skinstudio.ee\/lv\/wp-json\/wp\/v2\/types\/product"}],"version-history":[{"count":1,"href":"https:\/\/skinstudio.ee\/lv\/wp-json\/wp\/v2\/product\/79780\/revisions"}],"predecessor-version":[{"id":79781,"href":"https:\/\/skinstudio.ee\/lv\/wp-json\/wp\/v2\/product\/79780\/revisions\/79781"}],"wp:featuredmedia":[{"embeddable":true,"href":"https:\/\/skinstudio.ee\/lv\/wp-json\/wp\/v2\/media\/67760"}],"wp:attachment":[{"href":"https:\/\/skinstudio.ee\/lv\/wp-json\/wp\/v2\/media?parent=79780"}],"wp:term":[{"taxonomy":"pwb-brand","embeddable":true,"href":"https:\/\/skinstudio.ee\/lv\/wp-json\/wp\/v2\/pwb-brand?post=79780"},{"taxonomy":"product_brand","embeddable":true,"href":"https:\/\/skinstudio.ee\/lv\/wp-json\/wp\/v2\/product_brand?post=79780"},{"taxonomy":"product_cat","embeddable":true,"href":"https:\/\/skinstudio.ee\/lv\/wp-json\/wp\/v2\/product_cat?post=79780"},{"taxonomy":"product_tag","embeddable":true,"href":"https:\/\/skinstudio.ee\/lv\/wp-json\/wp\/v2\/product_tag?post=79780"},{"taxonomy":"giftcard-category","embeddable":true,"href":"https:\/\/skinstudio.ee\/lv\/wp-json\/wp\/v2\/giftcard-category?post=79780"}],"curies":[{"name":"wp","href":"https:\/\/api.w.org\/{rel}","templated":true}]}}