{"id":79788,"date":"2025-08-07T11:21:54","date_gmt":"2025-08-07T11:21:54","guid":{"rendered":"https:\/\/skinstudio.ee\/?post_type=product&#038;p=79788"},"modified":"2026-04-03T09:47:11","modified_gmt":"2026-04-03T09:47:11","slug":"sensitive-skin-cleansing-oil","status":"publish","type":"product","link":"https:\/\/skinstudio.ee\/lv\/catalog\/bioelements-lv\/sensitive-skin-cleansing-oil\/","title":{"rendered":"Sensitive Skin Cleansing Oil"},"content":{"rendered":"<p data-start=\"2642\" data-end=\"2927\"><strong data-start=\"2642\" data-end=\"2689\">Sensitive Skin Cleansing Oil no Bioelements<\/strong> &#8211; ir maiga att\u012bro\u0161a e\u013c\u013ca, kas no\u0146em kosm\u0113tiku, ikdienas net\u012brumus un lieko sebumu, neatst\u0101jot smaguma saj\u016btu uz \u0101das. E\u013c\u013cas tekst\u016bra viegli izklied\u0113jas un iz\u0161\u0137\u012bdina dekorat\u012bvo kosm\u0113tiku, nodro\u0161inot maigu att\u012br\u012b\u0161anu bez p\u0101rm\u0113r\u012bga sausuma.<\/p>\n<p data-start=\"2929\" data-end=\"3230\">Augu un ol\u012bve\u013c\u013cas mais\u012bjums att\u012br\u012b\u0161anas laik\u0101 saglab\u0101 \u0101das komfortu un pal\u012bdz uztur\u0113t t\u0101s m\u012bkstumu un gludumu. Formula ar ka\u0146epju s\u0113klu e\u013c\u013cu un E vitam\u012bnu atst\u0101j \u0101du p\u0113c mazg\u0101\u0161anas mier\u012bg\u0101ku un kopt\u0101ku. Saskar\u0113 ar \u016bdeni e\u013c\u013ca p\u0101rv\u0113r\u0161as viegl\u0101 emulsij\u0101, kas viegli noskalojas un neatst\u0101j taukainu pl\u0113vi.<\/p>\n<p data-start=\"3232\" data-end=\"3372\"><strong data-start=\"3232\" data-end=\"3279\">Kam piem\u0113rots Sensitive Skin Cleansing Oil:<\/strong> jut\u012bgai, sausai un reakt\u012bvai \u0101dai, k\u0101 ar\u012b tiem, kas dod priek\u0161roku maigai e\u013c\u013cas att\u012br\u012b\u0161anai.<\/p>\n<p data-start=\"3374\" data-end=\"3393\"><strong data-start=\"3374\" data-end=\"3386\">Tilpums:<\/strong> 109 ml<\/p>\n","protected":false},"excerpt":{"rendered":"<p data-start=\"3582\" data-end=\"3623\">Maiga att\u012bro\u0161a e\u013c\u013ca kosm\u0113tikas no\u0146em\u0161anai<\/p>\n<h2 data-start=\"3625\" data-end=\"3680\"><strong data-start=\"3625\" data-end=\"3680\">\u012apa\u0161\u012bbas Bioelements &#8211; Sensitive Skin Cleansing Oil<\/strong><\/h2>\n<p data-start=\"3682\" data-end=\"3870\">\u2714\ufe0f Iz\u0161\u0137\u012bdina kosm\u0113tiku un net\u012brumus<br data-start=\"3717\" data-end=\"3720\" \/>\u2714\ufe0f Att\u012bra bez smaguma saj\u016btas<br data-start=\"3749\" data-end=\"3752\" \/>\u2714\ufe0f M\u012bkstina un mazina sausuma saj\u016btu<br data-start=\"3788\" data-end=\"3791\" \/>\u2714\ufe0f Saglab\u0101 jut\u012bgas \u0101das komfortu<br data-start=\"3823\" data-end=\"3826\" \/>\u2714\ufe0f Emul\u0123\u0113jas un viegli noskalojas ar \u016bdeni<\/p>\n","protected":false},"featured_media":67765,"template":"","meta":[],"pwb-brand":[1239],"product_brand":[],"product_cat":[715,745],"product_tag":[],"giftcard-category":[],"class_list":{"0":"post-79788","1":"product","2":"type-product","3":"status-publish","4":"has-post-thumbnail","6":"pwb-brand-bioelements-lv","7":"product_cat-attirisana","8":"product_cat-jutigai-adai","10":"first","11":"instock","12":"taxable","13":"shipping-taxable","14":"purchasable","15":"product-type-simple"},"acf":[],"brands":[{"id":1239,"name":"Bioelements","slug":"bioelements-lv"}],"_links":{"self":[{"href":"https:\/\/skinstudio.ee\/lv\/wp-json\/wp\/v2\/product\/79788","targetHints":{"allow":["GET"]}}],"collection":[{"href":"https:\/\/skinstudio.ee\/lv\/wp-json\/wp\/v2\/product"}],"about":[{"href":"https:\/\/skinstudio.ee\/lv\/wp-json\/wp\/v2\/types\/product"}],"version-history":[{"count":1,"href":"https:\/\/skinstudio.ee\/lv\/wp-json\/wp\/v2\/product\/79788\/revisions"}],"predecessor-version":[{"id":79789,"href":"https:\/\/skinstudio.ee\/lv\/wp-json\/wp\/v2\/product\/79788\/revisions\/79789"}],"wp:featuredmedia":[{"embeddable":true,"href":"https:\/\/skinstudio.ee\/lv\/wp-json\/wp\/v2\/media\/67765"}],"wp:attachment":[{"href":"https:\/\/skinstudio.ee\/lv\/wp-json\/wp\/v2\/media?parent=79788"}],"wp:term":[{"taxonomy":"pwb-brand","embeddable":true,"href":"https:\/\/skinstudio.ee\/lv\/wp-json\/wp\/v2\/pwb-brand?post=79788"},{"taxonomy":"product_brand","embeddable":true,"href":"https:\/\/skinstudio.ee\/lv\/wp-json\/wp\/v2\/product_brand?post=79788"},{"taxonomy":"product_cat","embeddable":true,"href":"https:\/\/skinstudio.ee\/lv\/wp-json\/wp\/v2\/product_cat?post=79788"},{"taxonomy":"product_tag","embeddable":true,"href":"https:\/\/skinstudio.ee\/lv\/wp-json\/wp\/v2\/product_tag?post=79788"},{"taxonomy":"giftcard-category","embeddable":true,"href":"https:\/\/skinstudio.ee\/lv\/wp-json\/wp\/v2\/giftcard-category?post=79788"}],"curies":[{"name":"wp","href":"https:\/\/api.w.org\/{rel}","templated":true}]}}