{"id":79796,"date":"2025-08-07T11:21:33","date_gmt":"2025-08-07T11:21:33","guid":{"rendered":"https:\/\/skinstudio.ee\/?post_type=product&#038;p=79796"},"modified":"2026-04-03T09:47:10","modified_gmt":"2026-04-03T09:47:10","slug":"pore-thing","status":"publish","type":"product","link":"https:\/\/skinstudio.ee\/lv\/catalog\/bioelements-lv\/pore-thing\/","title":{"rendered":"Pore Thing"},"content":{"rendered":"<p data-start=\"2439\" data-end=\"2731\"><strong data-start=\"2439\" data-end=\"2468\">Pore Thing no Bioelements<\/strong> &#8211; ir ikdienas att\u012bro\u0161s g\u0113ls ar daudzl\u012bme\u0146u eksfoli\u0113jo\u0161u darb\u012bbu, kas paredz\u0113ts poru att\u012br\u012b\u0161anai un \u0101das tekst\u016bras izl\u012bdzin\u0101\u0161anai. Formula apvieno maigus att\u012bro\u0161os komponentus ar sk\u0101b\u0113m un augu ekstraktiem, nodro\u0161inot atjaunojo\u0161u att\u012br\u012b\u0161anu bez p\u0101rm\u0113r\u012bga sausuma.<\/p>\n<p data-start=\"2733\" data-end=\"3038\">Salicilsk\u0101be att\u012bra poras no liek\u0101 sebuma, azela\u012bnsk\u0101be veicina maigu \u0101das atjauno\u0161anos, bet v\u012btolu mizas ekstrakts pal\u012bdz saglab\u0101t t\u012br\u0101ku \u0101das izskatu. \u0100bolu un za\u013c\u0101s t\u0113jas ekstrakti pal\u012bdz uztur\u0113t mitrin\u0101tas un komfortablas \u0101das saj\u016btu att\u012br\u012b\u0161anas laik\u0101. P\u0113c mazg\u0101\u0161anas \u0101da izskat\u0101s svaig\u0101ka un glud\u0101ka.<\/p>\n<p data-start=\"3040\" data-end=\"3179\"><strong data-start=\"3040\" data-end=\"3069\">Kam piem\u0113rots Pore Thing:<\/strong> kombin\u0113tai, taukainai un uz nepiln\u012bb\u0101m tend\u0113tai \u0101dai, k\u0101 ar\u012b \u0101dai ar redzam\u0101m por\u0101m un nevienm\u0113r\u012bgu tekst\u016bru.<\/p>\n<p data-start=\"3181\" data-end=\"3200\"><strong data-start=\"3181\" data-end=\"3193\">Tilpums:<\/strong> 118 ml<\/p>\n","protected":false},"excerpt":{"rendered":"<p data-start=\"3334\" data-end=\"3378\">Att\u012bro\u0161s g\u0113ls ar sk\u0101b\u0113m problem\u0101tisk\u0101m por\u0101m<\/p>\n<h2 data-start=\"3380\" data-end=\"3417\"><strong data-start=\"3380\" data-end=\"3417\">\u012apa\u0161\u012bbas Bioelements &#8211; Pore Thing<\/strong><\/h2>\n<p data-start=\"3419\" data-end=\"3585\">\u2714\ufe0f Att\u012bra poras no sebuma un net\u012brumiem<br data-start=\"3458\" data-end=\"3461\" \/>\u2714\ufe0f Maigi eksfoli\u0113 \u0101das virsmu<br data-start=\"3490\" data-end=\"3493\" \/>\u2714\ufe0f Izl\u012bdzina \u0101das tekst\u016bru<br data-start=\"3519\" data-end=\"3522\" \/>\u2714\ufe0f Samazina nepiln\u012bbu redzam\u012bbu<br data-start=\"3553\" data-end=\"3556\" \/>\u2714\ufe0f Atsvaidzina \u0101das izskatu<\/p>\n","protected":false},"featured_media":67770,"template":"","meta":[],"pwb-brand":[1239],"product_brand":[],"product_cat":[715,747],"product_tag":[],"giftcard-category":[],"class_list":{"0":"post-79796","1":"product","2":"type-product","3":"status-publish","4":"has-post-thumbnail","6":"pwb-brand-bioelements-lv","7":"product_cat-attirisana","8":"product_cat-taukainai-adai","10":"first","11":"instock","12":"taxable","13":"shipping-taxable","14":"purchasable","15":"product-type-simple"},"acf":[],"brands":[{"id":1239,"name":"Bioelements","slug":"bioelements-lv"}],"_links":{"self":[{"href":"https:\/\/skinstudio.ee\/lv\/wp-json\/wp\/v2\/product\/79796","targetHints":{"allow":["GET"]}}],"collection":[{"href":"https:\/\/skinstudio.ee\/lv\/wp-json\/wp\/v2\/product"}],"about":[{"href":"https:\/\/skinstudio.ee\/lv\/wp-json\/wp\/v2\/types\/product"}],"version-history":[{"count":1,"href":"https:\/\/skinstudio.ee\/lv\/wp-json\/wp\/v2\/product\/79796\/revisions"}],"predecessor-version":[{"id":79797,"href":"https:\/\/skinstudio.ee\/lv\/wp-json\/wp\/v2\/product\/79796\/revisions\/79797"}],"wp:featuredmedia":[{"embeddable":true,"href":"https:\/\/skinstudio.ee\/lv\/wp-json\/wp\/v2\/media\/67770"}],"wp:attachment":[{"href":"https:\/\/skinstudio.ee\/lv\/wp-json\/wp\/v2\/media?parent=79796"}],"wp:term":[{"taxonomy":"pwb-brand","embeddable":true,"href":"https:\/\/skinstudio.ee\/lv\/wp-json\/wp\/v2\/pwb-brand?post=79796"},{"taxonomy":"product_brand","embeddable":true,"href":"https:\/\/skinstudio.ee\/lv\/wp-json\/wp\/v2\/product_brand?post=79796"},{"taxonomy":"product_cat","embeddable":true,"href":"https:\/\/skinstudio.ee\/lv\/wp-json\/wp\/v2\/product_cat?post=79796"},{"taxonomy":"product_tag","embeddable":true,"href":"https:\/\/skinstudio.ee\/lv\/wp-json\/wp\/v2\/product_tag?post=79796"},{"taxonomy":"giftcard-category","embeddable":true,"href":"https:\/\/skinstudio.ee\/lv\/wp-json\/wp\/v2\/giftcard-category?post=79796"}],"curies":[{"name":"wp","href":"https:\/\/api.w.org\/{rel}","templated":true}]}}