{"id":79810,"date":"2025-08-07T11:20:32","date_gmt":"2025-08-07T11:20:32","guid":{"rendered":"https:\/\/skinstudio.ee\/?post_type=product&#038;p=79810"},"modified":"2026-04-03T09:47:10","modified_gmt":"2026-04-03T09:47:10","slug":"equalizer","status":"publish","type":"product","link":"https:\/\/skinstudio.ee\/lv\/catalog\/bioelements-lv\/equalizer\/","title":{"rendered":"Equalizer"},"content":{"rendered":"<p data-start=\"2213\" data-end=\"2457\"><strong data-start=\"2213\" data-end=\"2241\">Equalizer no Bioelements<\/strong> &#8211; ir mitrino\u0161s toniks-mists, ko lieto p\u0113c att\u012br\u012b\u0161anas, lai atjaunotu \u0101das komforta saj\u016btu un sagatavotu \u0101du turpm\u0101kajai kop\u0161anai. Viegl\u0101 formula bez spirta atsvaidzina \u0101du un pal\u012bdz uztur\u0113t l\u012bdzsvaru p\u0113c mazg\u0101\u0161anas.<\/p>\n<p data-start=\"2459\" data-end=\"2660\">Adaptog\u0113no augu ekstraktu un \u0113terisko e\u013c\u013cu kombin\u0101cija pal\u012bdz saglab\u0101t \u0101das m\u012bkstumu un koptu izskatu. Toniks vienm\u0113r\u012bgi izklied\u0113jas, atst\u0101jot \u0101du viegli mitrin\u0101tu un gatavu serumu un kr\u0113mu uzkl\u0101\u0161anai.<\/p>\n<p data-start=\"2662\" data-end=\"2796\"><strong data-start=\"2662\" data-end=\"2690\">Kam piem\u0113rots Equalizer:<\/strong> visiem \u0101das tipiem, tostarp jut\u012bgai \u0101dai un \u0101dai, kurai p\u0113c att\u012br\u012b\u0161anas nepiecie\u0161ama papildu mitrin\u0101\u0161ana.<\/p>\n<p data-start=\"2798\" data-end=\"2817\"><strong data-start=\"2798\" data-end=\"2810\">Tilpums:<\/strong> 177 ml<\/p>\n","protected":false},"excerpt":{"rendered":"<p data-start=\"2996\" data-end=\"3018\">Mitrino\u0161s toniks-mists<\/p>\n<h2 data-start=\"3020\" data-end=\"3056\"><strong data-start=\"3020\" data-end=\"3056\">\u012apa\u0161\u012bbas Bioelements &#8211; Equalizer<\/strong><\/h2>\n<p data-start=\"3058\" data-end=\"3231\">\u2714\ufe0f Mitrina \u0101du p\u0113c att\u012br\u012b\u0161anas<br data-start=\"3088\" data-end=\"3091\" \/>\u2714\ufe0f M\u012bkstina un atsvaidzina \u0101du<br data-start=\"3121\" data-end=\"3124\" \/>\u2714\ufe0f L\u012bdzsvaro \u0101das komforta saj\u016btu<br data-start=\"3157\" data-end=\"3160\" \/>\u2714\ufe0f Sagatavo \u0101du turpm\u0101kai kop\u0161anai<br data-start=\"3194\" data-end=\"3197\" \/>\u2714\ufe0f Piem\u0113rots ikdienas lieto\u0161anai<\/p>\n","protected":false},"featured_media":67781,"template":"","meta":[],"pwb-brand":[1239],"product_brand":[],"product_cat":[745,721],"product_tag":[],"giftcard-category":[],"class_list":{"0":"post-79810","1":"product","2":"type-product","3":"status-publish","4":"has-post-thumbnail","6":"pwb-brand-bioelements-lv","7":"product_cat-jutigai-adai","8":"product_cat-toniki-lv","10":"first","11":"instock","12":"taxable","13":"shipping-taxable","14":"purchasable","15":"product-type-simple"},"acf":[],"brands":[{"id":1239,"name":"Bioelements","slug":"bioelements-lv"}],"_links":{"self":[{"href":"https:\/\/skinstudio.ee\/lv\/wp-json\/wp\/v2\/product\/79810","targetHints":{"allow":["GET"]}}],"collection":[{"href":"https:\/\/skinstudio.ee\/lv\/wp-json\/wp\/v2\/product"}],"about":[{"href":"https:\/\/skinstudio.ee\/lv\/wp-json\/wp\/v2\/types\/product"}],"version-history":[{"count":1,"href":"https:\/\/skinstudio.ee\/lv\/wp-json\/wp\/v2\/product\/79810\/revisions"}],"predecessor-version":[{"id":79811,"href":"https:\/\/skinstudio.ee\/lv\/wp-json\/wp\/v2\/product\/79810\/revisions\/79811"}],"wp:featuredmedia":[{"embeddable":true,"href":"https:\/\/skinstudio.ee\/lv\/wp-json\/wp\/v2\/media\/67781"}],"wp:attachment":[{"href":"https:\/\/skinstudio.ee\/lv\/wp-json\/wp\/v2\/media?parent=79810"}],"wp:term":[{"taxonomy":"pwb-brand","embeddable":true,"href":"https:\/\/skinstudio.ee\/lv\/wp-json\/wp\/v2\/pwb-brand?post=79810"},{"taxonomy":"product_brand","embeddable":true,"href":"https:\/\/skinstudio.ee\/lv\/wp-json\/wp\/v2\/product_brand?post=79810"},{"taxonomy":"product_cat","embeddable":true,"href":"https:\/\/skinstudio.ee\/lv\/wp-json\/wp\/v2\/product_cat?post=79810"},{"taxonomy":"product_tag","embeddable":true,"href":"https:\/\/skinstudio.ee\/lv\/wp-json\/wp\/v2\/product_tag?post=79810"},{"taxonomy":"giftcard-category","embeddable":true,"href":"https:\/\/skinstudio.ee\/lv\/wp-json\/wp\/v2\/giftcard-category?post=79810"}],"curies":[{"name":"wp","href":"https:\/\/api.w.org\/{rel}","templated":true}]}}