{"id":79832,"date":"2025-08-07T11:19:29","date_gmt":"2025-08-07T11:19:29","guid":{"rendered":"https:\/\/skinstudio.ee\/?post_type=product&#038;p=79832"},"modified":"2026-04-03T09:47:11","modified_gmt":"2026-04-03T09:47:11","slug":"soothing-reset-mist","status":"publish","type":"product","link":"https:\/\/skinstudio.ee\/lv\/catalog\/bioelements-lv\/soothing-reset-mist\/","title":{"rendered":"Soothing Reset Mist"},"content":{"rendered":"<p data-start=\"2259\" data-end=\"2549\"><strong data-start=\"2259\" data-end=\"2297\">Soothing Reset Mist no Bioelements<\/strong> &#8211; ir nomierino\u0161s sejas toniks-mists, kas paredz\u0113ts jut\u012bgas \u0101das mitrin\u0101\u0161anai un komforta saj\u016btas atjauno\u0161anai. Viegl\u0101 formula ar alveju, kumel\u012bti un sudraba auss s\u0113nes ekstraktu atsvaidzina \u0101du un pal\u012bdz samazin\u0101t redzamu reaktivit\u0101ti p\u0113c att\u012br\u012b\u0161anas.<\/p>\n<p data-start=\"2551\" data-end=\"2733\">Toniks vienm\u0113r\u012bgi izklied\u0113jas, atst\u0101jot \u0101du viegli mitrin\u0101tu un vizu\u0101li mier\u012bg\u0101ku. Piem\u0113rots lieto\u0161anai p\u0113c att\u012br\u012b\u0161anas, eksfoli\u0101cijas vai mask\u0101m, sagatavojot \u0101du turpm\u0101kai kop\u0161anai.<\/p>\n<p data-start=\"2735\" data-end=\"2882\"><strong data-start=\"2735\" data-end=\"2773\">Kam piem\u0113rots Soothing Reset Mist:<\/strong> jut\u012bgai, reakt\u012bvai un uz aps\u0101rtumu tend\u0113tai \u0101dai, k\u0101 ar\u012b \u0101dai, kurai nepiecie\u0161ama maiga nomierino\u0161a kop\u0161ana.<\/p>\n<p data-start=\"2884\" data-end=\"2903\"><strong data-start=\"2884\" data-end=\"2896\">Tilpums:<\/strong> 109 ml<\/p>\n","protected":false},"excerpt":{"rendered":"<p data-start=\"3092\" data-end=\"3129\">Nomierino\u0161s toniks-mists jut\u012bgai \u0101dai<\/p>\n<h2 data-start=\"3131\" data-end=\"3177\"><strong data-start=\"3131\" data-end=\"3177\">\u012apa\u0161\u012bbas Bioelements &#8211; Soothing Reset Mist<\/strong><\/h2>\n<p data-start=\"3179\" data-end=\"3344\">\u2714\ufe0f Mitrina un m\u012bkstina \u0101du<br data-start=\"3205\" data-end=\"3208\" \/>\u2714\ufe0f Samazina aps\u0101rtuma redzam\u012bbu<br data-start=\"3239\" data-end=\"3242\" \/>\u2714\ufe0f Atsvaidzina un nomierina \u0101du<br data-start=\"3273\" data-end=\"3276\" \/>\u2714\ufe0f Saglab\u0101 \u0101das komforta saj\u016btu<br data-start=\"3307\" data-end=\"3310\" \/>\u2714\ufe0f Piem\u0113rots ikdienas lieto\u0161anai<\/p>\n","protected":false},"featured_media":67788,"template":"","meta":[],"pwb-brand":[1239],"product_brand":[],"product_cat":[745,721],"product_tag":[],"giftcard-category":[],"class_list":{"0":"post-79832","1":"product","2":"type-product","3":"status-publish","4":"has-post-thumbnail","6":"pwb-brand-bioelements-lv","7":"product_cat-jutigai-adai","8":"product_cat-toniki-lv","10":"first","11":"instock","12":"taxable","13":"shipping-taxable","14":"purchasable","15":"product-type-simple"},"acf":[],"brands":[{"id":1239,"name":"Bioelements","slug":"bioelements-lv"}],"_links":{"self":[{"href":"https:\/\/skinstudio.ee\/lv\/wp-json\/wp\/v2\/product\/79832","targetHints":{"allow":["GET"]}}],"collection":[{"href":"https:\/\/skinstudio.ee\/lv\/wp-json\/wp\/v2\/product"}],"about":[{"href":"https:\/\/skinstudio.ee\/lv\/wp-json\/wp\/v2\/types\/product"}],"version-history":[{"count":1,"href":"https:\/\/skinstudio.ee\/lv\/wp-json\/wp\/v2\/product\/79832\/revisions"}],"predecessor-version":[{"id":79834,"href":"https:\/\/skinstudio.ee\/lv\/wp-json\/wp\/v2\/product\/79832\/revisions\/79834"}],"wp:featuredmedia":[{"embeddable":true,"href":"https:\/\/skinstudio.ee\/lv\/wp-json\/wp\/v2\/media\/67788"}],"wp:attachment":[{"href":"https:\/\/skinstudio.ee\/lv\/wp-json\/wp\/v2\/media?parent=79832"}],"wp:term":[{"taxonomy":"pwb-brand","embeddable":true,"href":"https:\/\/skinstudio.ee\/lv\/wp-json\/wp\/v2\/pwb-brand?post=79832"},{"taxonomy":"product_brand","embeddable":true,"href":"https:\/\/skinstudio.ee\/lv\/wp-json\/wp\/v2\/product_brand?post=79832"},{"taxonomy":"product_cat","embeddable":true,"href":"https:\/\/skinstudio.ee\/lv\/wp-json\/wp\/v2\/product_cat?post=79832"},{"taxonomy":"product_tag","embeddable":true,"href":"https:\/\/skinstudio.ee\/lv\/wp-json\/wp\/v2\/product_tag?post=79832"},{"taxonomy":"giftcard-category","embeddable":true,"href":"https:\/\/skinstudio.ee\/lv\/wp-json\/wp\/v2\/giftcard-category?post=79832"}],"curies":[{"name":"wp","href":"https:\/\/api.w.org\/{rel}","templated":true}]}}