{"id":79840,"date":"2025-08-07T11:18:44","date_gmt":"2025-08-07T11:18:44","guid":{"rendered":"https:\/\/skinstudio.ee\/?post_type=product&#038;p=79840"},"modified":"2026-04-03T09:47:10","modified_gmt":"2026-04-03T09:47:10","slug":"power-peptide","status":"publish","type":"product","link":"https:\/\/skinstudio.ee\/lv\/catalog\/bioelements-lv\/power-peptide\/","title":{"rendered":"Power Peptide"},"content":{"rendered":"<p data-start=\"2326\" data-end=\"2606\"><strong data-start=\"2326\" data-end=\"2358\">Power Peptide no Bioelements<\/strong> &#8211; ir mitrino\u0161s toniks-mists ar pept\u012bdiem, kas paredz\u0113ts \u0101das komforta saj\u016btas atjauno\u0161anai un \u0101das sagatavo\u0161anai turpm\u0101kajai kop\u0161anai p\u0113c att\u012br\u012b\u0161anas. Viegl\u0101 formula bez spirta atsvaidzina \u0101du un pal\u012bdz uztur\u0113t mitrin\u0101t\u012bbu un vienm\u0113r\u012bg\u0101ku izskatu.<\/p>\n<p data-start=\"2608\" data-end=\"2835\">Komplekss ar pept\u012bdiem, balt\u0101s t\u0113jas ekstraktu un lakricas saknes ekstraktu pal\u012bdz saglab\u0101t starojo\u0161\u0101ku un kopt\u0101ku \u0101das izskatu. Toniks vienm\u0113r\u012bgi izklied\u0113jas, atst\u0101jot \u0101du viegli mitrin\u0101tu un gatavu serumu un kr\u0113mu uzkl\u0101\u0161anai.<\/p>\n<p data-start=\"2837\" data-end=\"2963\"><strong data-start=\"2837\" data-end=\"2869\">Kam piem\u0113rots Power Peptide:<\/strong> bl\u0101vai, dehidr\u0113tai un nobriedu\u0161ai \u0101dai, k\u0101 ar\u012b \u0101dai ar nevienm\u0113r\u012bgu toni un noguruma paz\u012bm\u0113m.<\/p>\n<p data-start=\"2965\" data-end=\"2984\"><strong data-start=\"2965\" data-end=\"2977\">Tilpums:<\/strong> 177 ml<\/p>\n","protected":false},"excerpt":{"rendered":"<p data-start=\"3170\" data-end=\"3205\">Mitrino\u0161s toniks-mists ar pept\u012bdiem<\/p>\n<h2 data-start=\"3207\" data-end=\"3247\"><strong data-start=\"3207\" data-end=\"3247\">\u012apa\u0161\u012bbas Bioelements &#8211; Power Peptide<\/strong><\/h2>\n<p data-start=\"3249\" data-end=\"3427\">\u2714\ufe0f Mitrina un atsvaidzina \u0101du<br data-start=\"3278\" data-end=\"3281\" \/>\u2714\ufe0f Izl\u012bdzina \u0101das to\u0146a izskatu<br data-start=\"3311\" data-end=\"3314\" \/>\u2714\ufe0f Pie\u0161\u0137ir \u0101dai starojo\u0161\u0101ku izskatu<br data-start=\"3349\" data-end=\"3352\" \/>\u2714\ufe0f M\u012bkstina un uzlabo gluduma saj\u016btu<br data-start=\"3388\" data-end=\"3391\" \/>\u2714\ufe0f Sagatavo \u0101du turpm\u0101kai kop\u0161anai<\/p>\n","protected":false},"featured_media":67793,"template":"","meta":[],"pwb-brand":[1239],"product_brand":[],"product_cat":[721],"product_tag":[],"giftcard-category":[],"class_list":{"0":"post-79840","1":"product","2":"type-product","3":"status-publish","4":"has-post-thumbnail","6":"pwb-brand-bioelements-lv","7":"product_cat-toniki-lv","9":"first","10":"instock","11":"taxable","12":"shipping-taxable","13":"purchasable","14":"product-type-simple"},"acf":[],"brands":[{"id":1239,"name":"Bioelements","slug":"bioelements-lv"}],"_links":{"self":[{"href":"https:\/\/skinstudio.ee\/lv\/wp-json\/wp\/v2\/product\/79840","targetHints":{"allow":["GET"]}}],"collection":[{"href":"https:\/\/skinstudio.ee\/lv\/wp-json\/wp\/v2\/product"}],"about":[{"href":"https:\/\/skinstudio.ee\/lv\/wp-json\/wp\/v2\/types\/product"}],"version-history":[{"count":1,"href":"https:\/\/skinstudio.ee\/lv\/wp-json\/wp\/v2\/product\/79840\/revisions"}],"predecessor-version":[{"id":79841,"href":"https:\/\/skinstudio.ee\/lv\/wp-json\/wp\/v2\/product\/79840\/revisions\/79841"}],"wp:featuredmedia":[{"embeddable":true,"href":"https:\/\/skinstudio.ee\/lv\/wp-json\/wp\/v2\/media\/67793"}],"wp:attachment":[{"href":"https:\/\/skinstudio.ee\/lv\/wp-json\/wp\/v2\/media?parent=79840"}],"wp:term":[{"taxonomy":"pwb-brand","embeddable":true,"href":"https:\/\/skinstudio.ee\/lv\/wp-json\/wp\/v2\/pwb-brand?post=79840"},{"taxonomy":"product_brand","embeddable":true,"href":"https:\/\/skinstudio.ee\/lv\/wp-json\/wp\/v2\/product_brand?post=79840"},{"taxonomy":"product_cat","embeddable":true,"href":"https:\/\/skinstudio.ee\/lv\/wp-json\/wp\/v2\/product_cat?post=79840"},{"taxonomy":"product_tag","embeddable":true,"href":"https:\/\/skinstudio.ee\/lv\/wp-json\/wp\/v2\/product_tag?post=79840"},{"taxonomy":"giftcard-category","embeddable":true,"href":"https:\/\/skinstudio.ee\/lv\/wp-json\/wp\/v2\/giftcard-category?post=79840"}],"curies":[{"name":"wp","href":"https:\/\/api.w.org\/{rel}","templated":true}]}}