{"id":79847,"date":"2025-08-07T11:18:26","date_gmt":"2025-08-07T11:18:26","guid":{"rendered":"https:\/\/skinstudio.ee\/?post_type=product&#038;p=79847"},"modified":"2026-04-03T09:47:09","modified_gmt":"2026-04-03T09:47:09","slug":"absolute-moisture","status":"publish","type":"product","link":"https:\/\/skinstudio.ee\/lv\/catalog\/bioelements-lv\/absolute-moisture\/","title":{"rendered":"Absolute Moisture"},"content":{"rendered":"<p data-start=\"2196\" data-end=\"2449\"><strong data-start=\"2196\" data-end=\"2232\">Absolute Moisture no Bioelements<\/strong> &#8211; ir viegls sejas mitrino\u0161s kr\u0113ms, kas pal\u012bdz uztur\u0113t \u0101das l\u012bdzsvaru un nodro\u0161ina komfortablu ikdienas kop\u0161anu. Formula apvieno mitrino\u0161us komponentus ar augu e\u013c\u013c\u0101m, padarot \u0101du m\u012bkstu un gludu bez taukainas saj\u016btas.<\/p>\n<p data-start=\"2451\" data-end=\"2651\">Kr\u0113ms \u0101tri ies\u016bcas, pal\u012bdzot uztur\u0113t optim\u0101lu mitrin\u0101\u0161anu un vienm\u0113r\u012bg\u0101ku \u0101das izskatu. Avokado, mande\u013cu un jojobas e\u013c\u013cas nodro\u0161ina barojo\u0161u un komfortablu saj\u016btu, atst\u0101jot \u0101du kopt\u0101ku p\u0113c uzkl\u0101\u0161anas.<\/p>\n<p data-start=\"2653\" data-end=\"2791\"><strong data-start=\"2653\" data-end=\"2689\">Kam piem\u0113rots Absolute Moisture:<\/strong> kombin\u0113tai un norm\u0101lai \u0101dai, k\u0101 ar\u012b \u0101dai, kurai nepiecie\u0161ama viegla mitrin\u0101\u0161ana bez smagas tekst\u016bras.<\/p>\n<p data-start=\"2793\" data-end=\"2811\"><strong data-start=\"2793\" data-end=\"2805\">Tilpums:<\/strong> 74 ml<\/p>\n","protected":false},"excerpt":{"rendered":"<p data-start=\"2962\" data-end=\"3000\">Viegls mitrino\u0161s kr\u0113ms kombin\u0113tai \u0101dai<\/p>\n<h2 data-start=\"3002\" data-end=\"3046\"><strong data-start=\"3002\" data-end=\"3046\">\u012apa\u0161\u012bbas Bioelements &#8211; Absolute Moisture<\/strong><\/h2>\n<p data-start=\"3048\" data-end=\"3227\">\u2714\ufe0f Mitrina bez smaguma saj\u016btas<br data-start=\"3078\" data-end=\"3081\" \/>\u2714\ufe0f L\u012bdzsvaro \u0101das komforta saj\u016btu<br data-start=\"3114\" data-end=\"3117\" \/>\u2714\ufe0f \u0100tri ies\u016bcas bez taukaina sp\u012bduma<br data-start=\"3153\" data-end=\"3156\" \/>\u2714\ufe0f M\u012bkstina un uzlabo \u0101das gludumu<br data-start=\"3190\" data-end=\"3193\" \/>\u2714\ufe0f Piem\u0113rots ikdienas lieto\u0161anai<\/p>\n","protected":false},"featured_media":67798,"template":"","meta":[],"pwb-brand":[1239],"product_brand":[],"product_cat":[737,747],"product_tag":[],"giftcard-category":[],"class_list":{"0":"post-79847","1":"product","2":"type-product","3":"status-publish","4":"has-post-thumbnail","6":"pwb-brand-bioelements-lv","7":"product_cat-mitrinasana","8":"product_cat-taukaina-ada","10":"first","11":"instock","12":"taxable","13":"shipping-taxable","14":"purchasable","15":"product-type-simple"},"acf":[],"brands":[{"id":1239,"name":"Bioelements","slug":"bioelements-lv"}],"_links":{"self":[{"href":"https:\/\/skinstudio.ee\/lv\/wp-json\/wp\/v2\/product\/79847","targetHints":{"allow":["GET"]}}],"collection":[{"href":"https:\/\/skinstudio.ee\/lv\/wp-json\/wp\/v2\/product"}],"about":[{"href":"https:\/\/skinstudio.ee\/lv\/wp-json\/wp\/v2\/types\/product"}],"version-history":[{"count":1,"href":"https:\/\/skinstudio.ee\/lv\/wp-json\/wp\/v2\/product\/79847\/revisions"}],"predecessor-version":[{"id":79848,"href":"https:\/\/skinstudio.ee\/lv\/wp-json\/wp\/v2\/product\/79847\/revisions\/79848"}],"wp:featuredmedia":[{"embeddable":true,"href":"https:\/\/skinstudio.ee\/lv\/wp-json\/wp\/v2\/media\/67798"}],"wp:attachment":[{"href":"https:\/\/skinstudio.ee\/lv\/wp-json\/wp\/v2\/media?parent=79847"}],"wp:term":[{"taxonomy":"pwb-brand","embeddable":true,"href":"https:\/\/skinstudio.ee\/lv\/wp-json\/wp\/v2\/pwb-brand?post=79847"},{"taxonomy":"product_brand","embeddable":true,"href":"https:\/\/skinstudio.ee\/lv\/wp-json\/wp\/v2\/product_brand?post=79847"},{"taxonomy":"product_cat","embeddable":true,"href":"https:\/\/skinstudio.ee\/lv\/wp-json\/wp\/v2\/product_cat?post=79847"},{"taxonomy":"product_tag","embeddable":true,"href":"https:\/\/skinstudio.ee\/lv\/wp-json\/wp\/v2\/product_tag?post=79847"},{"taxonomy":"giftcard-category","embeddable":true,"href":"https:\/\/skinstudio.ee\/lv\/wp-json\/wp\/v2\/giftcard-category?post=79847"}],"curies":[{"name":"wp","href":"https:\/\/api.w.org\/{rel}","templated":true}]}}