{"id":79855,"date":"2025-08-07T11:17:50","date_gmt":"2025-08-07T11:17:50","guid":{"rendered":"https:\/\/skinstudio.ee\/?post_type=product&#038;p=79855"},"modified":"2026-04-03T09:47:09","modified_gmt":"2026-04-03T09:47:09","slug":"crucial-moisture","status":"publish","type":"product","link":"https:\/\/skinstudio.ee\/lv\/catalog\/bioelements-lv\/crucial-moisture\/","title":{"rendered":"Crucial Moisture"},"content":{"rendered":"<p data-start=\"2239\" data-end=\"2506\"><strong data-start=\"2239\" data-end=\"2274\">Crucial Moisture no Bioelements<\/strong> &#8211; ir m\u012bkstino\u0161s mitrino\u0161s kr\u0113ms sausai \u0101dai, kas pal\u012bdz atjaunot \u0101das komforta saj\u016btu un uztur\u0113t optim\u0101lu mitrin\u0101\u0161anas l\u012bmeni. Formula ar dimetikonu un adaptog\u0113niem augu ekstraktiem pal\u012bdz saglab\u0101t \u0101das m\u012bkstumu un glud\u0101ku izskatu.<\/p>\n<p data-start=\"2508\" data-end=\"2702\">Kr\u0113ms viegli izklied\u0113jas un \u0101tri ies\u016bcas, atst\u0101jot \u0101du mitrin\u0101tu bez taukainas saj\u016btas. Regul\u0101ra lieto\u0161ana pal\u012bdz uztur\u0113t vienm\u0113r\u012bg\u0101ku un kopt\u0101ku \u0101das izskatu, padarot \u0101du m\u012bkstu un komfortablu.<\/p>\n<p data-start=\"2704\" data-end=\"2854\"><strong data-start=\"2704\" data-end=\"2739\">Kam piem\u0113rots Crucial Moisture:<\/strong> sausai, jut\u012bgai un nobriedu\u0161ai \u0101dai, k\u0101 ar\u012b \u0101dai, kurai nepiecie\u0161ama bag\u0101t\u012bg\u0101ka mitrin\u0101\u0161ana un m\u012bkstino\u0161a kop\u0161ana.<\/p>\n<p data-start=\"2856\" data-end=\"2874\"><strong data-start=\"2856\" data-end=\"2868\">Tilpums:<\/strong> 74 ml<\/p>\n","protected":false},"excerpt":{"rendered":"<p data-start=\"3025\" data-end=\"3063\">M\u012bkstino\u0161s mitrino\u0161s kr\u0113ms sausai \u0101dai<\/p>\n<h2 data-start=\"3065\" data-end=\"3108\"><strong data-start=\"3065\" data-end=\"3108\">\u012apa\u0161\u012bbas Bioelements &#8211; Crucial Moisture<\/strong><\/h2>\n<p data-start=\"3110\" data-end=\"3301\">\u2714\ufe0f Intens\u012bvi mitrina sausu \u0101du<br data-start=\"3140\" data-end=\"3143\" \/>\u2714\ufe0f M\u012bkstina un izl\u012bdzina \u0101das izskatu<br data-start=\"3180\" data-end=\"3183\" \/>\u2714\ufe0f Samazina sausuma l\u012bniju redzam\u012bbu<br data-start=\"3219\" data-end=\"3222\" \/>\u2714\ufe0f Saglab\u0101 \u0101das elast\u012bbas saj\u016btu<br data-start=\"3254\" data-end=\"3257\" \/>\u2714\ufe0f Piem\u0113rots ikdienas sausas \u0101das kop\u0161anai<\/p>\n","protected":false},"featured_media":67803,"template":"","meta":[],"pwb-brand":[1239],"product_brand":[],"product_cat":[745,737,749,739],"product_tag":[],"giftcard-category":[],"class_list":{"0":"post-79855","1":"product","2":"type-product","3":"status-publish","4":"has-post-thumbnail","6":"pwb-brand-bioelements-lv","7":"product_cat-jutigai-adai","8":"product_cat-mitrinasana","9":"product_cat-novecojosa-ada","10":"product_cat-sausai-adai","12":"first","13":"instock","14":"taxable","15":"shipping-taxable","16":"purchasable","17":"product-type-simple"},"acf":[],"brands":[{"id":1239,"name":"Bioelements","slug":"bioelements-lv"}],"_links":{"self":[{"href":"https:\/\/skinstudio.ee\/lv\/wp-json\/wp\/v2\/product\/79855","targetHints":{"allow":["GET"]}}],"collection":[{"href":"https:\/\/skinstudio.ee\/lv\/wp-json\/wp\/v2\/product"}],"about":[{"href":"https:\/\/skinstudio.ee\/lv\/wp-json\/wp\/v2\/types\/product"}],"version-history":[{"count":1,"href":"https:\/\/skinstudio.ee\/lv\/wp-json\/wp\/v2\/product\/79855\/revisions"}],"predecessor-version":[{"id":79856,"href":"https:\/\/skinstudio.ee\/lv\/wp-json\/wp\/v2\/product\/79855\/revisions\/79856"}],"wp:featuredmedia":[{"embeddable":true,"href":"https:\/\/skinstudio.ee\/lv\/wp-json\/wp\/v2\/media\/67803"}],"wp:attachment":[{"href":"https:\/\/skinstudio.ee\/lv\/wp-json\/wp\/v2\/media?parent=79855"}],"wp:term":[{"taxonomy":"pwb-brand","embeddable":true,"href":"https:\/\/skinstudio.ee\/lv\/wp-json\/wp\/v2\/pwb-brand?post=79855"},{"taxonomy":"product_brand","embeddable":true,"href":"https:\/\/skinstudio.ee\/lv\/wp-json\/wp\/v2\/product_brand?post=79855"},{"taxonomy":"product_cat","embeddable":true,"href":"https:\/\/skinstudio.ee\/lv\/wp-json\/wp\/v2\/product_cat?post=79855"},{"taxonomy":"product_tag","embeddable":true,"href":"https:\/\/skinstudio.ee\/lv\/wp-json\/wp\/v2\/product_tag?post=79855"},{"taxonomy":"giftcard-category","embeddable":true,"href":"https:\/\/skinstudio.ee\/lv\/wp-json\/wp\/v2\/giftcard-category?post=79855"}],"curies":[{"name":"wp","href":"https:\/\/api.w.org\/{rel}","templated":true}]}}