{"id":79862,"date":"2025-08-07T11:16:49","date_gmt":"2025-08-07T11:16:49","guid":{"rendered":"https:\/\/skinstudio.ee\/?post_type=product&#038;p=79862"},"modified":"2026-04-03T09:47:11","modified_gmt":"2026-04-03T09:47:11","slug":"really-rich-moisture","status":"publish","type":"product","link":"https:\/\/skinstudio.ee\/lv\/catalog\/bioelements-lv\/really-rich-moisture\/","title":{"rendered":"Really Rich Moisture"},"content":{"rendered":"<p data-start=\"2209\" data-end=\"2447\"><strong data-start=\"2209\" data-end=\"2248\">Really Rich Moisture no Bioelements<\/strong> &#8211; ir bag\u0101t\u012bgs mitrino\u0161s kr\u0113ms \u013coti sausai \u0101dai, kas pal\u012bdz atjaunot komforta saj\u016btu un samazin\u0101t sausumu p\u0113c uzkl\u0101\u0161anas. Biez\u0101ka tekst\u016bra pal\u012bdz uztur\u0113t \u0101das mitrin\u0101\u0161anu un mazin\u0101t savilkuma saj\u016btu.<\/p>\n<p data-start=\"2449\" data-end=\"2656\">Formula ar ol\u012bvu, saflora, jojobas un avokado e\u013c\u013c\u0101m m\u012bkstina \u0101du un veicina glud\u0101ku izskatu. Kr\u0113ms vienm\u0113r\u012bgi izklied\u0113jas, pal\u012bdzot \u0101dai izskat\u012bties kopt\u0101kai un justies komfortabli bez smagas pl\u0113ves saj\u016btas.<\/p>\n<p data-start=\"2658\" data-end=\"2786\"><strong data-start=\"2658\" data-end=\"2697\">Kam piem\u0113rots Really Rich Moisture:<\/strong> \u013coti sausai, dehidr\u0113tai un jut\u012bgai \u0101dai, k\u0101 ar\u012b \u0101dai ar izteiktu sausumu un diskomfortu.<\/p>\n<p data-start=\"2788\" data-end=\"2806\"><strong data-start=\"2788\" data-end=\"2800\">Tilpums:<\/strong> 74 ml<\/p>\n","protected":false},"excerpt":{"rendered":"<p data-start=\"2957\" data-end=\"2997\">Bag\u0101t\u012bgs barojo\u0161s kr\u0113ms \u013coti sausai \u0101dai<\/p>\n<h2 data-start=\"2999\" data-end=\"3046\"><strong data-start=\"2999\" data-end=\"3046\">\u012apa\u0161\u012bbas Bioelements &#8211; Really Rich Moisture<\/strong><\/h2>\n<p data-start=\"3048\" data-end=\"3231\">\u2714\ufe0f Intens\u012bvi m\u012bkstina sausu \u0101du<br data-start=\"3079\" data-end=\"3082\" \/>\u2714\ufe0f Samazina savilkuma saj\u016btu<br data-start=\"3110\" data-end=\"3113\" \/>\u2714\ufe0f Uzlabo \u0101das tekst\u016bras izskatu<br data-start=\"3145\" data-end=\"3148\" \/>\u2714\ufe0f Saglab\u0101 \u0101das komfortu un m\u012bkstumu<br data-start=\"3184\" data-end=\"3187\" \/>\u2714\ufe0f Piem\u0113rots ikdienas sausas \u0101das kop\u0161anai<\/p>\n","protected":false},"featured_media":67810,"template":"","meta":[],"pwb-brand":[1239],"product_brand":[],"product_cat":[745,737,739],"product_tag":[],"giftcard-category":[],"class_list":{"0":"post-79862","1":"product","2":"type-product","3":"status-publish","4":"has-post-thumbnail","6":"pwb-brand-bioelements-lv","7":"product_cat-jutigai-adai","8":"product_cat-mitrinasana","9":"product_cat-sausai-adai","11":"first","12":"instock","13":"taxable","14":"shipping-taxable","15":"purchasable","16":"product-type-simple"},"acf":[],"brands":[{"id":1239,"name":"Bioelements","slug":"bioelements-lv"}],"_links":{"self":[{"href":"https:\/\/skinstudio.ee\/lv\/wp-json\/wp\/v2\/product\/79862","targetHints":{"allow":["GET"]}}],"collection":[{"href":"https:\/\/skinstudio.ee\/lv\/wp-json\/wp\/v2\/product"}],"about":[{"href":"https:\/\/skinstudio.ee\/lv\/wp-json\/wp\/v2\/types\/product"}],"version-history":[{"count":1,"href":"https:\/\/skinstudio.ee\/lv\/wp-json\/wp\/v2\/product\/79862\/revisions"}],"predecessor-version":[{"id":79863,"href":"https:\/\/skinstudio.ee\/lv\/wp-json\/wp\/v2\/product\/79862\/revisions\/79863"}],"wp:featuredmedia":[{"embeddable":true,"href":"https:\/\/skinstudio.ee\/lv\/wp-json\/wp\/v2\/media\/67810"}],"wp:attachment":[{"href":"https:\/\/skinstudio.ee\/lv\/wp-json\/wp\/v2\/media?parent=79862"}],"wp:term":[{"taxonomy":"pwb-brand","embeddable":true,"href":"https:\/\/skinstudio.ee\/lv\/wp-json\/wp\/v2\/pwb-brand?post=79862"},{"taxonomy":"product_brand","embeddable":true,"href":"https:\/\/skinstudio.ee\/lv\/wp-json\/wp\/v2\/product_brand?post=79862"},{"taxonomy":"product_cat","embeddable":true,"href":"https:\/\/skinstudio.ee\/lv\/wp-json\/wp\/v2\/product_cat?post=79862"},{"taxonomy":"product_tag","embeddable":true,"href":"https:\/\/skinstudio.ee\/lv\/wp-json\/wp\/v2\/product_tag?post=79862"},{"taxonomy":"giftcard-category","embeddable":true,"href":"https:\/\/skinstudio.ee\/lv\/wp-json\/wp\/v2\/giftcard-category?post=79862"}],"curies":[{"name":"wp","href":"https:\/\/api.w.org\/{rel}","templated":true}]}}