{"id":79884,"date":"2025-08-07T11:15:30","date_gmt":"2025-08-07T11:15:30","guid":{"rendered":"https:\/\/skinstudio.ee\/?post_type=product&#038;p=79884"},"modified":"2026-04-03T09:47:09","modified_gmt":"2026-04-03T09:47:09","slug":"barrier-fix-daily-hydrator","status":"publish","type":"product","link":"https:\/\/skinstudio.ee\/lv\/catalog\/bioelements-lv\/barrier-fix-daily-hydrator\/","title":{"rendered":"Barrier Fix Daily Hydrator"},"content":{"rendered":"<p data-start=\"2355\" data-end=\"2643\"><strong data-start=\"2355\" data-end=\"2400\">Barrier Fix Daily Hydrator no Bioelements<\/strong> &#8211; ir mitrino\u0161s kr\u0113ms jut\u012bgai \u0101dai, kas pal\u012bdz atjaunot komforta saj\u016btu un atbalsta aizsargbarjeru. Formula ar hialuronsk\u0101bi, sudraba auss s\u0113nes ekstraktu, keram\u012bdiem un augu komponentiem pal\u012bdz uztur\u0113t mitrin\u0101\u0161anu un samazin\u0101t sausuma saj\u016btu.<\/p>\n<p data-start=\"2645\" data-end=\"2796\">Viegl\u0101 tekst\u016bra vienm\u0113r\u012bgi izklied\u0113jas, atst\u0101jot \u0101du m\u012bkstu un vizu\u0101li mier\u012bg\u0101ku. Piem\u0113rots ikdienas lieto\u0161anai un pal\u012bdz uztur\u0113t l\u012bdzsvarotu st\u0101vokli.<\/p>\n<p data-start=\"2798\" data-end=\"2946\"><strong data-start=\"2798\" data-end=\"2843\">Kam piem\u0113rots Barrier Fix Daily Hydrator:<\/strong> jut\u012bgai, reakt\u012bvai un uz aps\u0101rtumu tend\u0113tai \u0101dai, k\u0101 ar\u012b \u0101dai ar boj\u0101tu barjeru un diskomforta saj\u016btu.<\/p>\n<p data-start=\"2948\" data-end=\"2966\"><strong data-start=\"2948\" data-end=\"2960\">Tilpums:<\/strong> 50 ml<\/p>\n","protected":false},"excerpt":{"rendered":"<p data-start=\"3117\" data-end=\"3199\">Mitrino\u0161s kr\u0113ms jut\u012bgai \u0101dai<\/p>\n<h2 data-start=\"3201\" data-end=\"3254\"><strong data-start=\"3201\" data-end=\"3254\">\u012apa\u0161\u012bbas Bioelements &#8211; Barrier Fix Daily Hydrator<\/strong><\/h2>\n<p data-start=\"3256\" data-end=\"3435\">\u2714\ufe0f Mitrina un m\u012bkstina jut\u012bgu \u0101du<br data-start=\"3289\" data-end=\"3292\" \/>\u2714\ufe0f Atbalsta aizsarg\u0101jo\u0161o \u0101das barjeru<br data-start=\"3329\" data-end=\"3332\" \/>\u2714\ufe0f Samazina aps\u0101rtuma redzam\u012bbu<br data-start=\"3363\" data-end=\"3366\" \/>\u2714\ufe0f Pal\u012bdz mazin\u0101t sausuma saj\u016btu<br data-start=\"3398\" data-end=\"3401\" \/>\u2714\ufe0f Piem\u0113rots ikdienas lieto\u0161anai<\/p>\n","protected":false},"featured_media":67820,"template":"","meta":[],"pwb-brand":[1239],"product_brand":[],"product_cat":[745,737],"product_tag":[],"giftcard-category":[],"class_list":{"0":"post-79884","1":"product","2":"type-product","3":"status-publish","4":"has-post-thumbnail","6":"pwb-brand-bioelements-lv","7":"product_cat-jutigai-adai","8":"product_cat-mitrinasana","10":"first","11":"instock","12":"taxable","13":"shipping-taxable","14":"purchasable","15":"product-type-simple"},"acf":[],"brands":[{"id":1239,"name":"Bioelements","slug":"bioelements-lv"}],"_links":{"self":[{"href":"https:\/\/skinstudio.ee\/lv\/wp-json\/wp\/v2\/product\/79884","targetHints":{"allow":["GET"]}}],"collection":[{"href":"https:\/\/skinstudio.ee\/lv\/wp-json\/wp\/v2\/product"}],"about":[{"href":"https:\/\/skinstudio.ee\/lv\/wp-json\/wp\/v2\/types\/product"}],"version-history":[{"count":1,"href":"https:\/\/skinstudio.ee\/lv\/wp-json\/wp\/v2\/product\/79884\/revisions"}],"predecessor-version":[{"id":79885,"href":"https:\/\/skinstudio.ee\/lv\/wp-json\/wp\/v2\/product\/79884\/revisions\/79885"}],"wp:featuredmedia":[{"embeddable":true,"href":"https:\/\/skinstudio.ee\/lv\/wp-json\/wp\/v2\/media\/67820"}],"wp:attachment":[{"href":"https:\/\/skinstudio.ee\/lv\/wp-json\/wp\/v2\/media?parent=79884"}],"wp:term":[{"taxonomy":"pwb-brand","embeddable":true,"href":"https:\/\/skinstudio.ee\/lv\/wp-json\/wp\/v2\/pwb-brand?post=79884"},{"taxonomy":"product_brand","embeddable":true,"href":"https:\/\/skinstudio.ee\/lv\/wp-json\/wp\/v2\/product_brand?post=79884"},{"taxonomy":"product_cat","embeddable":true,"href":"https:\/\/skinstudio.ee\/lv\/wp-json\/wp\/v2\/product_cat?post=79884"},{"taxonomy":"product_tag","embeddable":true,"href":"https:\/\/skinstudio.ee\/lv\/wp-json\/wp\/v2\/product_tag?post=79884"},{"taxonomy":"giftcard-category","embeddable":true,"href":"https:\/\/skinstudio.ee\/lv\/wp-json\/wp\/v2\/giftcard-category?post=79884"}],"curies":[{"name":"wp","href":"https:\/\/api.w.org\/{rel}","templated":true}]}}