{"id":79892,"date":"2025-08-07T11:13:26","date_gmt":"2025-08-07T11:13:26","guid":{"rendered":"https:\/\/skinstudio.ee\/?post_type=product&#038;p=79892"},"modified":"2026-04-03T09:47:11","modified_gmt":"2026-04-03T09:47:11","slug":"remineralist-daily-moisture","status":"publish","type":"product","link":"https:\/\/skinstudio.ee\/lv\/catalog\/bioelements-lv\/remineralist-daily-moisture\/","title":{"rendered":"Remineralist Daily Moisture"},"content":{"rendered":"<p data-start=\"2454\" data-end=\"2740\"><strong data-start=\"2454\" data-end=\"2500\">Remineralist Daily Moisture no Bioelements<\/strong> &#8211; ir viegls mitrino\u0161s kr\u0113ms, kas pal\u012bdz uztur\u0113t komfortablu mitrin\u0101\u0161anas l\u012bmeni un svaig\u0101ku \u0101das izskatu ikdienas vides ietekmes apst\u0101k\u013cos. Formula apvieno miner\u0101lus, j\u016bras komponentus un augu e\u013c\u013cas, pal\u012bdzot uztur\u0113t l\u012bdzsvaru un m\u012bkstumu.<\/p>\n<p data-start=\"2742\" data-end=\"2943\">Malah\u012bta ekstrakts un j\u016bras izcelsmes sast\u0101vda\u013cas veicina kopt\u0101ku izskatu, savuk\u0101rt viegl\u0101 tekst\u016bra vienm\u0113r\u012bgi izklied\u0113jas bez smaguma saj\u016btas. Kr\u0113ms pal\u012bdz uztur\u0113t mitrin\u0101\u0161anu un vienm\u0113r\u012bg\u0101ku izskatu.<\/p>\n<p data-start=\"2945\" data-end=\"3096\"><strong data-start=\"2945\" data-end=\"2991\">Kam piem\u0113rots Remineralist Daily Moisture:<\/strong> bl\u0101vai, dehidr\u0113tai un noguru\u0161ai \u0101dai, k\u0101 ar\u012b \u0101dai, kas pak\u013cauta pils\u0113tvides un \u0101r\u0113jiem stresa faktoriem.<\/p>\n<p data-start=\"3098\" data-end=\"3116\"><strong data-start=\"3098\" data-end=\"3110\">Tilpums:<\/strong> 50 ml<\/p>\n","protected":false},"excerpt":{"rendered":"<p data-start=\"3267\" data-end=\"3303\">Viegls mitrino\u0161s kr\u0113ms ar miner\u0101liem<\/p>\n<h2 data-start=\"3305\" data-end=\"3359\"><strong data-start=\"3305\" data-end=\"3359\">\u012apa\u0161\u012bbas Bioelements &#8211; Remineralist Daily Moisture<\/strong><\/h2>\n<p data-start=\"3361\" data-end=\"3539\">\u2714\ufe0f Mitrina un saglab\u0101 m\u012bkstumu<br data-start=\"3391\" data-end=\"3394\" \/>\u2714\ufe0f Pal\u012bdz samazin\u0101t \u0101r\u0113jo faktoru ietekmi<br data-start=\"3435\" data-end=\"3438\" \/>\u2714\ufe0f Veicina svaig\u0101ku \u0101das izskatu<br data-start=\"3470\" data-end=\"3473\" \/>\u2714\ufe0f Uzlabo komforta saj\u016btu<br data-start=\"3498\" data-end=\"3501\" \/>\u2714\ufe0f Veicina vienm\u0113r\u012bg\u0101ku vizu\u0101lo toni<\/p>\n","protected":false},"featured_media":67825,"template":"","meta":[],"pwb-brand":[1239],"product_brand":[],"product_cat":[737],"product_tag":[],"giftcard-category":[],"class_list":{"0":"post-79892","1":"product","2":"type-product","3":"status-publish","4":"has-post-thumbnail","6":"pwb-brand-bioelements-lv","7":"product_cat-mitrinasana","9":"first","10":"instock","11":"taxable","12":"shipping-taxable","13":"purchasable","14":"product-type-simple"},"acf":[],"brands":[{"id":1239,"name":"Bioelements","slug":"bioelements-lv"}],"_links":{"self":[{"href":"https:\/\/skinstudio.ee\/lv\/wp-json\/wp\/v2\/product\/79892","targetHints":{"allow":["GET"]}}],"collection":[{"href":"https:\/\/skinstudio.ee\/lv\/wp-json\/wp\/v2\/product"}],"about":[{"href":"https:\/\/skinstudio.ee\/lv\/wp-json\/wp\/v2\/types\/product"}],"version-history":[{"count":1,"href":"https:\/\/skinstudio.ee\/lv\/wp-json\/wp\/v2\/product\/79892\/revisions"}],"predecessor-version":[{"id":79893,"href":"https:\/\/skinstudio.ee\/lv\/wp-json\/wp\/v2\/product\/79892\/revisions\/79893"}],"wp:featuredmedia":[{"embeddable":true,"href":"https:\/\/skinstudio.ee\/lv\/wp-json\/wp\/v2\/media\/67825"}],"wp:attachment":[{"href":"https:\/\/skinstudio.ee\/lv\/wp-json\/wp\/v2\/media?parent=79892"}],"wp:term":[{"taxonomy":"pwb-brand","embeddable":true,"href":"https:\/\/skinstudio.ee\/lv\/wp-json\/wp\/v2\/pwb-brand?post=79892"},{"taxonomy":"product_brand","embeddable":true,"href":"https:\/\/skinstudio.ee\/lv\/wp-json\/wp\/v2\/product_brand?post=79892"},{"taxonomy":"product_cat","embeddable":true,"href":"https:\/\/skinstudio.ee\/lv\/wp-json\/wp\/v2\/product_cat?post=79892"},{"taxonomy":"product_tag","embeddable":true,"href":"https:\/\/skinstudio.ee\/lv\/wp-json\/wp\/v2\/product_tag?post=79892"},{"taxonomy":"giftcard-category","embeddable":true,"href":"https:\/\/skinstudio.ee\/lv\/wp-json\/wp\/v2\/giftcard-category?post=79892"}],"curies":[{"name":"wp","href":"https:\/\/api.w.org\/{rel}","templated":true}]}}