{"id":79899,"date":"2025-08-07T11:11:51","date_gmt":"2025-08-07T11:11:51","guid":{"rendered":"https:\/\/skinstudio.ee\/?post_type=product&#038;p=79899"},"modified":"2026-04-03T09:47:10","modified_gmt":"2026-04-03T09:47:10","slug":"oil-control-mattifier","status":"publish","type":"product","link":"https:\/\/skinstudio.ee\/lv\/catalog\/bioelements-lv\/oil-control-mattifier\/","title":{"rendered":"Oil Control Mattifier"},"content":{"rendered":"<p data-start=\"2274\" data-end=\"2584\"><strong data-start=\"2274\" data-end=\"2314\">Oil Control Mattifier no Bioelements<\/strong> &#8211; ir viegls mat\u0113jo\u0161s kr\u0113ms, kas pal\u012bdz kontrol\u0113t p\u0101rm\u0113r\u012bgu sp\u012bdumu un veicina vienm\u0113r\u012bg\u0101ku izskatu dienas laik\u0101. Formula ar \u0137\u012bnas peonijas, serenoa palmas, sezama un timi\u0101na ekstraktiem pal\u012bdz samazin\u0101t redzamu taukainumu un nodro\u0161ina mat\u0113tu efektu bez sausuma saj\u016btas.<\/p>\n<p data-start=\"2586\" data-end=\"2762\">Viegl\u0101 tekst\u016bra vienm\u0113r\u012bgi izklied\u0113jas un var tikt izmantota gan atsevi\u0161\u0137i, gan virs kop\u0161anas l\u012bdzek\u013ciem un saules aizsardz\u012bbas. Piem\u0113rots ar\u012b lok\u0101lai lieto\u0161anai sp\u012bduma zon\u0101s.<\/p>\n<p data-start=\"2764\" data-end=\"2892\"><strong data-start=\"2764\" data-end=\"2804\">Kam piem\u0113rots Oil Control Mattifier:<\/strong> taukainam un kombin\u0113tam tipam, k\u0101 ar\u012b gad\u012bjumos ar izteiktu sp\u012bdumu un redzamiem por\u0101m.<\/p>\n<p data-start=\"2894\" data-end=\"2912\"><strong data-start=\"2894\" data-end=\"2906\">Tilpums:<\/strong> 30 ml<\/p>\n","protected":false},"excerpt":{"rendered":"<p data-start=\"3095\" data-end=\"3116\">Viegls mat\u0113jo\u0161s kr\u0113ms<\/p>\n<h2 data-start=\"3118\" data-end=\"3166\"><strong data-start=\"3118\" data-end=\"3166\">\u012apa\u0161\u012bbas Bioelements &#8211; Oil Control Mattifier<\/strong><\/h2>\n<p data-start=\"3168\" data-end=\"3349\">\u2714\ufe0f Mat\u0113 un samazina sp\u012bdumu<br data-start=\"3195\" data-end=\"3198\" \/>\u2714\ufe0f Kontrol\u0113 lieko sebumu<br data-start=\"3222\" data-end=\"3225\" \/>\u2714\ufe0f Vizu\u0101li samazina poru redzam\u012bbu<br data-start=\"3259\" data-end=\"3262\" \/>\u2714\ufe0f Veicina vienm\u0113r\u012bg\u0101ku izskatu<br data-start=\"3293\" data-end=\"3296\" \/>\u2714\ufe0f Pal\u012bdz pagarin\u0101t dekorat\u012bv\u0101s kosm\u0113tikas notur\u012bbu<\/p>\n","protected":false},"featured_media":67830,"template":"","meta":[],"pwb-brand":[1239],"product_brand":[],"product_cat":[737,747],"product_tag":[],"giftcard-category":[],"class_list":{"0":"post-79899","1":"product","2":"type-product","3":"status-publish","4":"has-post-thumbnail","6":"pwb-brand-bioelements-lv","7":"product_cat-mitrinasana","8":"product_cat-taukainai-adai","10":"first","11":"instock","12":"taxable","13":"shipping-taxable","14":"purchasable","15":"product-type-simple"},"acf":[],"brands":[{"id":1239,"name":"Bioelements","slug":"bioelements-lv"}],"_links":{"self":[{"href":"https:\/\/skinstudio.ee\/lv\/wp-json\/wp\/v2\/product\/79899","targetHints":{"allow":["GET"]}}],"collection":[{"href":"https:\/\/skinstudio.ee\/lv\/wp-json\/wp\/v2\/product"}],"about":[{"href":"https:\/\/skinstudio.ee\/lv\/wp-json\/wp\/v2\/types\/product"}],"version-history":[{"count":1,"href":"https:\/\/skinstudio.ee\/lv\/wp-json\/wp\/v2\/product\/79899\/revisions"}],"predecessor-version":[{"id":79900,"href":"https:\/\/skinstudio.ee\/lv\/wp-json\/wp\/v2\/product\/79899\/revisions\/79900"}],"wp:featuredmedia":[{"embeddable":true,"href":"https:\/\/skinstudio.ee\/lv\/wp-json\/wp\/v2\/media\/67830"}],"wp:attachment":[{"href":"https:\/\/skinstudio.ee\/lv\/wp-json\/wp\/v2\/media?parent=79899"}],"wp:term":[{"taxonomy":"pwb-brand","embeddable":true,"href":"https:\/\/skinstudio.ee\/lv\/wp-json\/wp\/v2\/pwb-brand?post=79899"},{"taxonomy":"product_brand","embeddable":true,"href":"https:\/\/skinstudio.ee\/lv\/wp-json\/wp\/v2\/product_brand?post=79899"},{"taxonomy":"product_cat","embeddable":true,"href":"https:\/\/skinstudio.ee\/lv\/wp-json\/wp\/v2\/product_cat?post=79899"},{"taxonomy":"product_tag","embeddable":true,"href":"https:\/\/skinstudio.ee\/lv\/wp-json\/wp\/v2\/product_tag?post=79899"},{"taxonomy":"giftcard-category","embeddable":true,"href":"https:\/\/skinstudio.ee\/lv\/wp-json\/wp\/v2\/giftcard-category?post=79899"}],"curies":[{"name":"wp","href":"https:\/\/api.w.org\/{rel}","templated":true}]}}