{"id":79906,"date":"2025-08-07T11:11:20","date_gmt":"2025-08-07T11:11:20","guid":{"rendered":"https:\/\/skinstudio.ee\/?post_type=product&#038;p=79906"},"modified":"2026-04-03T09:47:10","modified_gmt":"2026-04-03T09:47:10","slug":"oil-control-sleepwear","status":"publish","type":"product","link":"https:\/\/skinstudio.ee\/lv\/catalog\/bioelements-lv\/oil-control-sleepwear\/","title":{"rendered":"Oil Control Sleepwear"},"content":{"rendered":"<p data-start=\"2258\" data-end=\"2548\"><strong data-start=\"2258\" data-end=\"2298\">Oil Control Sleepwear no Bioelements<\/strong> &#8211; ir nakts kop\u0161anas l\u012bdzeklis, kas pal\u012bdz kontrol\u0113t p\u0101rm\u0113r\u012bgu sp\u012bdumu un veicina l\u012bdzsvarot\u0101ku \u0101das izskatu miega laik\u0101. Formula ar retinolu, kalciju, pept\u012bdiem un E vitam\u012bnu ir v\u0113rsta uz glud\u0101kas virsmas un l\u012bdzsvara uztur\u0113\u0161anu bez smaguma saj\u016btas.<\/p>\n<p data-start=\"2550\" data-end=\"2720\">Viegl\u0101 tekst\u016bra pal\u012bdz samazin\u0101t p\u0101rm\u0113r\u012bgas taukain\u012bbas saj\u016btu, saglab\u0101jot komfortu un m\u012bkstumu. Darbojas nakts laik\u0101, pal\u012bdzot no r\u012bta ieg\u016bt svaig\u0101ku un kopt\u0101ku izskatu.<\/p>\n<p data-start=\"2722\" data-end=\"2843\"><strong data-start=\"2722\" data-end=\"2762\">Kam piem\u0113rots Oil Control Sleepwear:<\/strong> kombin\u0113tam un taukainam \u0101das tipam ar izteiktu sp\u012bdumu un nevienm\u0113r\u012bgu tekst\u016bru.<\/p>\n<p data-start=\"2845\" data-end=\"2863\"><strong data-start=\"2845\" data-end=\"2857\">Tilpums:<\/strong> 45 ml<\/p>\n","protected":false},"excerpt":{"rendered":"<p data-start=\"3073\" data-end=\"3098\">L\u012bdzsvarojo\u0161s nakts kr\u0113ms<\/p>\n<h2 data-start=\"3100\" data-end=\"3148\"><strong data-start=\"3100\" data-end=\"3148\">\u012apa\u0161\u012bbas Bioelements &#8211; Oil Control Sleepwear<\/strong><\/h2>\n<p data-start=\"3150\" data-end=\"3316\">\u2714\ufe0f Kontrol\u0113 p\u0101rm\u0113r\u012bgu sp\u012bdumu<br data-start=\"3179\" data-end=\"3182\" \/>\u2714\ufe0f Veicina glud\u0101ku izskatu<br data-start=\"3208\" data-end=\"3211\" \/>\u2714\ufe0f Atbalsta virsmas atjauno\u0161anos<br data-start=\"3243\" data-end=\"3246\" \/>\u2714\ufe0f Vizu\u0101li samazina poru redzam\u012bbu<br data-start=\"3280\" data-end=\"3283\" \/>\u2714\ufe0f Pal\u012bdz uztur\u0113t mat\u0113tu efektu<\/p>\n","protected":false},"featured_media":67836,"template":"","meta":[],"pwb-brand":[1239],"product_brand":[],"product_cat":[737,747],"product_tag":[],"giftcard-category":[],"class_list":{"0":"post-79906","1":"product","2":"type-product","3":"status-publish","4":"has-post-thumbnail","6":"pwb-brand-bioelements-lv","7":"product_cat-mitrinasana","8":"product_cat-taukainai-adai","10":"first","11":"instock","12":"taxable","13":"shipping-taxable","14":"purchasable","15":"product-type-simple"},"acf":[],"brands":[{"id":1239,"name":"Bioelements","slug":"bioelements-lv"}],"_links":{"self":[{"href":"https:\/\/skinstudio.ee\/lv\/wp-json\/wp\/v2\/product\/79906","targetHints":{"allow":["GET"]}}],"collection":[{"href":"https:\/\/skinstudio.ee\/lv\/wp-json\/wp\/v2\/product"}],"about":[{"href":"https:\/\/skinstudio.ee\/lv\/wp-json\/wp\/v2\/types\/product"}],"version-history":[{"count":1,"href":"https:\/\/skinstudio.ee\/lv\/wp-json\/wp\/v2\/product\/79906\/revisions"}],"predecessor-version":[{"id":79907,"href":"https:\/\/skinstudio.ee\/lv\/wp-json\/wp\/v2\/product\/79906\/revisions\/79907"}],"wp:featuredmedia":[{"embeddable":true,"href":"https:\/\/skinstudio.ee\/lv\/wp-json\/wp\/v2\/media\/67836"}],"wp:attachment":[{"href":"https:\/\/skinstudio.ee\/lv\/wp-json\/wp\/v2\/media?parent=79906"}],"wp:term":[{"taxonomy":"pwb-brand","embeddable":true,"href":"https:\/\/skinstudio.ee\/lv\/wp-json\/wp\/v2\/pwb-brand?post=79906"},{"taxonomy":"product_brand","embeddable":true,"href":"https:\/\/skinstudio.ee\/lv\/wp-json\/wp\/v2\/product_brand?post=79906"},{"taxonomy":"product_cat","embeddable":true,"href":"https:\/\/skinstudio.ee\/lv\/wp-json\/wp\/v2\/product_cat?post=79906"},{"taxonomy":"product_tag","embeddable":true,"href":"https:\/\/skinstudio.ee\/lv\/wp-json\/wp\/v2\/product_tag?post=79906"},{"taxonomy":"giftcard-category","embeddable":true,"href":"https:\/\/skinstudio.ee\/lv\/wp-json\/wp\/v2\/giftcard-category?post=79906"}],"curies":[{"name":"wp","href":"https:\/\/api.w.org\/{rel}","templated":true}]}}