{"id":79913,"date":"2025-08-07T11:10:23","date_gmt":"2025-08-07T11:10:23","guid":{"rendered":"https:\/\/skinstudio.ee\/?post_type=product&#038;p=79913"},"modified":"2026-04-03T09:47:11","modified_gmt":"2026-04-03T09:47:11","slug":"quick-refiner-for-eyes","status":"publish","type":"product","link":"https:\/\/skinstudio.ee\/lv\/catalog\/bioelements-lv\/quick-refiner-for-eyes\/","title":{"rendered":"Quick Refiner for Eyes"},"content":{"rendered":"<p data-start=\"2162\" data-end=\"2405\"><strong data-start=\"2162\" data-end=\"2203\">Quick Refiner for Eyes no Bioelements<\/strong> &#8211; ir maigs atjaunojo\u0161s p\u012blings acu zonai, kas pal\u012bdz veicin\u0101t glud\u0101ku tekst\u016bru un svaig\u0101ku izskatu. Formula ar enz\u012bmiem un AHA sk\u0101b\u0113m pal\u012bdz delik\u0101ti eksfoli\u0113t virsmu, saglab\u0101jot komfortu un l\u012bdzsvaru.<\/p>\n<p data-start=\"2407\" data-end=\"2602\">Viegl\u0101 gela tekst\u016bra veicina maigu atjauno\u0161anos bez smaguma saj\u016btas, savuk\u0101rt augu izcelsmes sast\u0101vda\u013cas pal\u012bdz uztur\u0113t mitrin\u0101\u0161anu un komfortu. Izstr\u0101d\u0101ts saudz\u012bgai kop\u0161anai jut\u012bgajai acu zonai.<\/p>\n<p data-start=\"2604\" data-end=\"2717\"><strong data-start=\"2604\" data-end=\"2645\">Kam piem\u0113rots Quick Refiner for Eyes:<\/strong> acu zonai ar noguruma paz\u012bm\u0113m, nevienm\u0113r\u012bgu tekst\u016bru vai bl\u0101vu izskatu.<\/p>\n<p data-start=\"2719\" data-end=\"2737\"><strong data-start=\"2719\" data-end=\"2731\">Tilpums:<\/strong> 15 ml<\/p>\n","protected":false},"excerpt":{"rendered":"<p data-start=\"2906\" data-end=\"2941\">Maigs atjaunojo\u0161s p\u012blings acu zonai<\/p>\n<h2 data-start=\"2943\" data-end=\"2992\"><strong data-start=\"2943\" data-end=\"2992\">\u012apa\u0161\u012bbas Bioelements &#8211; Quick Refiner for Eyes<\/strong><\/h2>\n<p data-start=\"2994\" data-end=\"3160\">\u2714\ufe0f Maigi eksfoli\u0113 virsmu<br data-start=\"3018\" data-end=\"3021\" \/>\u2714\ufe0f Veicina glud\u0101ku izskatu<br data-start=\"3047\" data-end=\"3050\" \/>\u2714\ufe0f Atsvaidzina acu zonas izskatu<br data-start=\"3082\" data-end=\"3085\" \/>\u2714\ufe0f Veicina vienm\u0113r\u012bg\u0101ku toni<br data-start=\"3113\" data-end=\"3116\" \/>\u2714\ufe0f Pal\u012bdz saglab\u0101t komfortu un mitrin\u0101\u0161anu<\/p>\n","protected":false},"featured_media":67841,"template":"","meta":[],"pwb-brand":[1239],"product_brand":[],"product_cat":[733,719],"product_tag":[],"giftcard-category":[],"class_list":{"0":"post-79913","1":"product","2":"type-product","3":"status-publish","4":"has-post-thumbnail","6":"pwb-brand-bioelements-lv","7":"product_cat-ada-ap-acim","8":"product_cat-skrubji-un-pilingi","10":"first","11":"instock","12":"sale","13":"taxable","14":"shipping-taxable","15":"purchasable","16":"product-type-simple"},"acf":[],"brands":[{"id":1239,"name":"Bioelements","slug":"bioelements-lv"}],"_links":{"self":[{"href":"https:\/\/skinstudio.ee\/lv\/wp-json\/wp\/v2\/product\/79913","targetHints":{"allow":["GET"]}}],"collection":[{"href":"https:\/\/skinstudio.ee\/lv\/wp-json\/wp\/v2\/product"}],"about":[{"href":"https:\/\/skinstudio.ee\/lv\/wp-json\/wp\/v2\/types\/product"}],"version-history":[{"count":1,"href":"https:\/\/skinstudio.ee\/lv\/wp-json\/wp\/v2\/product\/79913\/revisions"}],"predecessor-version":[{"id":79914,"href":"https:\/\/skinstudio.ee\/lv\/wp-json\/wp\/v2\/product\/79913\/revisions\/79914"}],"wp:featuredmedia":[{"embeddable":true,"href":"https:\/\/skinstudio.ee\/lv\/wp-json\/wp\/v2\/media\/67841"}],"wp:attachment":[{"href":"https:\/\/skinstudio.ee\/lv\/wp-json\/wp\/v2\/media?parent=79913"}],"wp:term":[{"taxonomy":"pwb-brand","embeddable":true,"href":"https:\/\/skinstudio.ee\/lv\/wp-json\/wp\/v2\/pwb-brand?post=79913"},{"taxonomy":"product_brand","embeddable":true,"href":"https:\/\/skinstudio.ee\/lv\/wp-json\/wp\/v2\/product_brand?post=79913"},{"taxonomy":"product_cat","embeddable":true,"href":"https:\/\/skinstudio.ee\/lv\/wp-json\/wp\/v2\/product_cat?post=79913"},{"taxonomy":"product_tag","embeddable":true,"href":"https:\/\/skinstudio.ee\/lv\/wp-json\/wp\/v2\/product_tag?post=79913"},{"taxonomy":"giftcard-category","embeddable":true,"href":"https:\/\/skinstudio.ee\/lv\/wp-json\/wp\/v2\/giftcard-category?post=79913"}],"curies":[{"name":"wp","href":"https:\/\/api.w.org\/{rel}","templated":true}]}}