{"id":79920,"date":"2025-08-07T11:09:55","date_gmt":"2025-08-07T11:09:55","guid":{"rendered":"https:\/\/skinstudio.ee\/?post_type=product&#038;p=79920"},"modified":"2026-04-03T09:47:11","modified_gmt":"2026-04-03T09:47:11","slug":"sleepwear-for-eyes","status":"publish","type":"product","link":"https:\/\/skinstudio.ee\/lv\/catalog\/bioelements-lv\/sleepwear-for-eyes\/","title":{"rendered":"Sleepwear For Eyes"},"content":{"rendered":"<p data-start=\"1978\" data-end=\"2254\"><strong data-start=\"1978\" data-end=\"2015\">Sleepwear for Eyes no Bioelements<\/strong> &#8211; ir nakts kr\u0113ms acu zonai, kas pal\u012bdz uztur\u0113t mitrin\u0101\u0161anu un veicina glud\u0101ku izskatu miega laik\u0101. Formula ar kalciju, pept\u012bdiem, hialuronsk\u0101bi un dz\u0113rve\u0146u s\u0113klu e\u013c\u013cu pal\u012bdz saglab\u0101t komfortu un m\u012bkstumu, veicinot kopt\u0101ku izskatu no r\u012bta.<\/p>\n<p data-start=\"2256\" data-end=\"2407\">Barojo\u0161\u0101 tekst\u016bra maigi izklied\u0113jas, pal\u012bdzot samazin\u0101t sausuma saj\u016btu un veicin\u0101t vienm\u0113r\u012bg\u0101ku izskatu delik\u0101taj\u0101 acu zon\u0101. Paredz\u0113ts vakara kop\u0161anai.<\/p>\n<p data-start=\"2409\" data-end=\"2511\"><strong data-start=\"2409\" data-end=\"2446\">Kam piem\u0113rots Sleepwear for Eyes:<\/strong> acu zonai ar noguruma paz\u012bm\u0113m, sausumu un nevienm\u0113r\u012bgu tekst\u016bru.<\/p>\n<p data-start=\"2513\" data-end=\"2531\"><strong data-start=\"2513\" data-end=\"2525\">Tilpums:<\/strong> 15 ml<\/p>\n","protected":false},"excerpt":{"rendered":"<p data-start=\"2601\" data-end=\"2622\">Nakts kr\u0113ms acu zonai<\/p>\n<h2 data-start=\"2624\" data-end=\"2669\"><strong data-start=\"2624\" data-end=\"2669\">\u012apa\u0161\u012bbas Bioelements &#8211; Sleepwear for Eyes<\/strong><\/h2>\n<p data-start=\"2671\" data-end=\"2844\">\u2714\ufe0f Mitrina un m\u012bkstina acu zonu<br data-start=\"2702\" data-end=\"2705\" \/>\u2714\ufe0f Veicina glud\u0101ku izskatu<br data-start=\"2731\" data-end=\"2734\" \/>\u2714\ufe0f Vizu\u0101li samazina smalko l\u012bniju redzam\u012bbu<br data-start=\"2777\" data-end=\"2780\" \/>\u2714\ufe0f Pal\u012bdz mazin\u0101t sausuma saj\u016btu<br data-start=\"2812\" data-end=\"2815\" \/>\u2714\ufe0f Veicina tvirt\u0101ku izskatu<\/p>\n","protected":false},"featured_media":68088,"template":"","meta":[],"pwb-brand":[1239],"product_brand":[],"product_cat":[733,749],"product_tag":[],"giftcard-category":[],"class_list":{"0":"post-79920","1":"product","2":"type-product","3":"status-publish","4":"has-post-thumbnail","6":"pwb-brand-bioelements-lv","7":"product_cat-ada-ap-acim","8":"product_cat-novecojosa-ada","10":"first","11":"instock","12":"taxable","13":"shipping-taxable","14":"purchasable","15":"product-type-simple"},"acf":[],"brands":[{"id":1239,"name":"Bioelements","slug":"bioelements-lv"}],"_links":{"self":[{"href":"https:\/\/skinstudio.ee\/lv\/wp-json\/wp\/v2\/product\/79920","targetHints":{"allow":["GET"]}}],"collection":[{"href":"https:\/\/skinstudio.ee\/lv\/wp-json\/wp\/v2\/product"}],"about":[{"href":"https:\/\/skinstudio.ee\/lv\/wp-json\/wp\/v2\/types\/product"}],"version-history":[{"count":1,"href":"https:\/\/skinstudio.ee\/lv\/wp-json\/wp\/v2\/product\/79920\/revisions"}],"predecessor-version":[{"id":79921,"href":"https:\/\/skinstudio.ee\/lv\/wp-json\/wp\/v2\/product\/79920\/revisions\/79921"}],"wp:featuredmedia":[{"embeddable":true,"href":"https:\/\/skinstudio.ee\/lv\/wp-json\/wp\/v2\/media\/68088"}],"wp:attachment":[{"href":"https:\/\/skinstudio.ee\/lv\/wp-json\/wp\/v2\/media?parent=79920"}],"wp:term":[{"taxonomy":"pwb-brand","embeddable":true,"href":"https:\/\/skinstudio.ee\/lv\/wp-json\/wp\/v2\/pwb-brand?post=79920"},{"taxonomy":"product_brand","embeddable":true,"href":"https:\/\/skinstudio.ee\/lv\/wp-json\/wp\/v2\/product_brand?post=79920"},{"taxonomy":"product_cat","embeddable":true,"href":"https:\/\/skinstudio.ee\/lv\/wp-json\/wp\/v2\/product_cat?post=79920"},{"taxonomy":"product_tag","embeddable":true,"href":"https:\/\/skinstudio.ee\/lv\/wp-json\/wp\/v2\/product_tag?post=79920"},{"taxonomy":"giftcard-category","embeddable":true,"href":"https:\/\/skinstudio.ee\/lv\/wp-json\/wp\/v2\/giftcard-category?post=79920"}],"curies":[{"name":"wp","href":"https:\/\/api.w.org\/{rel}","templated":true}]}}