{"id":80106,"date":"2026-02-12T09:06:21","date_gmt":"2026-02-12T09:06:21","guid":{"rendered":"https:\/\/skinstudio.ee\/?post_type=product&#038;p=80106"},"modified":"2026-02-12T09:12:22","modified_gmt":"2026-02-12T09:12:22","slug":"hyalogy-enzo-powder","status":"publish","type":"product","link":"https:\/\/skinstudio.ee\/lv\/catalog\/forlled\/hyalogy-enzo-powder\/","title":{"rendered":"Hyalogy Enzo Powder"},"content":{"rendered":"<p data-start=\"4002\" data-end=\"4350\"><strong data-start=\"4002\" data-end=\"4036\">Hyalogy Enzo Powder no Forlled<\/strong> ir inteli\u0123ents divk\u0101r\u0161as iedarb\u012bbas enz\u012bmu att\u012bro\u0161s pulveris, kas paredz\u0113ts maigai \u0101das atjauno\u0161anai, nesaboj\u0101jot t\u0101s integrit\u0101ti. Formula apvieno proteol\u012btiskos enz\u012bmus ar Jap\u0101nas bot\u0101nisko ekstraktu kompleksu, nodro\u0161inot delik\u0101tu eksfoli\u0101ciju, kolag\u0113na strukt\u016bru aizsardz\u012bbu un \u0101das lip\u012bdu barjeras atjauno\u0161anu.<\/p>\n<p data-start=\"4352\" data-end=\"4706\">Enz\u012bmu sist\u0113ma darbojas siner\u0123ij\u0101 ar \u0101das dabiskajiem biolo\u0123iskajiem procesiem, pal\u012bdzot no\u0146emt atmiru\u0161\u0101s \u0161\u016bnas bez mikroboj\u0101jumiem un netrauc\u0113jot fiziolo\u0123isko pH l\u012bdzsvaru. Produkts att\u012bra poras, samazina komedonu redzam\u012bbu un izl\u012bdzina \u0101das tekst\u016bru, vienlaikus saglab\u0101jot aizsargfunkcijas un mazinot \u0101r\u0113jo faktoru, tostarp vides pies\u0101r\u0146ojuma, ietekmi.<\/p>\n<p data-start=\"4708\" data-end=\"4931\">Hyalogy Enzo Powder paredz\u0113ts ar\u012b \u0101das aizsardz\u012bbai eksfoli\u0101cijas laik\u0101, nov\u0113r\u0161ot kolag\u0113na degrad\u0101ciju un atbalstot atjauno\u0161an\u0101s procesus bez kairin\u0101juma. Regul\u0101ri lietojot, \u0101da k\u013c\u016bst glud\u0101ka, vizu\u0101li t\u012br\u0101ka un starojo\u0161\u0101ka.<\/p>\n<p data-start=\"4933\" data-end=\"5081\"><strong data-start=\"4933\" data-end=\"4977\">K\u0101dam piem\u0113rots \u0161is att\u012bro\u0161ais pulveris:<\/strong> visiem \u0101das tipiem, \u012bpa\u0161i taukainai un kombin\u0113tai \u0101dai ar papla\u0161in\u0101t\u0101m por\u0101m un tendenci uz komedoniem.<\/p>\n<p data-start=\"5083\" data-end=\"5100\"><strong data-start=\"5083\" data-end=\"5100\">Tilpums: 30 g<\/strong><\/p>\n","protected":false},"excerpt":{"rendered":"<p data-start=\"5418\" data-end=\"5442\">Enz\u012bmu att\u012bro\u0161s pulveris<\/p>\n<h2 data-start=\"5444\" data-end=\"5486\"><strong data-start=\"5444\" data-end=\"5486\">\u012apa\u0161\u012bbas Forlled &#8211; Hyalogy Enzo Powder<\/strong><\/h2>\n<p data-start=\"5488\" data-end=\"5676\">\u2714\ufe0f Dzi\u013ci att\u012bra poras un no\u0146em net\u012brumus<br data-start=\"5528\" data-end=\"5531\" \/>\u2714\ufe0f Izl\u012bdzina \u0101das tekst\u016bru<br data-start=\"5557\" data-end=\"5560\" \/>\u2714\ufe0f Pie\u0161\u0137ir skaidr\u0101ku un starojo\u0161\u0101ku izskatu<br data-start=\"5603\" data-end=\"5606\" \/>\u2714\ufe0f Aizsarg\u0101 kolag\u0113nu eksfoli\u0101cijas laik\u0101<br data-start=\"5646\" data-end=\"5649\" \/>\u2714\ufe0f Atst\u0101j \u0101du t\u012bru un gludu<\/p>\n","protected":false},"featured_media":80098,"template":"","meta":[],"pwb-brand":[776],"product_brand":[],"product_cat":[719,747],"product_tag":[],"giftcard-category":[],"class_list":{"0":"post-80106","1":"product","2":"type-product","3":"status-publish","4":"has-post-thumbnail","6":"pwb-brand-forlled","7":"product_cat-skrubji-un-pilingi","8":"product_cat-taukainai-adai","10":"first","11":"instock","12":"taxable","13":"shipping-taxable","14":"purchasable","15":"product-type-simple"},"acf":[],"brands":[{"id":776,"name":"Forlled","slug":"forlled"}],"_links":{"self":[{"href":"https:\/\/skinstudio.ee\/lv\/wp-json\/wp\/v2\/product\/80106","targetHints":{"allow":["GET"]}}],"collection":[{"href":"https:\/\/skinstudio.ee\/lv\/wp-json\/wp\/v2\/product"}],"about":[{"href":"https:\/\/skinstudio.ee\/lv\/wp-json\/wp\/v2\/types\/product"}],"version-history":[{"count":1,"href":"https:\/\/skinstudio.ee\/lv\/wp-json\/wp\/v2\/product\/80106\/revisions"}],"predecessor-version":[{"id":80107,"href":"https:\/\/skinstudio.ee\/lv\/wp-json\/wp\/v2\/product\/80106\/revisions\/80107"}],"wp:featuredmedia":[{"embeddable":true,"href":"https:\/\/skinstudio.ee\/lv\/wp-json\/wp\/v2\/media\/80098"}],"wp:attachment":[{"href":"https:\/\/skinstudio.ee\/lv\/wp-json\/wp\/v2\/media?parent=80106"}],"wp:term":[{"taxonomy":"pwb-brand","embeddable":true,"href":"https:\/\/skinstudio.ee\/lv\/wp-json\/wp\/v2\/pwb-brand?post=80106"},{"taxonomy":"product_brand","embeddable":true,"href":"https:\/\/skinstudio.ee\/lv\/wp-json\/wp\/v2\/product_brand?post=80106"},{"taxonomy":"product_cat","embeddable":true,"href":"https:\/\/skinstudio.ee\/lv\/wp-json\/wp\/v2\/product_cat?post=80106"},{"taxonomy":"product_tag","embeddable":true,"href":"https:\/\/skinstudio.ee\/lv\/wp-json\/wp\/v2\/product_tag?post=80106"},{"taxonomy":"giftcard-category","embeddable":true,"href":"https:\/\/skinstudio.ee\/lv\/wp-json\/wp\/v2\/giftcard-category?post=80106"}],"curies":[{"name":"wp","href":"https:\/\/api.w.org\/{rel}","templated":true}]}}